{"id":5265,"date":"2021-03-31T10:26:58","date_gmt":"2021-03-31T08:26:58","guid":{"rendered":"https:\/\/www.campingdespins.fr\/camping-animations-soulac-sur-mer\/"},"modified":"2024-12-03T14:50:51","modified_gmt":"2024-12-03T13:50:51","slug":"camping-animationen-soulac-sur-mer","status":"publish","type":"page","link":"https:\/\/www.campingdespins.fr\/de\/camping-animationen-soulac-sur-mer\/","title":{"rendered":"Activit\u00e9s : Animations et soir\u00e9es"},"content":{"rendered":"<section id=\"section-6064414b26ae1\"\" class=\"section bg-white p-t-0\" \/><div class=\"container extralarge\"><div class=\"colonnes-wrap valign-middle \"><div class=\"element colonne w-40 p-t-0\"><div class=\"element images\"><div class=\"image\"><img decoding=\"async\" src=\"https:\/\/www.campingdespins.fr\/wp-content\/uploads\/2021\/05\/concert-animation-soulac.jpg\" data-src=\"https:\/\/www.campingdespins.fr\/wp-content\/uploads\/2021\/05\/concert-animation-soulac.jpg\" alt=\"concert animation soulac\" class=\"images_image nofilter\" \/><\/div><\/div><\/div><div class=\"element colonne w-60 p-x-4 p-y-4\"><h1 class=\"element section-title left color2\">Campingplatz mit Unterhaltung<\/h1><div class=\"element bloc-text justify \">\n\t<p>Die Erinnerung an Ihren Urlaub ist auch ein sch\u00f6ner <strong>Sommerabend<\/strong> auf dem Campingplatz. Hier sorgen wir daf\u00fcr, dass sich jeder wohl f\u00fchlt, unabh\u00e4ngig von Alter und sozialem Status. Wir leben, atmen, respektieren uns gegenseitig und teilen mit einem L\u00e4cheln! Das ist es, worum es uns geht.<\/p>\n<p>Sie k\u00f6nnen selbst entscheiden, was Ihnen zusagt: ein Aperitif auf der<strong> Terrasse von Fr\u00e8res Nicoll&#8217;s<\/strong> in der Cabane du Capitaine, ein Blindtest unter der Leitung des Freizeitteams der Gironde, eine Bogenschie\u00dfstunde oder eine Yogastunde? Ein Treffen mit dem Gewinner von Koh-Lanta oder ein Konzertabend unter den Lichtern der Nicolls-Br\u00fcder?<\/p>\n<\/div><h2 class=\"element section-title left color1\">Die Paradis-Konzerte<\/h2><div class=\"element bloc-text justify \">\n\t<p>Dieses Jahr bieten wir Ihnen eine Tour der Sterne auf dem <strong>Campingplatz Paradis<\/strong> des Pins Soulac an. Sterne, Sterne und Sterne, den ganzen Sommer lang!<\/p>\n<p>Kennen Sie The Voice? Kennen Sie Koh-Lanta? M\u00f6gen Sie die Stars der 80er Jahre? Das sollten Sie auch, denn jeden Montagabend wird ein TF1-<strong>VIP<\/strong> bei uns auf dem Camping des Pins zu Gast sein. Austausch, Emotionen, Autogrammstunden mit Ihnen, ein unvergesslicher Urlaubsmoment!<\/p>\n<p>Auf dem Programm der <strong>Paradis-Tournee<\/strong> f\u00fcr diesen Sommer:<\/p>\n<ul>\n<li>Der Monat <strong>Juli<\/strong>\n<ul>\n<li>Montag, 26. Juli \/ Ahmed M, Pow Wow-Gruppe<\/li>\n<\/ul>\n<\/li>\n<li>Der Monat <strong>August<\/strong>\n<ul>\n<li>Montag, 2. August \/ Gage, Die Stimme<\/li>\n<li>Montag, 9. August \/ Francky Vincent<\/li>\n<li>Montag, 23. August \/ Hobbs, Die Stimme<\/li>\n<\/ul>\n<\/li>\n<\/ul>\n<\/div><\/div><\/div><\/div><\/section>\n\n<section id=\"section-6064414b26c55\"\" class=\"section bg-white p-t-0 p-b-0\" \/><div class=\"container full\"><div class=\"element images\"><div class=\"image\"><img decoding=\"async\" src=\"https:\/\/www.campingdespins.fr\/wp-content\/uploads\/2021\/05\/skate-activite-gironde-1.jpg\" data-src=\"https:\/\/www.campingdespins.fr\/wp-content\/uploads\/2021\/05\/skate-activite-gironde-1.jpg\" alt=\"skate activite gironde\" class=\"images_image\" \/><\/div><div class=\"image\"><img decoding=\"async\" src=\"https:\/\/www.campingdespins.fr\/wp-content\/uploads\/2021\/05\/activite-petanque-soulac.jpg\" data-src=\"https:\/\/www.campingdespins.fr\/wp-content\/uploads\/2021\/05\/activite-petanque-soulac.jpg\" alt=\"activite petanque soulac\" class=\"images_image\" \/><\/div><\/div><\/div><\/section>\n\n<section id=\"section-6064414b26e8d\"\" class=\"section bg-white p-t-0 p-b-0\" \/><div class=\"container full\"><div class=\"colonnes-wrap valign-middle \"><div class=\"element colonne p-0\"><div class=\"element images\"><div class=\"image\"><img decoding=\"async\" src=\"https:\/\/www.campingdespins.fr\/wp-content\/uploads\/2021\/04\/concert-soulac-2.jpg\" data-src=\"https:\/\/www.campingdespins.fr\/wp-content\/uploads\/2021\/04\/concert-soulac-2.jpg\" alt=\"concert soulac\" class=\"images_image\" \/><\/div><\/div><\/div><div class=\"element colonne p-x-6\"><h2 class=\"element section-title left\">Fr\u00e8res Nicoll&#8217;s<\/h2><div class=\"element bloc-text justify \">\n\t<p>Die Konzerte der <strong>Nicoll&#8217;s Brothers<\/strong> finden den ganzen Sommer \u00fcber einmal w\u00f6chentlich freitags statt &#8211; zum gr\u00f6\u00dften Vergn\u00fcgen f\u00fcr Ihre Ohren! Ein spezielles Programm, das f\u00fcr Sie ausgew\u00e4hlt wurde und das Sie in der Region oder in Soulac nicht finden werden. Bands oder Solos, Rock, Akustik, Folk, Reggae.<\/p>\n<p>Sie werden etwas f\u00fcr sich, Ihre Kinder und Ihre<strong> Freunde haben<\/strong>! Sie k\u00f6nnen dem Konzert lauschen, w\u00e4hrend Sie ein Getr\u00e4nk oder eines unserer Gerichte zu sich nehmen. Vergessen Sie nicht, Ihren Tisch zu reservieren, denn im Sommer sind wir an diesen Abenden oft ausgebucht.<\/p>\n<p>Um zu reservieren, rufen Sie uns bitte an (05 56 41 85 94), Ihre Reservierung wird mit Sicherheit angenommen.<br \/>\nWebsite:<a href=\"https:\/\/lesfreresnicolls.com\/\"> lesfreresnicolls.com<\/a><\/p>\n<p>Auf dem Programm f\u00fcr diesen Sommer von den Nicoll Brothers:<\/p>\n<ul>\n<li>Der Monat <strong>Juni<\/strong>\n<ul>\n<li>Samstag, 12. Juni \/ Dj Mix Thelma<\/li>\n<li>Samstag, 26. Juni \/ Brigitte<\/li>\n<\/ul>\n<\/li>\n<\/ul>\n<p>&nbsp;<\/p>\n<ul>\n<li>Der Monat <strong>Juli<\/strong>\n<ul>\n<li>Freitag, 2. Juli \/ Caracolage<\/li>\n<li>Freitag, 9. Juli \/ Wise Beavers Band<\/li>\n<li>Donnerstag, 21. Juli \/ Penelope und Georges Kaplan<\/li>\n<li>Freitag, 30. Juli \/ G.Thunderbird &amp; The Roadrunners<\/li>\n<\/ul>\n<\/li>\n<\/ul>\n<\/div><\/div><\/div><\/div><\/section>\n\n<section id=\"section-60ba1bb070fbd\"\" class=\"section bg-white p-t-0 p-b-0\" \/><div class=\"container full\"><div class=\"colonnes-wrap valign-top \"><div class=\"element colonne \"><div class=\"element bloc-text justify \">\n\t<ul>\n<li class=\"m-t-3\">Der Monat <strong>August<\/strong>\n<ul>\n<li class=\"m-t-3\">Freitag, 6. August \/ Dj Mix Black Bass Society<\/li>\n<li class=\"m-t-3\">Freitag, 13. August \/ Miss DJ Nat<\/li>\n<li class=\"m-t-3\">Freitag, 20. August \/ G.Thunderbird &amp; The Roadrunners<\/li>\n<li class=\"m-t-3\">Freitag, 27. August \/ Dj Mix Thelma<\/li>\n<\/ul>\n<\/li>\n<\/ul>\n<\/div><h2 class=\"element section-title left\">Thematische Abende<\/h2><div class=\"element bloc-text justify \">\n\t<p>Unser Animationsteam bietet Ihnen tags\u00fcber verschiedene Aktivit\u00e4ten an, darunter den Gironde-<strong>Kinderclub<\/strong>, und bereitet jedes Jahr einige Abende f\u00fcr Ihre Ferienwoche in der Mitte der Sommersaison vor. Es werden verschiedene Aktivit\u00e4ten f\u00fcr Sie und Ihre Familie angeboten: Sportabende, Spiele, Blindentests, die ber\u00fchmte <strong>Fiesta Boom Boom<\/strong> am Ende Ihres Aufenthalts usw.<br \/>\nDas Unterhaltungsprogramm finden Sie jeden Sonntagabend beim Begr\u00fc\u00dfungsgetr\u00e4nk.<\/p>\n<\/div><\/div><div class=\"element colonne \"><div class=\"element images\"><div class=\"image\"><img decoding=\"async\" src=\"https:\/\/www.campingdespins.fr\/wp-content\/uploads\/2021\/05\/concert-restaurant-gironde.jpg\" data-src=\"https:\/\/www.campingdespins.fr\/wp-content\/uploads\/2021\/05\/concert-restaurant-gironde.jpg\" alt=\"concert medoc\" class=\"images_image\" \/><\/div><\/div><\/div><\/div><\/div><\/section>\n\n<section id=\"section-6064414b2708d\"\" class=\"section bg-white\" \/><div class=\"container extralarge\"><div class=\"element section-title center titre-cta\">Entdecken Sie unseren Kinderclub und unser Freizeitangebot auf dem Campingplatz<\/div><ul class=\"liste-de-page\"><li class=\"element call-to-action carre call-to-action--style-1 call-to-action--normal\"><a href=\"https:\/\/www.campingdespins.fr\/de\/campingplatze-club-kinder-soulac-sur-mer\/\"  class=\"call-to-action_link\" title=\"En savoir plus sur kinderclub in soulac\"><div class=\"call-to-action_image\"><img decoding=\"async\" src=\"https:\/\/www.campingdespins.fr\/wp-content\/uploads\/2021\/04\/enfant-bouee-soulac.jpg\" data-src=\"https:\/\/www.campingdespins.fr\/wp-content\/uploads\/2021\/04\/enfant-bouee-soulac.jpg\" alt=\"enfant bouee soulac\" class=\"normal\" \/><\/div><div class=\"call-to-action_contenu\"><div class=\"call-to-action_titre\">Kinderclub in Soulac<\/div><\/div><\/a><\/li><li class=\"element call-to-action carre call-to-action--style-1 call-to-action--normal call-to-action--style-1 call-to-action--normal\"><a href=\"https:\/\/www.campingdespins.fr\/de\/camping-aktivitaeten-soulac-sur-mer\/\"  class=\"call-to-action_link\" title=\"En savoir plus sur aktivit\u00e4ten in soulac-sur-mer\"><div class=\"call-to-action_image\"><img decoding=\"async\" src=\"https:\/\/www.campingdespins.fr\/wp-content\/uploads\/2021\/05\/vtt-sport-gironde-1.jpg\" data-src=\"https:\/\/www.campingdespins.fr\/wp-content\/uploads\/2021\/05\/vtt-sport-gironde-1.jpg\" alt=\"vtt sport gironde\" class=\"normal\" \/><\/div><div class=\"call-to-action_contenu\"><div class=\"call-to-action_titre\">Aktivit\u00e4ten in Soulac-sur-Mer<\/div><\/div><\/a><\/li><li class=\"element call-to-action carre call-to-action--style-1 call-to-action--normal call-to-action--style-1 call-to-action--normal call-to-action--style-1 call-to-action--normal\"><a href=\"https:\/\/www.campingdespins.fr\/de\/tourismus-soulac-sur-mer\/tourismus-aktivitaten-soulac-sur-mer\/\"  class=\"call-to-action_link\" title=\"En savoir plus sur aktivit\u00e4ten in der gironde\"><div class=\"call-to-action_image\"><img decoding=\"async\" src=\"https:\/\/www.campingdespins.fr\/wp-content\/uploads\/2021\/05\/velo-soulac-1.jpg\" data-src=\"https:\/\/www.campingdespins.fr\/wp-content\/uploads\/2021\/05\/velo-soulac-1.jpg\" alt=\"velo soulac\" class=\"normal\" \/><\/div><div class=\"call-to-action_contenu\"><div class=\"call-to-action_titre\">Aktivit\u00e4ten in der Gironde<\/div><\/div><\/a><\/li><\/ul><\/div><\/section>","protected":false},"excerpt":{"rendered":"","protected":false},"author":1,"featured_media":4023,"parent":0,"menu_order":0,"comment_status":"closed","ping_status":"closed","template":"","meta":{"_acf_changed":false,"footnotes":""},"class_list":["post-5265","page","type-page","status-publish","has-post-thumbnail","hentry"],"acf":[],"yoast_head":"<!-- This site is optimized with the Yoast SEO plugin v25.8 - https:\/\/yoast.com\/wordpress\/plugins\/seo\/ -->\n<title>Campingplatz mit Unterhaltung in Frankreich, in Soulac sur Mer<\/title>\n<meta name=\"description\" content=\"Genie\u00dfen Sie einen Campingplatz mit Unterhaltung in Frankreich! Ideal f\u00fcr Familien, mit Unterhaltung und Entspannung in einer herrlichen Umgebung.\" \/>\n<meta name=\"robots\" content=\"index, follow, max-snippet:-1, max-image-preview:large, max-video-preview:-1\" \/>\n<link rel=\"canonical\" href=\"https:\/\/www.campingdespins.fr\/de\/camping-animationen-soulac-sur-mer\/\" \/>\n<meta property=\"og:locale\" content=\"de_DE\" \/>\n<meta property=\"og:type\" content=\"article\" \/>\n<meta property=\"og:title\" content=\"Campingplatz mit Unterhaltung in Frankreich, in Soulac sur Mer\" \/>\n<meta property=\"og:description\" content=\"Genie\u00dfen Sie einen Campingplatz mit Unterhaltung in Frankreich! Ideal f\u00fcr Familien, mit Unterhaltung und Entspannung in einer herrlichen Umgebung.\" \/>\n<meta property=\"og:url\" content=\"https:\/\/www.campingdespins.fr\/de\/camping-animationen-soulac-sur-mer\/\" \/>\n<meta property=\"og:site_name\" content=\"Camping des Pins\" \/>\n<meta property=\"article:modified_time\" content=\"2024-12-03T13:50:51+00:00\" \/>\n<meta property=\"og:image\" content=\"https:\/\/www.campingdespins.fr\/wp-content\/uploads\/2021\/05\/volley-activite-soulac.jpg\" \/>\n\t<meta property=\"og:image:width\" content=\"1904\" \/>\n\t<meta property=\"og:image:height\" content=\"500\" \/>\n\t<meta property=\"og:image:type\" content=\"image\/jpeg\" \/>\n<meta name=\"twitter:card\" content=\"summary_large_image\" \/>\n<meta name=\"twitter:label1\" content=\"Gesch\u00e4tzte Lesezeit\" \/>\n\t<meta name=\"twitter:data1\" content=\"1\u00a0Minute\" \/>\n<script type=\"application\/ld+json\" class=\"yoast-schema-graph\">{\"@context\":\"https:\/\/schema.org\",\"@graph\":[{\"@type\":\"WebPage\",\"@id\":\"https:\/\/www.campingdespins.fr\/de\/camping-animationen-soulac-sur-mer\/\",\"url\":\"https:\/\/www.campingdespins.fr\/de\/camping-animationen-soulac-sur-mer\/\",\"name\":\"Campingplatz mit Unterhaltung in Frankreich, in Soulac sur Mer\",\"isPartOf\":{\"@id\":\"https:\/\/www.campingdespins.fr\/de\/#website\"},\"primaryImageOfPage\":{\"@id\":\"https:\/\/www.campingdespins.fr\/de\/camping-animationen-soulac-sur-mer\/#primaryimage\"},\"image\":{\"@id\":\"https:\/\/www.campingdespins.fr\/de\/camping-animationen-soulac-sur-mer\/#primaryimage\"},\"thumbnailUrl\":\"https:\/\/www.campingdespins.fr\/wp-content\/uploads\/2021\/05\/volley-activite-soulac.jpg\",\"datePublished\":\"2021-03-31T08:26:58+00:00\",\"dateModified\":\"2024-12-03T13:50:51+00:00\",\"description\":\"Genie\u00dfen Sie einen Campingplatz mit Unterhaltung in Frankreich! Ideal f\u00fcr Familien, mit Unterhaltung und Entspannung in einer herrlichen Umgebung.\",\"breadcrumb\":{\"@id\":\"https:\/\/www.campingdespins.fr\/de\/camping-animationen-soulac-sur-mer\/#breadcrumb\"},\"inLanguage\":\"de\",\"potentialAction\":[{\"@type\":\"ReadAction\",\"target\":[\"https:\/\/www.campingdespins.fr\/de\/camping-animationen-soulac-sur-mer\/\"]}]},{\"@type\":\"ImageObject\",\"inLanguage\":\"de\",\"@id\":\"https:\/\/www.campingdespins.fr\/de\/camping-animationen-soulac-sur-mer\/#primaryimage\",\"url\":\"https:\/\/www.campingdespins.fr\/wp-content\/uploads\/2021\/05\/volley-activite-soulac.jpg\",\"contentUrl\":\"https:\/\/www.campingdespins.fr\/wp-content\/uploads\/2021\/05\/volley-activite-soulac.jpg\",\"width\":1904,\"height\":500,\"caption\":\"volley activite soulac\"},{\"@type\":\"BreadcrumbList\",\"@id\":\"https:\/\/www.campingdespins.fr\/de\/camping-animationen-soulac-sur-mer\/#breadcrumb\",\"itemListElement\":[{\"@type\":\"ListItem\",\"position\":1,\"name\":\"Camping Soulac sur Mer\",\"item\":\"https:\/\/www.campingdespins.fr\/de\/\"},{\"@type\":\"ListItem\",\"position\":2,\"name\":\"Veranstaltungen, Feste, Konzerte Gironde\"}]},{\"@type\":\"WebSite\",\"@id\":\"https:\/\/www.campingdespins.fr\/de\/#website\",\"url\":\"https:\/\/www.campingdespins.fr\/de\/\",\"name\":\"Camping des Pins\",\"description\":\"\",\"publisher\":{\"@id\":\"https:\/\/www.campingdespins.fr\/de\/#organization\"},\"potentialAction\":[{\"@type\":\"SearchAction\",\"target\":{\"@type\":\"EntryPoint\",\"urlTemplate\":\"https:\/\/www.campingdespins.fr\/de\/?s={search_term_string}\"},\"query-input\":{\"@type\":\"PropertyValueSpecification\",\"valueRequired\":true,\"valueName\":\"search_term_string\"}}],\"inLanguage\":\"de\"},{\"@type\":\"Organization\",\"@id\":\"https:\/\/www.campingdespins.fr\/de\/#organization\",\"name\":\"Camping des pins Soulac\",\"url\":\"https:\/\/www.campingdespins.fr\/de\/\",\"logo\":{\"@type\":\"ImageObject\",\"inLanguage\":\"de\",\"@id\":\"https:\/\/www.campingdespins.fr\/de\/#\/schema\/logo\/image\/\",\"url\":\"https:\/\/www.campingdespins.fr\/wp-content\/uploads\/2021\/03\/camping-pin-soulac-logo.png\",\"contentUrl\":\"https:\/\/www.campingdespins.fr\/wp-content\/uploads\/2021\/03\/camping-pin-soulac-logo.png\",\"width\":200,\"height\":212,\"caption\":\"Camping des pins Soulac\"},\"image\":{\"@id\":\"https:\/\/www.campingdespins.fr\/de\/#\/schema\/logo\/image\/\"}}]}<\/script>\n<!-- \/ Yoast SEO plugin. -->","yoast_head_json":{"title":"Campingplatz mit Unterhaltung in Frankreich, in Soulac sur Mer","description":"Genie\u00dfen Sie einen Campingplatz mit Unterhaltung in Frankreich! Ideal f\u00fcr Familien, mit Unterhaltung und Entspannung in einer herrlichen Umgebung.","robots":{"index":"index","follow":"follow","max-snippet":"max-snippet:-1","max-image-preview":"max-image-preview:large","max-video-preview":"max-video-preview:-1"},"canonical":"https:\/\/www.campingdespins.fr\/de\/camping-animationen-soulac-sur-mer\/","og_locale":"de_DE","og_type":"article","og_title":"Campingplatz mit Unterhaltung in Frankreich, in Soulac sur Mer","og_description":"Genie\u00dfen Sie einen Campingplatz mit Unterhaltung in Frankreich! Ideal f\u00fcr Familien, mit Unterhaltung und Entspannung in einer herrlichen Umgebung.","og_url":"https:\/\/www.campingdespins.fr\/de\/camping-animationen-soulac-sur-mer\/","og_site_name":"Camping des Pins","article_modified_time":"2024-12-03T13:50:51+00:00","og_image":[{"width":1904,"height":500,"url":"https:\/\/www.campingdespins.fr\/wp-content\/uploads\/2021\/05\/volley-activite-soulac.jpg","type":"image\/jpeg"}],"twitter_card":"summary_large_image","twitter_misc":{"Gesch\u00e4tzte Lesezeit":"1\u00a0Minute"},"schema":{"@context":"https:\/\/schema.org","@graph":[{"@type":"WebPage","@id":"https:\/\/www.campingdespins.fr\/de\/camping-animationen-soulac-sur-mer\/","url":"https:\/\/www.campingdespins.fr\/de\/camping-animationen-soulac-sur-mer\/","name":"Campingplatz mit Unterhaltung in Frankreich, in Soulac sur Mer","isPartOf":{"@id":"https:\/\/www.campingdespins.fr\/de\/#website"},"primaryImageOfPage":{"@id":"https:\/\/www.campingdespins.fr\/de\/camping-animationen-soulac-sur-mer\/#primaryimage"},"image":{"@id":"https:\/\/www.campingdespins.fr\/de\/camping-animationen-soulac-sur-mer\/#primaryimage"},"thumbnailUrl":"https:\/\/www.campingdespins.fr\/wp-content\/uploads\/2021\/05\/volley-activite-soulac.jpg","datePublished":"2021-03-31T08:26:58+00:00","dateModified":"2024-12-03T13:50:51+00:00","description":"Genie\u00dfen Sie einen Campingplatz mit Unterhaltung in Frankreich! Ideal f\u00fcr Familien, mit Unterhaltung und Entspannung in einer herrlichen Umgebung.","breadcrumb":{"@id":"https:\/\/www.campingdespins.fr\/de\/camping-animationen-soulac-sur-mer\/#breadcrumb"},"inLanguage":"de","potentialAction":[{"@type":"ReadAction","target":["https:\/\/www.campingdespins.fr\/de\/camping-animationen-soulac-sur-mer\/"]}]},{"@type":"ImageObject","inLanguage":"de","@id":"https:\/\/www.campingdespins.fr\/de\/camping-animationen-soulac-sur-mer\/#primaryimage","url":"https:\/\/www.campingdespins.fr\/wp-content\/uploads\/2021\/05\/volley-activite-soulac.jpg","contentUrl":"https:\/\/www.campingdespins.fr\/wp-content\/uploads\/2021\/05\/volley-activite-soulac.jpg","width":1904,"height":500,"caption":"volley activite soulac"},{"@type":"BreadcrumbList","@id":"https:\/\/www.campingdespins.fr\/de\/camping-animationen-soulac-sur-mer\/#breadcrumb","itemListElement":[{"@type":"ListItem","position":1,"name":"Camping Soulac sur Mer","item":"https:\/\/www.campingdespins.fr\/de\/"},{"@type":"ListItem","position":2,"name":"Veranstaltungen, Feste, Konzerte Gironde"}]},{"@type":"WebSite","@id":"https:\/\/www.campingdespins.fr\/de\/#website","url":"https:\/\/www.campingdespins.fr\/de\/","name":"Camping des Pins","description":"","publisher":{"@id":"https:\/\/www.campingdespins.fr\/de\/#organization"},"potentialAction":[{"@type":"SearchAction","target":{"@type":"EntryPoint","urlTemplate":"https:\/\/www.campingdespins.fr\/de\/?s={search_term_string}"},"query-input":{"@type":"PropertyValueSpecification","valueRequired":true,"valueName":"search_term_string"}}],"inLanguage":"de"},{"@type":"Organization","@id":"https:\/\/www.campingdespins.fr\/de\/#organization","name":"Camping des pins Soulac","url":"https:\/\/www.campingdespins.fr\/de\/","logo":{"@type":"ImageObject","inLanguage":"de","@id":"https:\/\/www.campingdespins.fr\/de\/#\/schema\/logo\/image\/","url":"https:\/\/www.campingdespins.fr\/wp-content\/uploads\/2021\/03\/camping-pin-soulac-logo.png","contentUrl":"https:\/\/www.campingdespins.fr\/wp-content\/uploads\/2021\/03\/camping-pin-soulac-logo.png","width":200,"height":212,"caption":"Camping des pins Soulac"},"image":{"@id":"https:\/\/www.campingdespins.fr\/de\/#\/schema\/logo\/image\/"}}]}},"_links":{"self":[{"href":"https:\/\/www.campingdespins.fr\/de\/wp-json\/wp\/v2\/pages\/5265","targetHints":{"allow":["GET"]}}],"collection":[{"href":"https:\/\/www.campingdespins.fr\/de\/wp-json\/wp\/v2\/pages"}],"about":[{"href":"https:\/\/www.campingdespins.fr\/de\/wp-json\/wp\/v2\/types\/page"}],"author":[{"embeddable":true,"href":"https:\/\/www.campingdespins.fr\/de\/wp-json\/wp\/v2\/users\/1"}],"replies":[{"embeddable":true,"href":"https:\/\/www.campingdespins.fr\/de\/wp-json\/wp\/v2\/comments?post=5265"}],"version-history":[{"count":4,"href":"https:\/\/www.campingdespins.fr\/de\/wp-json\/wp\/v2\/pages\/5265\/revisions"}],"predecessor-version":[{"id":8320,"href":"https:\/\/www.campingdespins.fr\/de\/wp-json\/wp\/v2\/pages\/5265\/revisions\/8320"}],"wp:featuredmedia":[{"embeddable":true,"href":"https:\/\/www.campingdespins.fr\/de\/wp-json\/wp\/v2\/media\/4023"}],"wp:attachment":[{"href":"https:\/\/www.campingdespins.fr\/de\/wp-json\/wp\/v2\/media?parent=5265"}],"curies":[{"name":"wp","href":"https:\/\/api.w.org\/{rel}","templated":true}]}}