{"id":5269,"date":"2021-03-31T10:26:50","date_gmt":"2021-03-31T08:26:50","guid":{"rendered":"https:\/\/www.campingdespins.fr\/camping-club-enfants-soulac-sur-mer\/"},"modified":"2024-12-03T14:54:32","modified_gmt":"2024-12-03T13:54:32","slug":"campingplatze-club-kinder-soulac-sur-mer","status":"publish","type":"page","link":"https:\/\/www.campingdespins.fr\/de\/campingplatze-club-kinder-soulac-sur-mer\/","title":{"rendered":"Activit\u00e9s : Club enfant"},"content":{"rendered":"<section id=\"section-6064414b26ae1\"\" class=\"section bg-white p-t-0\" \/><div class=\"container extralarge\"><div class=\"colonnes-wrap valign-top \"><div class=\"element colonne w-40 p-t-0\"><div class=\"element images\"><div class=\"image\"><img decoding=\"async\" src=\"https:\/\/www.campingdespins.fr\/wp-content\/uploads\/2021\/04\/soulac-club-enfants-1.jpg\" data-src=\"https:\/\/www.campingdespins.fr\/wp-content\/uploads\/2021\/04\/soulac-club-enfants-1.jpg\" alt=\"soulac club enfants\" class=\"images_image\" \/><\/div><\/div><\/div><div class=\"element colonne w-60 p-x-4 p-y-4\"><h1 class=\"element section-title left color2\">KINDERCLUB Soulac-sur-Mer <\/h1><div class=\"element bloc-text justify \">\n\t<p>Der Kids Club bietet Ihnen die M\u00f6glichkeit, einen tollen Urlaub zu verbringen, ohne dass Sie sich wie den Rest des Jahres um die Aktivit\u00e4ten Ihrer Kinder k\u00fcmmern m\u00fcssen. Alles ist vor Ort konzentriert, damit Sie Ihre Zeit genie\u00dfen, durchatmen und entspannen k\u00f6nnen. Auf dem Camping des Pins bietet unser Animationsteam betreute Aktivit\u00e4ten f\u00fcr Kinder<strong> von 3 bis 12<\/strong> Jahren an.<\/p>\n<p>Kinder unter 6 Jahren m\u00fcssen bei allen Aktivit\u00e4ten von einem ihrer Elternteile begleitet werden. Kinder im Alter v<strong>on 6 bis 12<\/strong> Jahren k\u00f6nnen bei der Mannschaft bleiben, wenn sie f\u00fcr die Dauer der <strong>Aktivit\u00e4t eine elterliche Genehmigung<\/strong>\u00a0ihrer Eltern unterschreiben.<\/p>\n<\/div><\/div><\/div><\/div><\/section>\n\n<section id=\"section-6064414b26c55\"\" class=\"section bg-white p-t-0 p-b-0\" \/><div class=\"container full\"><div class=\"element images\"><div class=\"image\"><img decoding=\"async\" src=\"https:\/\/www.campingdespins.fr\/wp-content\/uploads\/2021\/04\/chasse-tresor-soulac.jpg\" data-src=\"https:\/\/www.campingdespins.fr\/wp-content\/uploads\/2021\/04\/chasse-tresor-soulac.jpg\" alt=\"chasse tresor soulac\" class=\"images_image\" \/><\/div><div class=\"image\"><img decoding=\"async\" src=\"https:\/\/www.campingdespins.fr\/wp-content\/uploads\/2021\/04\/soulac-jeux-enfants.jpg\" data-src=\"https:\/\/www.campingdespins.fr\/wp-content\/uploads\/2021\/04\/soulac-jeux-enfants.jpg\" alt=\"soulac jeux enfants\" class=\"images_image\" \/><\/div><\/div><\/div><\/section>\n\n<section id=\"section-6064414b26e8d\"\" class=\"section bg-white p-t-0 p-b-0\" \/><div class=\"container full\"><div class=\"colonnes-wrap valign-middle \"><div class=\"element colonne p-0\"><div class=\"element images\"><div class=\"image\"><img decoding=\"async\" src=\"https:\/\/www.campingdespins.fr\/wp-content\/uploads\/2021\/04\/soulac-activites-enfants-3.jpg\" data-src=\"https:\/\/www.campingdespins.fr\/wp-content\/uploads\/2021\/04\/soulac-activites-enfants-3.jpg\" alt=\"soulac activites enfants\" class=\"images_image\" \/><\/div><\/div><\/div><div class=\"element colonne p-x-6\"><h2 class=\"element section-title left\">Musikalisches Erwachen<\/h2><div class=\"element bloc-text justify \">\n\t<p><strong>Mit Musik die Sinne wecken<\/strong> &#8211; das bieten wir auf dem Campingplatz Soulac-sur-Mer f\u00fcr die Kleinen.<strong> Die Idee ist<\/strong>, durch die Entdeckung von Liedern, Rhythmen und Instrumenten eine soziale Verbindung zwischen den Kindern herzustellen. Ohne auf eine psychologische Studie einzugehen, ist es f\u00fcr sie ein entspannender, magischer Moment, der ihrer Konzentration, ihrem Spracherwerb, ihrer Kreativit\u00e4t und manchmal sogar ihren motorischen F\u00e4higkeiten zugute kommt. Wir sind alle f\u00fcr diese Aktivit\u00e4t, die Ihnen ebenso viel Freude bereiten wird wie Ihrem Baby oder Kind.<\/p>\n<\/div><h2 class=\"element section-title left\">Die Schatzsuche<\/h2><div class=\"element bloc-text justify \">\n\t<p>Eine Woche auf dem Campingplatz ohne eine vom Animationsteam organisierte <strong>Die Schatzsuche<\/strong>?\u00a0Unm\u00f6glich auf dem Campingplatz von Soulac-sur-Mer! Das ist der Moment, auf den die Kinder warten, um Teams zu bilden, ein Abenteuer zu erleben, den Schatz zu finden und das Spiel zu gewinnen!<br \/>\nJede Woche organisiert das Team eine Schatzsuche zur Freude Ihrer Kinder.<\/p>\n<\/div><h2 class=\"element section-title left m-t-4\">Das Programm der Veranstaltungen<\/h2><div class=\"element bloc-text justify \">\n\t<p>Der Campingplatz ist auch die Spontaneit\u00e4t der Aktivit\u00e4ten jede Woche durch das Team vorgeschlagen.<br \/>\nAuf dem Campingplatz Paradis des Pins Soulac bieten wir eine breite Palette von Aktivit\u00e4ten f\u00fcr <strong>Kinder<\/strong> in der Gironde an: kreative Aktivit\u00e4ten (Malen, Zeichnen, etc.), Kochworkshops, Spiele im Freien, Teeparty und Boom Boom f\u00fcr die Fiesta Boom, Karneval etc.<\/p>\n<p>Dar\u00fcber hinaus bieten wir jedes Jahr sportliche Aktivit\u00e4ten und verschiedene <strong>externe Aktivit\u00e4ten<\/strong> an, die Sie jeden Sonntagabend beim Begr\u00fc\u00dfungsdrink bei Ihrer Ankunft mit unseren <strong>lokalen Partnern<\/strong> finden: Ukulele, Angeln, Wandern, Surfen, Jetski, Yoga usw.<\/p>\n<\/div><\/div><\/div><\/div><\/section>\n\n<section id=\"section-6064414b2708d\"\" class=\"section bg-white\" \/><div class=\"container extralarge\"><div class=\"element section-title center titre-cta\">Entdecken Sie unser Unterhaltungs- und Freizeitangebot auf dem Campingplatz<\/div><ul class=\"liste-de-page\"><li class=\"element call-to-action carre call-to-action--style-1 call-to-action--normal\"><a href=\"https:\/\/www.campingdespins.fr\/de\/camping-animationen-soulac-sur-mer\/\"  class=\"call-to-action_link\" title=\"En savoir plus sur veranstaltungen und partys in soulac\"><div class=\"call-to-action_image\"><img decoding=\"async\" src=\"https:\/\/www.campingdespins.fr\/wp-content\/uploads\/2021\/05\/petaque-activite-soulac.jpg\" data-src=\"https:\/\/www.campingdespins.fr\/wp-content\/uploads\/2021\/05\/petaque-activite-soulac.jpg\" alt=\"petaque activite soulac\" class=\"normal\" \/><\/div><div class=\"call-to-action_contenu\"><div class=\"call-to-action_titre\">Veranstaltungen und Partys in Soulac<\/div><\/div><\/a><\/li><li class=\"element call-to-action carre call-to-action--style-1 call-to-action--normal call-to-action--style-1 call-to-action--normal\"><a href=\"https:\/\/www.campingdespins.fr\/de\/camping-aktivitaeten-soulac-sur-mer\/\"  class=\"call-to-action_link\" title=\"En savoir plus sur aktivit\u00e4ten in soulac-sur-mer\"><div class=\"call-to-action_image\"><img decoding=\"async\" src=\"https:\/\/www.campingdespins.fr\/wp-content\/uploads\/2021\/05\/vtt-sport-gironde-1.jpg\" data-src=\"https:\/\/www.campingdespins.fr\/wp-content\/uploads\/2021\/05\/vtt-sport-gironde-1.jpg\" alt=\"vtt sport gironde\" class=\"normal\" \/><\/div><div class=\"call-to-action_contenu\"><div class=\"call-to-action_titre\">Aktivit\u00e4ten in Soulac-sur-Mer<\/div><\/div><\/a><\/li><li class=\"element call-to-action carre call-to-action--style-1 call-to-action--normal call-to-action--style-1 call-to-action--normal call-to-action--style-1 call-to-action--normal\"><a href=\"https:\/\/www.campingdespins.fr\/de\/tourismus-soulac-sur-mer\/tourismus-aktivitaten-soulac-sur-mer\/\"  class=\"call-to-action_link\" title=\"En savoir plus sur aktivit\u00e4ten in der gironde\"><div class=\"call-to-action_image\"><img decoding=\"async\" src=\"https:\/\/www.campingdespins.fr\/wp-content\/uploads\/2021\/05\/velo-soulac-1.jpg\" data-src=\"https:\/\/www.campingdespins.fr\/wp-content\/uploads\/2021\/05\/velo-soulac-1.jpg\" alt=\"velo soulac\" class=\"normal\" \/><\/div><div class=\"call-to-action_contenu\"><div class=\"call-to-action_titre\">Aktivit\u00e4ten in der Gironde<\/div><\/div><\/a><\/li><\/ul><\/div><\/section>","protected":false},"excerpt":{"rendered":"","protected":false},"author":1,"featured_media":1156,"parent":0,"menu_order":0,"comment_status":"closed","ping_status":"closed","template":"","meta":{"_acf_changed":false,"footnotes":""},"class_list":["post-5269","page","type-page","status-publish","has-post-thumbnail","hentry"],"acf":[],"yoast_head":"<!-- This site is optimized with the Yoast SEO plugin v25.8 - https:\/\/yoast.com\/wordpress\/plugins\/seo\/ -->\n<title>Camping Club Kinder Soulac-sur-Mer | Aktivit\u00e4ten f\u00fcr Kinder in Gironde (33)<\/title>\n<meta name=\"robots\" content=\"index, follow, max-snippet:-1, max-image-preview:large, max-video-preview:-1\" \/>\n<link rel=\"canonical\" href=\"https:\/\/www.campingdespins.fr\/de\/campingplatze-club-kinder-soulac-sur-mer\/\" \/>\n<meta property=\"og:locale\" content=\"de_DE\" \/>\n<meta property=\"og:type\" content=\"article\" \/>\n<meta property=\"og:title\" content=\"Camping Club Kinder Soulac-sur-Mer | Aktivit\u00e4ten f\u00fcr Kinder in Gironde (33)\" \/>\n<meta property=\"og:url\" content=\"https:\/\/www.campingdespins.fr\/de\/campingplatze-club-kinder-soulac-sur-mer\/\" \/>\n<meta property=\"og:site_name\" content=\"Camping des Pins\" \/>\n<meta property=\"article:modified_time\" content=\"2024-12-03T13:54:32+00:00\" \/>\n<meta property=\"og:image\" content=\"https:\/\/www.campingdespins.fr\/wp-content\/uploads\/2021\/04\/enfant-plage-soualc.jpg\" \/>\n\t<meta property=\"og:image:width\" content=\"1902\" \/>\n\t<meta property=\"og:image:height\" content=\"500\" \/>\n\t<meta property=\"og:image:type\" content=\"image\/jpeg\" \/>\n<meta name=\"twitter:card\" content=\"summary_large_image\" \/>\n<meta name=\"twitter:label1\" content=\"Gesch\u00e4tzte Lesezeit\" \/>\n\t<meta name=\"twitter:data1\" content=\"1\u00a0Minute\" \/>\n<script type=\"application\/ld+json\" class=\"yoast-schema-graph\">{\"@context\":\"https:\/\/schema.org\",\"@graph\":[{\"@type\":\"WebPage\",\"@id\":\"https:\/\/www.campingdespins.fr\/de\/campingplatze-club-kinder-soulac-sur-mer\/\",\"url\":\"https:\/\/www.campingdespins.fr\/de\/campingplatze-club-kinder-soulac-sur-mer\/\",\"name\":\"Camping Club Kinder Soulac-sur-Mer | Aktivit\u00e4ten f\u00fcr Kinder in Gironde (33)\",\"isPartOf\":{\"@id\":\"https:\/\/www.campingdespins.fr\/de\/#website\"},\"primaryImageOfPage\":{\"@id\":\"https:\/\/www.campingdespins.fr\/de\/campingplatze-club-kinder-soulac-sur-mer\/#primaryimage\"},\"image\":{\"@id\":\"https:\/\/www.campingdespins.fr\/de\/campingplatze-club-kinder-soulac-sur-mer\/#primaryimage\"},\"thumbnailUrl\":\"https:\/\/www.campingdespins.fr\/wp-content\/uploads\/2021\/04\/enfant-plage-soualc.jpg\",\"datePublished\":\"2021-03-31T08:26:50+00:00\",\"dateModified\":\"2024-12-03T13:54:32+00:00\",\"breadcrumb\":{\"@id\":\"https:\/\/www.campingdespins.fr\/de\/campingplatze-club-kinder-soulac-sur-mer\/#breadcrumb\"},\"inLanguage\":\"de\",\"potentialAction\":[{\"@type\":\"ReadAction\",\"target\":[\"https:\/\/www.campingdespins.fr\/de\/campingplatze-club-kinder-soulac-sur-mer\/\"]}]},{\"@type\":\"ImageObject\",\"inLanguage\":\"de\",\"@id\":\"https:\/\/www.campingdespins.fr\/de\/campingplatze-club-kinder-soulac-sur-mer\/#primaryimage\",\"url\":\"https:\/\/www.campingdespins.fr\/wp-content\/uploads\/2021\/04\/enfant-plage-soualc.jpg\",\"contentUrl\":\"https:\/\/www.campingdespins.fr\/wp-content\/uploads\/2021\/04\/enfant-plage-soualc.jpg\",\"width\":1902,\"height\":500,\"caption\":\"enfant plage soulac\"},{\"@type\":\"BreadcrumbList\",\"@id\":\"https:\/\/www.campingdespins.fr\/de\/campingplatze-club-kinder-soulac-sur-mer\/#breadcrumb\",\"itemListElement\":[{\"@type\":\"ListItem\",\"position\":1,\"name\":\"Camping Soulac sur Mer\",\"item\":\"https:\/\/www.campingdespins.fr\/de\/\"},{\"@type\":\"ListItem\",\"position\":2,\"name\":\"Animations enfants en Gironde\"}]},{\"@type\":\"WebSite\",\"@id\":\"https:\/\/www.campingdespins.fr\/de\/#website\",\"url\":\"https:\/\/www.campingdespins.fr\/de\/\",\"name\":\"Camping des Pins\",\"description\":\"\",\"publisher\":{\"@id\":\"https:\/\/www.campingdespins.fr\/de\/#organization\"},\"potentialAction\":[{\"@type\":\"SearchAction\",\"target\":{\"@type\":\"EntryPoint\",\"urlTemplate\":\"https:\/\/www.campingdespins.fr\/de\/?s={search_term_string}\"},\"query-input\":{\"@type\":\"PropertyValueSpecification\",\"valueRequired\":true,\"valueName\":\"search_term_string\"}}],\"inLanguage\":\"de\"},{\"@type\":\"Organization\",\"@id\":\"https:\/\/www.campingdespins.fr\/de\/#organization\",\"name\":\"Camping des pins Soulac\",\"url\":\"https:\/\/www.campingdespins.fr\/de\/\",\"logo\":{\"@type\":\"ImageObject\",\"inLanguage\":\"de\",\"@id\":\"https:\/\/www.campingdespins.fr\/de\/#\/schema\/logo\/image\/\",\"url\":\"https:\/\/www.campingdespins.fr\/wp-content\/uploads\/2021\/03\/camping-pin-soulac-logo.png\",\"contentUrl\":\"https:\/\/www.campingdespins.fr\/wp-content\/uploads\/2021\/03\/camping-pin-soulac-logo.png\",\"width\":200,\"height\":212,\"caption\":\"Camping des pins Soulac\"},\"image\":{\"@id\":\"https:\/\/www.campingdespins.fr\/de\/#\/schema\/logo\/image\/\"}}]}<\/script>\n<!-- \/ Yoast SEO plugin. -->","yoast_head_json":{"title":"Camping Club Kinder Soulac-sur-Mer | Aktivit\u00e4ten f\u00fcr Kinder in Gironde (33)","robots":{"index":"index","follow":"follow","max-snippet":"max-snippet:-1","max-image-preview":"max-image-preview:large","max-video-preview":"max-video-preview:-1"},"canonical":"https:\/\/www.campingdespins.fr\/de\/campingplatze-club-kinder-soulac-sur-mer\/","og_locale":"de_DE","og_type":"article","og_title":"Camping Club Kinder Soulac-sur-Mer | Aktivit\u00e4ten f\u00fcr Kinder in Gironde (33)","og_url":"https:\/\/www.campingdespins.fr\/de\/campingplatze-club-kinder-soulac-sur-mer\/","og_site_name":"Camping des Pins","article_modified_time":"2024-12-03T13:54:32+00:00","og_image":[{"width":1902,"height":500,"url":"https:\/\/www.campingdespins.fr\/wp-content\/uploads\/2021\/04\/enfant-plage-soualc.jpg","type":"image\/jpeg"}],"twitter_card":"summary_large_image","twitter_misc":{"Gesch\u00e4tzte Lesezeit":"1\u00a0Minute"},"schema":{"@context":"https:\/\/schema.org","@graph":[{"@type":"WebPage","@id":"https:\/\/www.campingdespins.fr\/de\/campingplatze-club-kinder-soulac-sur-mer\/","url":"https:\/\/www.campingdespins.fr\/de\/campingplatze-club-kinder-soulac-sur-mer\/","name":"Camping Club Kinder Soulac-sur-Mer | Aktivit\u00e4ten f\u00fcr Kinder in Gironde (33)","isPartOf":{"@id":"https:\/\/www.campingdespins.fr\/de\/#website"},"primaryImageOfPage":{"@id":"https:\/\/www.campingdespins.fr\/de\/campingplatze-club-kinder-soulac-sur-mer\/#primaryimage"},"image":{"@id":"https:\/\/www.campingdespins.fr\/de\/campingplatze-club-kinder-soulac-sur-mer\/#primaryimage"},"thumbnailUrl":"https:\/\/www.campingdespins.fr\/wp-content\/uploads\/2021\/04\/enfant-plage-soualc.jpg","datePublished":"2021-03-31T08:26:50+00:00","dateModified":"2024-12-03T13:54:32+00:00","breadcrumb":{"@id":"https:\/\/www.campingdespins.fr\/de\/campingplatze-club-kinder-soulac-sur-mer\/#breadcrumb"},"inLanguage":"de","potentialAction":[{"@type":"ReadAction","target":["https:\/\/www.campingdespins.fr\/de\/campingplatze-club-kinder-soulac-sur-mer\/"]}]},{"@type":"ImageObject","inLanguage":"de","@id":"https:\/\/www.campingdespins.fr\/de\/campingplatze-club-kinder-soulac-sur-mer\/#primaryimage","url":"https:\/\/www.campingdespins.fr\/wp-content\/uploads\/2021\/04\/enfant-plage-soualc.jpg","contentUrl":"https:\/\/www.campingdespins.fr\/wp-content\/uploads\/2021\/04\/enfant-plage-soualc.jpg","width":1902,"height":500,"caption":"enfant plage soulac"},{"@type":"BreadcrumbList","@id":"https:\/\/www.campingdespins.fr\/de\/campingplatze-club-kinder-soulac-sur-mer\/#breadcrumb","itemListElement":[{"@type":"ListItem","position":1,"name":"Camping Soulac sur Mer","item":"https:\/\/www.campingdespins.fr\/de\/"},{"@type":"ListItem","position":2,"name":"Animations enfants en Gironde"}]},{"@type":"WebSite","@id":"https:\/\/www.campingdespins.fr\/de\/#website","url":"https:\/\/www.campingdespins.fr\/de\/","name":"Camping des Pins","description":"","publisher":{"@id":"https:\/\/www.campingdespins.fr\/de\/#organization"},"potentialAction":[{"@type":"SearchAction","target":{"@type":"EntryPoint","urlTemplate":"https:\/\/www.campingdespins.fr\/de\/?s={search_term_string}"},"query-input":{"@type":"PropertyValueSpecification","valueRequired":true,"valueName":"search_term_string"}}],"inLanguage":"de"},{"@type":"Organization","@id":"https:\/\/www.campingdespins.fr\/de\/#organization","name":"Camping des pins Soulac","url":"https:\/\/www.campingdespins.fr\/de\/","logo":{"@type":"ImageObject","inLanguage":"de","@id":"https:\/\/www.campingdespins.fr\/de\/#\/schema\/logo\/image\/","url":"https:\/\/www.campingdespins.fr\/wp-content\/uploads\/2021\/03\/camping-pin-soulac-logo.png","contentUrl":"https:\/\/www.campingdespins.fr\/wp-content\/uploads\/2021\/03\/camping-pin-soulac-logo.png","width":200,"height":212,"caption":"Camping des pins Soulac"},"image":{"@id":"https:\/\/www.campingdespins.fr\/de\/#\/schema\/logo\/image\/"}}]}},"_links":{"self":[{"href":"https:\/\/www.campingdespins.fr\/de\/wp-json\/wp\/v2\/pages\/5269","targetHints":{"allow":["GET"]}}],"collection":[{"href":"https:\/\/www.campingdespins.fr\/de\/wp-json\/wp\/v2\/pages"}],"about":[{"href":"https:\/\/www.campingdespins.fr\/de\/wp-json\/wp\/v2\/types\/page"}],"author":[{"embeddable":true,"href":"https:\/\/www.campingdespins.fr\/de\/wp-json\/wp\/v2\/users\/1"}],"replies":[{"embeddable":true,"href":"https:\/\/www.campingdespins.fr\/de\/wp-json\/wp\/v2\/comments?post=5269"}],"version-history":[{"count":7,"href":"https:\/\/www.campingdespins.fr\/de\/wp-json\/wp\/v2\/pages\/5269\/revisions"}],"predecessor-version":[{"id":8322,"href":"https:\/\/www.campingdespins.fr\/de\/wp-json\/wp\/v2\/pages\/5269\/revisions\/8322"}],"wp:featuredmedia":[{"embeddable":true,"href":"https:\/\/www.campingdespins.fr\/de\/wp-json\/wp\/v2\/media\/1156"}],"wp:attachment":[{"href":"https:\/\/www.campingdespins.fr\/de\/wp-json\/wp\/v2\/media?parent=5269"}],"curies":[{"name":"wp","href":"https:\/\/api.w.org\/{rel}","templated":true}]}}