{"id":5279,"date":"2021-03-15T04:42:08","date_gmt":"2021-03-15T03:42:08","guid":{"rendered":"https:\/\/www.campingdespins.fr\/tourisme-activites-soulac-sur-mer\/"},"modified":"2021-10-15T15:15:07","modified_gmt":"2021-10-15T13:15:07","slug":"tourismus-aktivitaten-soulac-sur-mer","status":"publish","type":"page","link":"https:\/\/www.campingdespins.fr\/de\/tourismus-soulac-sur-mer\/tourismus-aktivitaten-soulac-sur-mer\/","title":{"rendered":"Alentours : A ne pas rater \/ A faire"},"content":{"rendered":"<section id=\"section-6064414b26ae1\"\" class=\"section bg-white p-t-0\" \/><div class=\"container extralarge\"><div class=\"colonnes-wrap valign-top \"><div class=\"element colonne w-40 p-t-0\"><div class=\"element images\"><div class=\"image\"><img decoding=\"async\" src=\"https:\/\/www.campingdespins.fr\/wp-content\/uploads\/2021\/05\/vtt-sport-gironde.jpg\" data-src=\"https:\/\/www.campingdespins.fr\/wp-content\/uploads\/2021\/05\/vtt-sport-gironde.jpg\" alt=\"vtt sport gironde\" class=\"images_image\" \/><\/div><\/div><\/div><div class=\"element colonne w-60 p-x-4 p-y-4\"><h1 class=\"element section-title left color2\">Unbedingt sehenswerte Touren in der Gironde<\/h1><div class=\"element bloc-text justify \">\n\t<p>Wenn Sie in unserem<strong> kleinen Paradies<\/strong>, dem Camping des Pins, ankommen, steht Ihnen das Personal zur Verf\u00fcgung, um Sie zu f\u00fchren und Ihnen zu sagen, was Sie nicht verpassen sollten, bevor Sie abreisen.<\/p>\n<\/div><h2 class=\"element section-title left\">Unsere Radwege und Mountainbikestrecken<\/h2><div class=\"element bloc-text justify \">\n\t<p>Wenn Sie m\u00f6chten, k\u00f6nnen Sie alles mit dem Fahrrad erledigen und Ihr Auto w\u00e4hrend Ihres Aufenthalts zur\u00fccklassen. Unser <strong>Radweg<\/strong> f\u00fchrt von Le Verdon nach Lacanau, wenn Sie eine Tages- oder Mehrtagestour mit Ihrem Partner, Ihrer Familie oder Ihren Freunden unternehmen m\u00f6chten. Von hier aus k\u00f6nnen Sie den Weg zum Campingplatz in 5 Minuten finden.<\/p>\n<p>Wenn wir uns auf Soulac konzentrieren, k\u00f6nnen Sie das Dorf in 20 Minuten vom Campingplatz Paradis des Pins Soulac oder in 5 Minuten erreichen, um den ersten Surfspot und den ersten <strong>Strand<\/strong> f\u00fcr Ihre t\u00e4gliche Siesta zu erreichen.<\/p>\n<p>Um uns herum ist der ganze Wald f\u00fcr sportliche <strong>Mountainbiker<\/strong> abgesteckt, die Strecken sind nicht gleich und f\u00fcr alle Niveaus geeignet.<\/p>\n<\/div><\/div><\/div><\/div><\/section>\n\n<section id=\"section-6064414b26c55\"\" class=\"section bg-white p-t-0 p-b-0\" \/><div class=\"container full\"><div class=\"element images\"><div class=\"image\"><img decoding=\"async\" src=\"https:\/\/www.campingdespins.fr\/wp-content\/uploads\/2021\/05\/mer-plage-gironde.jpg\" data-src=\"https:\/\/www.campingdespins.fr\/wp-content\/uploads\/2021\/05\/mer-plage-gironde.jpg\" alt=\"mer plage gironde\" class=\"images_image\" \/><\/div><div class=\"image\"><img decoding=\"async\" src=\"https:\/\/www.campingdespins.fr\/wp-content\/uploads\/2021\/05\/blokhaus-mer-gironde-2.jpg\" data-src=\"https:\/\/www.campingdespins.fr\/wp-content\/uploads\/2021\/05\/blokhaus-mer-gironde-2.jpg\" alt=\"blokhaus mer gironde\" class=\"images_image\" \/><\/div><\/div><\/div><\/section>\n\n<section id=\"section-6064414b26e8d\"\" class=\"section bg-white p-t-0 p-b-0\" \/><div class=\"container full\"><div class=\"colonnes-wrap valign-middle \"><div class=\"element colonne p-0\"><div class=\"element images\"><div class=\"image\"><img decoding=\"async\" src=\"https:\/\/www.campingdespins.fr\/wp-content\/uploads\/2021\/05\/blokhaus-gironde.jpg\" data-src=\"https:\/\/www.campingdespins.fr\/wp-content\/uploads\/2021\/05\/blokhaus-gironde.jpg\" alt=\"blokhaus gironde\" class=\"images_image\" \/><\/div><\/div><\/div><div class=\"element colonne p-x-6\"><h2 class=\"element section-title left\">Der kleine Zug von Soulac<\/h2><div class=\"element bloc-text justify \">\n\t<p>Der Touristenzug f\u00e4hrt 7 km an der K\u00fcste entlang. Eine gute Gelegenheit, sich zu am\u00fcsieren.<\/p>\n<p>Sie k\u00f6nnen zu Fu\u00df oder mit dem Fahrrad gehen. Der Startpunkt ist in Le Verdon-sur-Mer, 10 Autominuten von uns entfernt.<\/p>\n<\/div><h2 class=\"element section-title left\">Besuch im Blockhaus<\/h2><div class=\"element bloc-text justify \">\n\t<p>\u00dcberall an unseren Str\u00e4nden finden Sie Blockh\u00e4user, das sind historische Geb\u00e4ude, die entlang der K\u00fcste stehen. Fast alle von ihnen wurden von K\u00fcnstlern verwendet.<\/p>\n<p>In Soulac-sur-Mer sind es Graffiti, Leinw\u00e4nde von einheimischen und ausl\u00e4ndischen K\u00fcnstlern wie Yann M\u00fcller, der in Soulac die Kunstgalerie La PlateforM betreibt.<\/p>\n<\/div><h2 class=\"element section-title left\">Der Strand von Arros<\/h2><div class=\"element bloc-text justify \">\n\t<p>Den Strand von Arros sollte man nicht verpassen! Sie k\u00f6nnen am Waldrand oder auf dem Dach eines Blockhauses ein Picknick machen und die herrliche Landschaft mit dem Meer, dem feinen Sand, der Pointe de Grave und dem Leuchtturm von Cordouan genie\u00dfen.<\/p>\n<p>Wenn Sie sich entscheiden, ein wenig weiter nach rechts zu gehen, finden Sie den Strand der Cantines mit herrlichen nat\u00fcrlichen Pools, um in Sicherheit mit Ihren Kindern zu schwimmen und die \u00e4ngstlichsten Ihres Stammes, um die Wellen im Bodysurf zu nehmen.<\/p>\n<\/div><\/div><\/div><\/div><\/section>\n\n<section id=\"section-groupe4\"\" class=\"section bg-white p-t-0 p-b-0\" \/><div class=\"container full\"><div class=\"colonnes-wrap valign-middle \"><div class=\"element colonne p-x-6\"><h2 class=\"element section-title left\">Austern und Gambas aus dem M\u00e9doc<\/h2><div class=\"element bloc-text justify \">\n\t<p>Um die Menschen zu treffen, die hinter diesen lokalen Wundern stehen, m\u00fcssen Sie in die S\u00fcmpfe gehen, wo sie anbauen, oder auf den Markt von Soulac, wo Sie Hugo Bertigny, den Erzeuger des Aquakulturbetriebs von Neyran, jeden Morgen antreffen k\u00f6nnen. Entdecken Sie die Orte, an denen Sie Austern und Gambas in der Gironde probieren k\u00f6nnen, auf der Website des Fremdenverkehrsamtes.<\/p>\n<\/div><h2 class=\"element section-title left\">Der Verein : Curuma<\/h2><div class=\"element bloc-text justify \">\n\t<p>Wenn Sie ein Amateur oder ein Liebhaber von Flora und Fauna sind, wenden Sie sich an den Verein Curuma, um F\u00fchrungen im Herzen der Natur zu erhalten.<\/p>\n<\/div><h2 class=\"element section-title left\">Medoc und Soulac Gastronomie<\/h2><div class=\"element bloc-text justify \">\n\t<p>Neben Austern und Gambas k\u00f6nnen Fleischliebhaber auch das Lamm aus Pauillac oder unseren ber\u00fchmten M\u00e9doc Grenier entdecken.<\/p>\n<p>Sie k\u00f6nnen Soulac nicht verlassen, ohne das beste Geb\u00e4ck von Soulac zu probieren, C\u00e9cile und Beno\u00eet Vallat haben das K\u00f6nigreich der Gierigen. Gehen Sie ins Dorf und probieren Sie die Erdbeertorte, Sie werden es uns danken. Judici, die Eisdiele von Soulac, deren Eis von Hand hergestellt wird, ist der Lieblingsplatz eines jeden Soulac-, M\u00e9doc-, Bordeaux- oder Urlaubers, der etwas auf sich h\u00e4lt.<\/p>\n<\/div><\/div><div class=\"element colonne p-0\"><div class=\"element images\"><div class=\"image\"><img decoding=\"async\" src=\"https:\/\/www.campingdespins.fr\/wp-content\/uploads\/2021\/05\/huitres-medoc-1.jpg\" data-src=\"https:\/\/www.campingdespins.fr\/wp-content\/uploads\/2021\/05\/huitres-medoc-1.jpg\" alt=\"huitres medoc\" class=\"images_image\" \/><\/div><\/div><\/div><\/div><\/div><\/section>\n\n<section id=\"section-groupe478\"\" class=\"section bg-white p-t-0 p-b-0\" \/><div class=\"container full\"><div class=\"colonnes-wrap valign-middle \"><div class=\"element colonne p-0\"><div class=\"element images\"><div class=\"image\"><img decoding=\"async\" src=\"https:\/\/www.campingdespins.fr\/wp-content\/uploads\/2021\/05\/yoga-soulac-3.jpg\" data-src=\"https:\/\/www.campingdespins.fr\/wp-content\/uploads\/2021\/05\/yoga-soulac-3.jpg\" alt=\"yoga soulac\" class=\"images_image\" \/><\/div><\/div><\/div><div class=\"element colonne p-x-6\"><h2 class=\"element section-title left\">Yoga<\/h2><div class=\"element bloc-text justify \">\n\t<p>&nbsp;<\/p>\n<p>Um zu atmen, abzuschalten, Sauerstoff zu tanken, finden Sie in Soulac-sur-Mer <strong>Yoga-Kurse<\/strong> f\u00fcr Anf\u00e4nger und Fortgeschrittene im Wald, am Strand oder auf unserem Campingplatz in Les Pins. Entdecken Sie Yoga sur mer und die Surfschule Ulm.<\/p>\n<\/div><h2 class=\"element section-title left\">Kunst im M\u00e9doc<\/h2><div class=\"element bloc-text justify \">\n\t<p>Viele K\u00fcnstler haben die<strong> Metropole verlassen<\/strong>, um sich im M\u00e9doc, in Soulac oder in der Umgebung niederzulassen, um ihre Leidenschaft zu leben und sich inmitten der Natur frei auszudr\u00fccken.<\/p>\n<p>Sie werden Heidi Moriot mit ihrer Association Sea (ein Bleistiftstrich, der zahlreiche Werke auf Soulac illustriert), S\u00e9bastien Rideau mit Ras d&#8217;eau (Skulptur und Lichtwerkstatt), Alben mit Alben Factory (herausragender Sammler) finden&#8230; Yann M\u00fcller, der in der Rubrik Blockhaus zu finden ist, aber auch Greg Bronard, ein talentierter Fotograf aus dem M\u00e9doc, Vincent Richeux und viele andere. Sie werden fasziniert und \u00fcberrascht sein von der Qualit\u00e4t unserer <strong>M\u00e9doc-K\u00fcnstler.<\/strong><\/p>\n<\/div><\/div><\/div><\/div><\/section>\n\n<section id=\"section-6064414b2708d\"\" class=\"section bg-white\" \/><div class=\"container extralarge\"><div class=\"element section-title center titre-cta\">ENTDECKEN SIE SOULAC-SUR-MER UND DAS MEDOC<\/div><ul class=\"liste-de-page\"><li class=\"element call-to-action carre call-to-action--style-1 call-to-action--normal\"><a href=\"https:\/\/www.campingdespins.fr\/de\/camping-animationen-soulac-sur-mer\/\"  class=\"call-to-action_link\" title=\"En savoir plus sur veranstaltungen und partys in soulac\"><div class=\"call-to-action_image\"><img decoding=\"async\" src=\"https:\/\/www.campingdespins.fr\/wp-content\/uploads\/2021\/05\/petaque-activite-soulac.jpg\" data-src=\"https:\/\/www.campingdespins.fr\/wp-content\/uploads\/2021\/05\/petaque-activite-soulac.jpg\" alt=\"petaque activite soulac\" class=\"normal\" \/><\/div><div class=\"call-to-action_contenu\"><div class=\"call-to-action_titre\">Veranstaltungen und Partys in Soulac<\/div><\/div><\/a><\/li><li class=\"element call-to-action carre call-to-action--style-1 call-to-action--normal call-to-action--style-1 call-to-action--normal\"><a href=\"https:\/\/www.campingdespins.fr\/de\/camping-gironde\/tourismus-medoc\/\"  class=\"call-to-action_link\" title=\"En savoir plus sur das medoc\"><div class=\"call-to-action_image\"><img decoding=\"async\" src=\"https:\/\/www.campingdespins.fr\/wp-content\/uploads\/2021\/05\/gironde-vignoble.jpg\" data-src=\"https:\/\/www.campingdespins.fr\/wp-content\/uploads\/2021\/05\/gironde-vignoble.jpg\" alt=\"gironde vignoble\" class=\"normal\" \/><\/div><div class=\"call-to-action_contenu\"><div class=\"call-to-action_titre\">Das Medoc<\/div><\/div><\/a><\/li><li class=\"element call-to-action carre call-to-action--style-1 call-to-action--normal call-to-action--style-1 call-to-action--normal call-to-action--style-1 call-to-action--normal\"><a href=\"https:\/\/www.campingdespins.fr\/de\/tourismus-soulac-sur-mer\/\"  class=\"call-to-action_link\" title=\"En savoir plus sur soulac-sur-mer\"><div class=\"call-to-action_image\"><img decoding=\"async\" src=\"https:\/\/www.campingdespins.fr\/wp-content\/uploads\/2021\/04\/soulac-plage.jpg\" data-src=\"https:\/\/www.campingdespins.fr\/wp-content\/uploads\/2021\/04\/soulac-plage.jpg\" alt=\"soulac plage\" class=\"normal\" \/><\/div><div class=\"call-to-action_contenu\"><div class=\"call-to-action_titre\">Soulac-sur-Mer<\/div><\/div><\/a><\/li><\/ul><\/div><\/section>","protected":false},"excerpt":{"rendered":"","protected":false},"author":1,"featured_media":2537,"parent":5291,"menu_order":0,"comment_status":"closed","ping_status":"closed","template":"","meta":{"_acf_changed":false,"footnotes":""},"class_list":["post-5279","page","type-page","status-publish","has-post-thumbnail","hentry"],"acf":[],"yoast_head":"<!-- This site is optimized with the Yoast SEO plugin v25.8 - https:\/\/yoast.com\/wordpress\/plugins\/seo\/ -->\n<title>Aktivit\u00e4ten, Freizeit, Radwege Gironde | Muss man besucht haben Gironde<\/title>\n<meta name=\"robots\" content=\"index, follow, max-snippet:-1, max-image-preview:large, max-video-preview:-1\" \/>\n<link rel=\"canonical\" href=\"https:\/\/www.campingdespins.fr\/de\/tourismus-soulac-sur-mer\/tourismus-aktivitaten-soulac-sur-mer\/\" \/>\n<meta property=\"og:locale\" content=\"de_DE\" \/>\n<meta property=\"og:type\" content=\"article\" \/>\n<meta property=\"og:title\" content=\"Aktivit\u00e4ten, Freizeit, Radwege Gironde | Muss man besucht haben Gironde\" \/>\n<meta property=\"og:url\" content=\"https:\/\/www.campingdespins.fr\/de\/tourismus-soulac-sur-mer\/tourismus-aktivitaten-soulac-sur-mer\/\" \/>\n<meta property=\"og:site_name\" content=\"Camping des Pins\" \/>\n<meta property=\"article:modified_time\" content=\"2021-10-15T13:15:07+00:00\" \/>\n<meta property=\"og:image\" content=\"https:\/\/www.campingdespins.fr\/wp-content\/uploads\/2021\/05\/plage-gironde-mer.jpg\" \/>\n\t<meta property=\"og:image:width\" content=\"1904\" \/>\n\t<meta property=\"og:image:height\" content=\"500\" \/>\n\t<meta property=\"og:image:type\" content=\"image\/jpeg\" \/>\n<meta name=\"twitter:card\" content=\"summary_large_image\" \/>\n<script type=\"application\/ld+json\" class=\"yoast-schema-graph\">{\"@context\":\"https:\/\/schema.org\",\"@graph\":[{\"@type\":\"WebPage\",\"@id\":\"https:\/\/www.campingdespins.fr\/de\/tourismus-soulac-sur-mer\/tourismus-aktivitaten-soulac-sur-mer\/\",\"url\":\"https:\/\/www.campingdespins.fr\/de\/tourismus-soulac-sur-mer\/tourismus-aktivitaten-soulac-sur-mer\/\",\"name\":\"Aktivit\u00e4ten, Freizeit, Radwege Gironde | Muss man besucht haben Gironde\",\"isPartOf\":{\"@id\":\"https:\/\/www.campingdespins.fr\/de\/#website\"},\"primaryImageOfPage\":{\"@id\":\"https:\/\/www.campingdespins.fr\/de\/tourismus-soulac-sur-mer\/tourismus-aktivitaten-soulac-sur-mer\/#primaryimage\"},\"image\":{\"@id\":\"https:\/\/www.campingdespins.fr\/de\/tourismus-soulac-sur-mer\/tourismus-aktivitaten-soulac-sur-mer\/#primaryimage\"},\"thumbnailUrl\":\"https:\/\/www.campingdespins.fr\/wp-content\/uploads\/2021\/05\/plage-gironde-mer.jpg\",\"datePublished\":\"2021-03-15T03:42:08+00:00\",\"dateModified\":\"2021-10-15T13:15:07+00:00\",\"breadcrumb\":{\"@id\":\"https:\/\/www.campingdespins.fr\/de\/tourismus-soulac-sur-mer\/tourismus-aktivitaten-soulac-sur-mer\/#breadcrumb\"},\"inLanguage\":\"de\",\"potentialAction\":[{\"@type\":\"ReadAction\",\"target\":[\"https:\/\/www.campingdespins.fr\/de\/tourismus-soulac-sur-mer\/tourismus-aktivitaten-soulac-sur-mer\/\"]}]},{\"@type\":\"ImageObject\",\"inLanguage\":\"de\",\"@id\":\"https:\/\/www.campingdespins.fr\/de\/tourismus-soulac-sur-mer\/tourismus-aktivitaten-soulac-sur-mer\/#primaryimage\",\"url\":\"https:\/\/www.campingdespins.fr\/wp-content\/uploads\/2021\/05\/plage-gironde-mer.jpg\",\"contentUrl\":\"https:\/\/www.campingdespins.fr\/wp-content\/uploads\/2021\/05\/plage-gironde-mer.jpg\",\"width\":1904,\"height\":500,\"caption\":\"plage gironde mer\"},{\"@type\":\"BreadcrumbList\",\"@id\":\"https:\/\/www.campingdespins.fr\/de\/tourismus-soulac-sur-mer\/tourismus-aktivitaten-soulac-sur-mer\/#breadcrumb\",\"itemListElement\":[{\"@type\":\"ListItem\",\"position\":1,\"name\":\"Camping Soulac sur Mer\",\"item\":\"https:\/\/www.campingdespins.fr\/de\/\"},{\"@type\":\"ListItem\",\"position\":2,\"name\":\"Aktivit\u00e4ten, Freizeit in der Gironde\"}]},{\"@type\":\"WebSite\",\"@id\":\"https:\/\/www.campingdespins.fr\/de\/#website\",\"url\":\"https:\/\/www.campingdespins.fr\/de\/\",\"name\":\"Camping des Pins\",\"description\":\"\",\"publisher\":{\"@id\":\"https:\/\/www.campingdespins.fr\/de\/#organization\"},\"potentialAction\":[{\"@type\":\"SearchAction\",\"target\":{\"@type\":\"EntryPoint\",\"urlTemplate\":\"https:\/\/www.campingdespins.fr\/de\/?s={search_term_string}\"},\"query-input\":{\"@type\":\"PropertyValueSpecification\",\"valueRequired\":true,\"valueName\":\"search_term_string\"}}],\"inLanguage\":\"de\"},{\"@type\":\"Organization\",\"@id\":\"https:\/\/www.campingdespins.fr\/de\/#organization\",\"name\":\"Camping des pins Soulac\",\"url\":\"https:\/\/www.campingdespins.fr\/de\/\",\"logo\":{\"@type\":\"ImageObject\",\"inLanguage\":\"de\",\"@id\":\"https:\/\/www.campingdespins.fr\/de\/#\/schema\/logo\/image\/\",\"url\":\"https:\/\/www.campingdespins.fr\/wp-content\/uploads\/2021\/03\/camping-pin-soulac-logo.png\",\"contentUrl\":\"https:\/\/www.campingdespins.fr\/wp-content\/uploads\/2021\/03\/camping-pin-soulac-logo.png\",\"width\":200,\"height\":212,\"caption\":\"Camping des pins Soulac\"},\"image\":{\"@id\":\"https:\/\/www.campingdespins.fr\/de\/#\/schema\/logo\/image\/\"}}]}<\/script>\n<!-- \/ Yoast SEO plugin. -->","yoast_head_json":{"title":"Aktivit\u00e4ten, Freizeit, Radwege Gironde | Muss man besucht haben Gironde","robots":{"index":"index","follow":"follow","max-snippet":"max-snippet:-1","max-image-preview":"max-image-preview:large","max-video-preview":"max-video-preview:-1"},"canonical":"https:\/\/www.campingdespins.fr\/de\/tourismus-soulac-sur-mer\/tourismus-aktivitaten-soulac-sur-mer\/","og_locale":"de_DE","og_type":"article","og_title":"Aktivit\u00e4ten, Freizeit, Radwege Gironde | Muss man besucht haben Gironde","og_url":"https:\/\/www.campingdespins.fr\/de\/tourismus-soulac-sur-mer\/tourismus-aktivitaten-soulac-sur-mer\/","og_site_name":"Camping des Pins","article_modified_time":"2021-10-15T13:15:07+00:00","og_image":[{"width":1904,"height":500,"url":"https:\/\/www.campingdespins.fr\/wp-content\/uploads\/2021\/05\/plage-gironde-mer.jpg","type":"image\/jpeg"}],"twitter_card":"summary_large_image","schema":{"@context":"https:\/\/schema.org","@graph":[{"@type":"WebPage","@id":"https:\/\/www.campingdespins.fr\/de\/tourismus-soulac-sur-mer\/tourismus-aktivitaten-soulac-sur-mer\/","url":"https:\/\/www.campingdespins.fr\/de\/tourismus-soulac-sur-mer\/tourismus-aktivitaten-soulac-sur-mer\/","name":"Aktivit\u00e4ten, Freizeit, Radwege Gironde | Muss man besucht haben Gironde","isPartOf":{"@id":"https:\/\/www.campingdespins.fr\/de\/#website"},"primaryImageOfPage":{"@id":"https:\/\/www.campingdespins.fr\/de\/tourismus-soulac-sur-mer\/tourismus-aktivitaten-soulac-sur-mer\/#primaryimage"},"image":{"@id":"https:\/\/www.campingdespins.fr\/de\/tourismus-soulac-sur-mer\/tourismus-aktivitaten-soulac-sur-mer\/#primaryimage"},"thumbnailUrl":"https:\/\/www.campingdespins.fr\/wp-content\/uploads\/2021\/05\/plage-gironde-mer.jpg","datePublished":"2021-03-15T03:42:08+00:00","dateModified":"2021-10-15T13:15:07+00:00","breadcrumb":{"@id":"https:\/\/www.campingdespins.fr\/de\/tourismus-soulac-sur-mer\/tourismus-aktivitaten-soulac-sur-mer\/#breadcrumb"},"inLanguage":"de","potentialAction":[{"@type":"ReadAction","target":["https:\/\/www.campingdespins.fr\/de\/tourismus-soulac-sur-mer\/tourismus-aktivitaten-soulac-sur-mer\/"]}]},{"@type":"ImageObject","inLanguage":"de","@id":"https:\/\/www.campingdespins.fr\/de\/tourismus-soulac-sur-mer\/tourismus-aktivitaten-soulac-sur-mer\/#primaryimage","url":"https:\/\/www.campingdespins.fr\/wp-content\/uploads\/2021\/05\/plage-gironde-mer.jpg","contentUrl":"https:\/\/www.campingdespins.fr\/wp-content\/uploads\/2021\/05\/plage-gironde-mer.jpg","width":1904,"height":500,"caption":"plage gironde mer"},{"@type":"BreadcrumbList","@id":"https:\/\/www.campingdespins.fr\/de\/tourismus-soulac-sur-mer\/tourismus-aktivitaten-soulac-sur-mer\/#breadcrumb","itemListElement":[{"@type":"ListItem","position":1,"name":"Camping Soulac sur Mer","item":"https:\/\/www.campingdespins.fr\/de\/"},{"@type":"ListItem","position":2,"name":"Aktivit\u00e4ten, Freizeit in der Gironde"}]},{"@type":"WebSite","@id":"https:\/\/www.campingdespins.fr\/de\/#website","url":"https:\/\/www.campingdespins.fr\/de\/","name":"Camping des Pins","description":"","publisher":{"@id":"https:\/\/www.campingdespins.fr\/de\/#organization"},"potentialAction":[{"@type":"SearchAction","target":{"@type":"EntryPoint","urlTemplate":"https:\/\/www.campingdespins.fr\/de\/?s={search_term_string}"},"query-input":{"@type":"PropertyValueSpecification","valueRequired":true,"valueName":"search_term_string"}}],"inLanguage":"de"},{"@type":"Organization","@id":"https:\/\/www.campingdespins.fr\/de\/#organization","name":"Camping des pins Soulac","url":"https:\/\/www.campingdespins.fr\/de\/","logo":{"@type":"ImageObject","inLanguage":"de","@id":"https:\/\/www.campingdespins.fr\/de\/#\/schema\/logo\/image\/","url":"https:\/\/www.campingdespins.fr\/wp-content\/uploads\/2021\/03\/camping-pin-soulac-logo.png","contentUrl":"https:\/\/www.campingdespins.fr\/wp-content\/uploads\/2021\/03\/camping-pin-soulac-logo.png","width":200,"height":212,"caption":"Camping des pins Soulac"},"image":{"@id":"https:\/\/www.campingdespins.fr\/de\/#\/schema\/logo\/image\/"}}]}},"_links":{"self":[{"href":"https:\/\/www.campingdespins.fr\/de\/wp-json\/wp\/v2\/pages\/5279","targetHints":{"allow":["GET"]}}],"collection":[{"href":"https:\/\/www.campingdespins.fr\/de\/wp-json\/wp\/v2\/pages"}],"about":[{"href":"https:\/\/www.campingdespins.fr\/de\/wp-json\/wp\/v2\/types\/page"}],"author":[{"embeddable":true,"href":"https:\/\/www.campingdespins.fr\/de\/wp-json\/wp\/v2\/users\/1"}],"replies":[{"embeddable":true,"href":"https:\/\/www.campingdespins.fr\/de\/wp-json\/wp\/v2\/comments?post=5279"}],"version-history":[{"count":7,"href":"https:\/\/www.campingdespins.fr\/de\/wp-json\/wp\/v2\/pages\/5279\/revisions"}],"predecessor-version":[{"id":5483,"href":"https:\/\/www.campingdespins.fr\/de\/wp-json\/wp\/v2\/pages\/5279\/revisions\/5483"}],"up":[{"embeddable":true,"href":"https:\/\/www.campingdespins.fr\/de\/wp-json\/wp\/v2\/pages\/5291"}],"wp:featuredmedia":[{"embeddable":true,"href":"https:\/\/www.campingdespins.fr\/de\/wp-json\/wp\/v2\/media\/2537"}],"wp:attachment":[{"href":"https:\/\/www.campingdespins.fr\/de\/wp-json\/wp\/v2\/media?parent=5279"}],"curies":[{"name":"wp","href":"https:\/\/api.w.org\/{rel}","templated":true}]}}