{"id":5296,"date":"2021-03-15T04:41:21","date_gmt":"2021-03-15T03:41:21","guid":{"rendered":"https:\/\/www.campingdespins.fr\/camping-familial-soulac-sur-mer\/"},"modified":"2024-12-03T13:29:20","modified_gmt":"2024-12-03T12:29:20","slug":"camping-familie-soulac-sur-mer","status":"publish","type":"page","link":"https:\/\/www.campingdespins.fr\/de\/camping-familie-soulac-sur-mer\/","title":{"rendered":"Camping : Nos services"},"content":{"rendered":"<section id=\"section-groupe4\"\" class=\"section bg-white p-t-0\" \/><div class=\"container extralarge\"><div class=\"colonnes-wrap valign-top \"><div class=\"element colonne w-40 p-t-0\"><div class=\"element images\"><div class=\"image\"><img decoding=\"async\" src=\"https:\/\/www.campingdespins.fr\/wp-content\/uploads\/2021\/05\/soulac-louer-velo.jpg\" data-src=\"https:\/\/www.campingdespins.fr\/wp-content\/uploads\/2021\/05\/soulac-louer-velo.jpg\" alt=\"soulac louer velo\" class=\"images_image\" \/><\/div><\/div><\/div><div class=\"element colonne w-60 p-x-4 p-y-4\"><h1 class=\"element section-title left color2\">Familiencampingplatz in Soulac im S\u00fcden Frankreichs am Meer<\/h1><h2 class=\"element section-title left\">Unser Fahrradverleih<\/h2><div class=\"element bloc-text justify \">\n\t<p>Auf dem <a href=\"\/de\/\">Campingplatz Paradis des Pins Soulac<\/a> wird Ruhe gro\u00dfgeschrieben, deshalb sind Autos auf dem Campingplatz nicht erlaubt: hier ist dem Urlauber die Ruhe eines Fu\u00dfg\u00e4ngercampingplatzes garantiert!<\/p>\n<p>Das <strong>Fahrrad<\/strong> ist der K\u00f6nig der Fortbewegung, ob allein, verliebt, mit der Familie, mit den Kindern, mit dem Baby oder dem Surfbrett. Wir informieren Sie gerne \u00fcber die Wanderungen und <strong>Routen<\/strong> in unserer <strong>Umgebung<\/strong>: Halbtageswanderungen, Ganztageswanderungen, Ausfl\u00fcge zu den verschiedenen Str\u00e4nden, in das Dorf Soulac-sur-Mer oder in die umliegenden D\u00f6rfer.<\/p>\n<p>Die <strong>Buchung<\/strong> ist mit ein wenig Organisation sehr einfach. Sie k\u00f6nnen im <strong>Voraus buchen<\/strong>, wenn Sie Ihren Aufenthalt telefonisch bei Christine buchen. Dies ist eine Vorsichtsma\u00dfnahme, damit Sie sicher sein k\u00f6nnen, dass Sie die ben\u00f6tigte Anzahl von Fahrr\u00e4dern f\u00fcr die Dauer Ihres Aufenthalts haben.<\/p>\n<p>Reservieren Sie Ihr Fahrrad f\u00fcr ein paar Stunden am Tag oder f\u00fcr den gesamten Aufenthalt. F\u00fcr die Kleinsten gibt es kleine Trolleys, die hinter den Fahrr\u00e4dern befestigt werden. Kindersitze sind erh\u00e4ltlich und k\u00f6nnen auf dem Fahrrad Ihrer Wahl befestigt werden.<\/p>\n<p>Wie hoch sind die Kosten? Der Preis ist f\u00fcr Kinder und Erwachsene gleich!<br \/>\n<strong>Bewertung \/ Fahrrad<\/strong> :<\/p>\n<ul>\n<li>9 \u20ac pro halben Tag.<\/li>\n<li>49 \u20ac pro Woche.<\/li>\n<\/ul>\n<\/div><\/div><\/div><\/div><\/section>\n\n<section id=\"section-6064414b26c55\"\" class=\"section bg-white p-t-0 p-b-0\" \/><div class=\"container full\"><div class=\"element images\"><div class=\"image\"><img decoding=\"async\" src=\"https:\/\/www.campingdespins.fr\/wp-content\/uploads\/2021\/04\/soulac-location-velo.jpg\" data-src=\"https:\/\/www.campingdespins.fr\/wp-content\/uploads\/2021\/04\/soulac-location-velo.jpg\" alt=\"soulac location velo\" class=\"images_image\" \/><\/div><div class=\"image\"><img decoding=\"async\" src=\"https:\/\/www.campingdespins.fr\/wp-content\/uploads\/2021\/05\/louer-velo-soulac.jpg\" data-src=\"https:\/\/www.campingdespins.fr\/wp-content\/uploads\/2021\/05\/louer-velo-soulac.jpg\" alt=\"louer velo soulac\" class=\"images_image nofilter\" \/><\/div><\/div><\/div><\/section>\n\n<section id=\"section-6064414b26e8d\"\" class=\"section bg-white p-t-0 p-b-0\" \/><div class=\"container full\"><div class=\"colonnes-wrap valign-middle \"><div class=\"element colonne p-0\"><div class=\"element images\"><div class=\"image\"><img decoding=\"async\" src=\"https:\/\/www.campingdespins.fr\/wp-content\/uploads\/2021\/04\/vente-viennoisseries-soulac-3.jpg\" data-src=\"https:\/\/www.campingdespins.fr\/wp-content\/uploads\/2021\/04\/vente-viennoisseries-soulac-3.jpg\" alt=\"vente viennoisseries soulac\" class=\"images_image nofilter\" \/><\/div><\/div><\/div><div class=\"element colonne p-x-6\"><h2 class=\"element section-title left\">Unser Lebensmittelladen<\/h2><div class=\"element bloc-text justify \">\n\t<p>Unser <strong>Lebensmittelladen<\/strong> ist t\u00e4glich von 8.00 bis 13.00 Uhr und von 18.00 bis 20.00 Uhr ge\u00f6ffnet. Im Juli und August.<br \/>\nSie finden hier Dinge des t\u00e4glichen Bedarfs, Lebensmittel und Wein, Zeitungen, aber auch<strong> handwerkliche Delikatessen<\/strong> aus der Region und dem Medoc.<\/p>\n<p>F\u00fcr den Anfang und das Ende Ihres Urlaubs oder f\u00fcr die totale Autonomie w\u00e4hrend Ihrer Woche versuchen wir, f\u00fcr Sie zu denken und alle Produkte zusammenzustellen, die Sie ben\u00f6tigen. Eine f\u00fcr Ihren Aufenthalt bei uns unerl\u00e4ssliche N\u00e4he wird auch mit, unserem Lebensmittelmanager, hergestellt. Mit seinem singenden Akzent wird er Ihren Morgen erhellen.<\/p>\n<\/div><h2 class=\"element section-title left\">Fr\u00fchst\u00fcck<\/h2><div class=\"element bloc-text justify \">\n\t<p>Kommen Sie und genie\u00dfen Sie Ihr <strong>Fr\u00fchst\u00fcck<\/strong> auf unserer <strong>Terrasse<\/strong> oder nehmen Sie es mit. Wir bieten vollst\u00e4ndige und <strong>erschwingliche Formeln<\/strong>. Unser Brot und Geb\u00e4ck wird vor Ort gebacken. Sie k\u00f6nnen nat\u00fcrlich auch schon am Vortag f\u00fcr den n\u00e4chsten Tag <strong>reservieren<\/strong> und sie dann sch\u00f6n warm abholen.<\/p>\n<\/div><h2 class=\"element section-title left\">B\u00e4ckerei und Konditorei<\/h2><div class=\"element bloc-text justify \">\n\t<p>In der <strong>Nebensaison<\/strong> (Mai, Juni, September) k\u00f6nnen Sie Ihr Brot und Geb\u00e4ck (Chocolatines, Croissants) an der Rezeption reservieren. In der <strong>Hochsaison<\/strong> (Juli und August) werden im Laden noch t\u00e4glich Brot und Geb\u00e4ck verkauft.<\/p>\n<p>Zu Ihrer Information, hier im M\u00e9doc sagt man <strong>chocolatine<\/strong> und nicht pain au chocolat, f\u00fcr eine klare Kommunikation mit Didou oder Christines Team an der Rezeption, geben wir Ihnen den Tipp \ud83d\ude09.<\/p>\n<\/div><\/div><\/div><\/div><\/section>\n\n<section id=\"section-groupe4579\"\" class=\"section bg-white p-t-0 p-b-0\" \/><div class=\"container full\"><div class=\"colonnes-wrap valign-middle \"><div class=\"element colonne p-x-6\"><h2 class=\"element section-title justify\">Unsere R\u00fccktrittsversicherung : Campez couvert<\/h2><div class=\"element bloc-text justify \">\n\t<p>Der Campingplatz Paradis des Pins-Soulac \u00a0bietet Ihnen eine Versicherung bei Stornierung und Abbruch Ihres Mietvertrags. Unser Partner Gritchen Affinity verpflichtet sich, unseren Urlaubsg\u00e4sten den Aufenthalt teilweise oder vollst\u00e4ndig zur\u00fcckzuerstatten. Benachrichtigen Sie den Campingplatz bei Stornierung per Brief oder E-Mail \u00fcber Ihren R\u00fccktritt, sobald das Ereignis eintritt, das Ihre Abreise verhindert. Benachrichtigen Sie den Versicherer innerhalb von 48 Stunden und legen Sie alle n\u00f6tigen Ausk\u00fcnfte sowieso Nachweisdokumente vor, wenn der Schadensfall in unseren Allgemeinen Bedingungen (verf\u00fcgbar auf der Website www.campez-couvert.com oder am Campingplatz) vorgesehen ist.<\/p>\n<\/div><\/div><div class=\"element colonne p-0\"><div class=\"element images\"><div class=\"image\"><img decoding=\"async\" src=\"https:\/\/www.campingdespins.fr\/wp-content\/uploads\/2021\/04\/soulac-location-mobil-home.jpg\" data-src=\"https:\/\/www.campingdespins.fr\/wp-content\/uploads\/2021\/04\/soulac-location-mobil-home.jpg\" alt=\"soulac location mobil home\" class=\"images_image\" \/><\/div><\/div><\/div><\/div><\/div><\/section>\n\n<section id=\"section-groupe456\"\" class=\"section bg-white p-t-0 p-b-0\" \/><div class=\"container full\"><div class=\"colonnes-wrap valign-middle \"><div class=\"element colonne p-0\"><div class=\"element images\"><div class=\"image\"><img decoding=\"async\" src=\"https:\/\/www.campingdespins.fr\/wp-content\/uploads\/2021\/04\/location-drap-soulac-1.jpg\" data-src=\"https:\/\/www.campingdespins.fr\/wp-content\/uploads\/2021\/04\/location-drap-soulac-1.jpg\" alt=\"location drap soulac\" class=\"images_image\" \/><\/div><\/div><\/div><div class=\"element colonne p-x-6\"><h2 class=\"element section-title justify\"> Vermietung von Bettw\u00e4sche und Handt\u00fcchern<\/h2><div class=\"element bloc-text justify \">\n\t<p>Reisen Sie mit leichtem Gep\u00e4ck und lassen Sie Ihre W\u00e4sche zu Hause. Wenn Sie eine Reservierung per Internet oder Telefon vornehmen, geben Sie uns bitte Bescheid. In letzter Minute k\u00f6nnen wir immer eine L\u00f6sung finden, um Ihnen zu helfen, aber es ist immer komplizierter und wir k\u00f6nnen nicht garantieren, dass wir je nach Zeitraum \u00fcber den notwendigen Vorrat verf\u00fcgen&#8230; Sie k\u00f6nnen sich vorstellen, wenn jeder vergisst, wie wir es tun?<\/p>\n<p>Wie viel kostet der Preis der Leichtigkeit?<\/p>\n<ul>\n<li><strong>Bettw\u00e4sche:<\/strong>\u00a0 Einzel Bett 12 \u20ac\/ Doppel Bett 15 \u20ac.<\/li>\n<li><strong>BADEHANDTUCH-SET \/ Person:<\/strong> Bad, Toilette und Handtuch-Set: 10 \u20ac.<\/li>\n<li><strong>Bei Ankunft gemachtes Bett<\/strong>: Einzel Bett 16 \u20ac \/ Doppel Bett 19 \u20ac.<\/li>\n<\/ul>\n<\/div><\/div><\/div><\/div><\/section>\n\n<section id=\"section-groupe6\"\" class=\"section bg-white p-t-0 p-b-0\" \/><div class=\"container full\"><div class=\"element images\"><div class=\"image\"><img decoding=\"async\" src=\"https:\/\/www.campingdespins.fr\/wp-content\/uploads\/2021\/05\/camping-familial-gironde.jpg\" data-src=\"https:\/\/www.campingdespins.fr\/wp-content\/uploads\/2021\/05\/camping-familial-gironde.jpg\" alt=\"camping familial gironde\" class=\"images_image\" \/><\/div><div class=\"image\"><img decoding=\"async\" src=\"https:\/\/www.campingdespins.fr\/wp-content\/uploads\/2021\/05\/kit-bebe-soulac.jpg\" data-src=\"https:\/\/www.campingdespins.fr\/wp-content\/uploads\/2021\/05\/kit-bebe-soulac.jpg\" alt=\"kit bebe soulac\" class=\"images_image\" \/><\/div><\/div><\/div><\/section>\n\n<section id=\"section-groupe7\"\" class=\"section bg-white\" \/><div class=\"container extralarge\"><div class=\"colonnes-wrap valign-middle \"><div class=\"element colonne w-40 p-t-0\"><div class=\"element images\"><div class=\"image\"><img decoding=\"async\" src=\"https:\/\/www.campingdespins.fr\/wp-content\/uploads\/2021\/05\/location-kit-bebe-soulac.jpg\" data-src=\"https:\/\/www.campingdespins.fr\/wp-content\/uploads\/2021\/05\/location-kit-bebe-soulac.jpg\" alt=\"location kit bebe soulac\" class=\"images_image\" \/><\/div><\/div><\/div><div class=\"element colonne w-60 p-x-4 p-y-4\"><h2 class=\"element section-title left color2\">Baby Kit<\/h2><div class=\"element bloc-text justify \">\n\t<p>Reisen Sie mit einem Baby? Wir bieten Ihnen die M\u00f6glichkeit, eine Babyausstattung zu mieten, oder einfach ein Bett oder einen Hochstuhl. Diese Ger\u00e4te werden am Tag Ihrer Ankunft in Ihrer Unterkunft installiert. Denken Sie daran, im Voraus zu buchen.<\/p>\n<ul>\n<li><strong>Baby-Kit mit Bett, Badewanne und Hochstuhl Babybadewanne<\/strong> : 6 \u20ac \/ Nacht &#8211; 30 \u20ac \/ Woche.<\/li>\n<li><strong>Babybett<\/strong> : 5 \u20ac \/ Nacht &#8211; 14 \u20ac \/ Woche.<\/li>\n<li><strong>Hochstuhl<\/strong> : 5 \u20ac \/ Nacht &#8211; 14 \u20ac \/ Woche.<\/li>\n<\/ul>\n<\/div><h2 class=\"element section-title left color2\">Unsere W\u00e4scherei<\/h2><div class=\"element bloc-text justify \">\n\t<p>Der Campingplatz des Pins Soulac verf\u00fcgt \u00fcber einen Waschsalon, der mit zwei <strong>Waschmaschinen<\/strong> und einem Trockner ausgestattet ist. Sie k\u00f6nnen direkt am Automaten in bar bezahlen. Die W\u00e4scherei befindet sich neben dem gro\u00dfen Sanit\u00e4rgeb\u00e4ude.<\/p>\n<ul>\n<li><strong>Waschtarif mit Waschmittel<\/strong>: 7 \u20ac<\/li>\n<li><strong>Tarif f\u00fcr den Trockner<\/strong>: 5 \u20ac<\/li>\n<\/ul>\n<\/div><\/div><\/div><\/div><\/section>\n\n<section id=\"section-groupe7889\"\" class=\"section bg-white\" \/><div class=\"container extralarge\"><div class=\"colonnes-wrap valign-middle \"><div class=\"element colonne w-60 p-x-4 p-y-4\"><h2 class=\"element section-title left color2\">Les Fr\u00e8res Nicoll&#8217;s: unsere Bar, unser Restaurant und unser Privatisierungsbereich<\/h2><div class=\"element bloc-text justify \">\n\t<p>Les<strong> Fr\u00e8res Nicoll&#8217;s<\/strong> ist ein Event- und Coworking-Space mit Bar\/Restaurant, der Sie in das Herz der Strandkultur und des Reisens versetzt. Kommen Sie und verbringen Sie einen angenehmen Moment bei einem Getr\u00e4nk oder einem Gericht in der <strong>Bar\/Restaurant<\/strong>, die von Juni bis September ge\u00f6ffnet ist.<\/p>\n<p>Fachleute und Einzelpersonen k\u00f6nnen in einer freundlichen und authentischen Atmosph\u00e4re zusammenarbeiten. Das ganze Jahr \u00fcber gibt es ma\u00dfgeschneiderte Angebote, um allein oder im Team zu arbeiten.<\/p>\n<p>Kontaktieren Sie Les Fr\u00e8res Nicoll&#8217;s unter 0033 (0)5 56 41 85 94.<\/p>\n<\/div><\/div><div class=\"element colonne w-40 p-t-0\"><div class=\"element images\"><div class=\"image\"><img decoding=\"async\" src=\"https:\/\/www.campingdespins.fr\/wp-content\/uploads\/2021\/05\/restaurant-gironde.jpg\" data-src=\"https:\/\/www.campingdespins.fr\/wp-content\/uploads\/2021\/05\/restaurant-gironde.jpg\" alt=\"restaurant gironde\" class=\"images_image\" \/><\/div><\/div><\/div><\/div><\/div><\/section>\n\n<section id=\"section-6064414b2708d\"\" class=\"section bg-white\" \/><div class=\"container extralarge\"><div class=\"element section-title center titre-cta\">Entdecken Sie unser Restaurant und das Schwimmbad auf dem Campingplatz<\/div><ul class=\"liste-de-page\"><li class=\"element call-to-action carre call-to-action--style-1 call-to-action--normal\"><a href=\"https:\/\/www.campingdespins.fr\/de\/camping-animationen-soulac-sur-mer\/\"  class=\"call-to-action_link\" title=\"En savoir plus sur veranstaltungen und partys in soulac\"><div class=\"call-to-action_image\"><img decoding=\"async\" src=\"https:\/\/www.campingdespins.fr\/wp-content\/uploads\/2021\/05\/petaque-activite-soulac.jpg\" data-src=\"https:\/\/www.campingdespins.fr\/wp-content\/uploads\/2021\/05\/petaque-activite-soulac.jpg\" alt=\"petaque activite soulac\" class=\"normal\" \/><\/div><div class=\"call-to-action_contenu\"><div class=\"call-to-action_titre\">Veranstaltungen und Partys in Soulac<\/div><\/div><\/a><\/li><li class=\"element call-to-action carre call-to-action--style-1 call-to-action--normal call-to-action--style-1 call-to-action--normal\"><a href=\"https:\/\/www.campingdespins.fr\/de\/campingplatze-club-kinder-soulac-sur-mer\/\"  class=\"call-to-action_link\" title=\"En savoir plus sur kinderclub in soulac\"><div class=\"call-to-action_image\"><img decoding=\"async\" src=\"https:\/\/www.campingdespins.fr\/wp-content\/uploads\/2021\/04\/enfant-bouee-soulac.jpg\" data-src=\"https:\/\/www.campingdespins.fr\/wp-content\/uploads\/2021\/04\/enfant-bouee-soulac.jpg\" alt=\"enfant bouee soulac\" class=\"normal\" \/><\/div><div class=\"call-to-action_contenu\"><div class=\"call-to-action_titre\">Kinderclub in Soulac<\/div><\/div><\/a><\/li><li class=\"element call-to-action carre call-to-action--style-1 call-to-action--normal call-to-action--style-1 call-to-action--normal call-to-action--style-1 call-to-action--normal\"><a href=\"https:\/\/www.campingdespins.fr\/de\/camping-schwimmbecken-soulac-sur-mer\/\"  class=\"call-to-action_link\" title=\"En savoir plus sur das schwimmbad in soulac\"><div class=\"call-to-action_image\"><img decoding=\"async\" src=\"https:\/\/www.campingdespins.fr\/wp-content\/uploads\/2021\/04\/natation-piscine-soulac.jpg\" data-src=\"https:\/\/www.campingdespins.fr\/wp-content\/uploads\/2021\/04\/natation-piscine-soulac.jpg\" alt=\"natation piscine soulac\" class=\"normal\" \/><\/div><div class=\"call-to-action_contenu\"><div class=\"call-to-action_titre\">Das Schwimmbad in Soulac<\/div><\/div><\/a><\/li><\/ul><\/div><\/section>","protected":false},"excerpt":{"rendered":"","protected":false},"author":1,"featured_media":3486,"parent":0,"menu_order":0,"comment_status":"closed","ping_status":"closed","template":"","meta":{"_acf_changed":false,"footnotes":""},"class_list":["post-5296","page","type-page","status-publish","has-post-thumbnail","hentry"],"acf":[],"yoast_head":"<!-- This site is optimized with the Yoast SEO plugin v25.8 - https:\/\/yoast.com\/wordpress\/plugins\/seo\/ -->\n<title>Familiencampingplatz im S\u00fcden Frankreichs am Meer in Soulac<\/title>\n<meta name=\"description\" content=\"Genie\u00dfen Sie einen Familiencampingplatz im S\u00fcden Frankreichs in der N\u00e4he des Meeres in Soulac sur Mer, geeignet f\u00fcr Kinder und voller Entspannung f\u00fcr Jung und Alt.\" \/>\n<meta name=\"robots\" content=\"index, follow, max-snippet:-1, max-image-preview:large, max-video-preview:-1\" \/>\n<link rel=\"canonical\" href=\"https:\/\/www.campingdespins.fr\/de\/camping-familie-soulac-sur-mer\/\" \/>\n<meta property=\"og:locale\" content=\"de_DE\" \/>\n<meta property=\"og:type\" content=\"article\" \/>\n<meta property=\"og:title\" content=\"Familiencampingplatz im S\u00fcden Frankreichs am Meer in Soulac\" \/>\n<meta property=\"og:description\" content=\"Genie\u00dfen Sie einen Familiencampingplatz im S\u00fcden Frankreichs in der N\u00e4he des Meeres in Soulac sur Mer, geeignet f\u00fcr Kinder und voller Entspannung f\u00fcr Jung und Alt.\" \/>\n<meta property=\"og:url\" content=\"https:\/\/www.campingdespins.fr\/de\/camping-familie-soulac-sur-mer\/\" \/>\n<meta property=\"og:site_name\" content=\"Camping des Pins\" \/>\n<meta property=\"article:modified_time\" content=\"2024-12-03T12:29:20+00:00\" \/>\n<meta property=\"og:image\" content=\"https:\/\/www.campingdespins.fr\/wp-content\/uploads\/2021\/05\/location-hebergement-soulac-1.jpg\" \/>\n\t<meta property=\"og:image:width\" content=\"1904\" \/>\n\t<meta property=\"og:image:height\" content=\"500\" \/>\n\t<meta property=\"og:image:type\" content=\"image\/jpeg\" \/>\n<meta name=\"twitter:card\" content=\"summary_large_image\" \/>\n<script type=\"application\/ld+json\" class=\"yoast-schema-graph\">{\"@context\":\"https:\/\/schema.org\",\"@graph\":[{\"@type\":\"WebPage\",\"@id\":\"https:\/\/www.campingdespins.fr\/de\/camping-familie-soulac-sur-mer\/\",\"url\":\"https:\/\/www.campingdespins.fr\/de\/camping-familie-soulac-sur-mer\/\",\"name\":\"Familiencampingplatz im S\u00fcden Frankreichs am Meer in Soulac\",\"isPartOf\":{\"@id\":\"https:\/\/www.campingdespins.fr\/de\/#website\"},\"primaryImageOfPage\":{\"@id\":\"https:\/\/www.campingdespins.fr\/de\/camping-familie-soulac-sur-mer\/#primaryimage\"},\"image\":{\"@id\":\"https:\/\/www.campingdespins.fr\/de\/camping-familie-soulac-sur-mer\/#primaryimage\"},\"thumbnailUrl\":\"https:\/\/www.campingdespins.fr\/wp-content\/uploads\/2021\/05\/location-hebergement-soulac-1.jpg\",\"datePublished\":\"2021-03-15T03:41:21+00:00\",\"dateModified\":\"2024-12-03T12:29:20+00:00\",\"description\":\"Genie\u00dfen Sie einen Familiencampingplatz im S\u00fcden Frankreichs in der N\u00e4he des Meeres in Soulac sur Mer, geeignet f\u00fcr Kinder und voller Entspannung f\u00fcr Jung und Alt.\",\"breadcrumb\":{\"@id\":\"https:\/\/www.campingdespins.fr\/de\/camping-familie-soulac-sur-mer\/#breadcrumb\"},\"inLanguage\":\"de\",\"potentialAction\":[{\"@type\":\"ReadAction\",\"target\":[\"https:\/\/www.campingdespins.fr\/de\/camping-familie-soulac-sur-mer\/\"]}]},{\"@type\":\"ImageObject\",\"inLanguage\":\"de\",\"@id\":\"https:\/\/www.campingdespins.fr\/de\/camping-familie-soulac-sur-mer\/#primaryimage\",\"url\":\"https:\/\/www.campingdespins.fr\/wp-content\/uploads\/2021\/05\/location-hebergement-soulac-1.jpg\",\"contentUrl\":\"https:\/\/www.campingdespins.fr\/wp-content\/uploads\/2021\/05\/location-hebergement-soulac-1.jpg\",\"width\":1904,\"height\":500,\"caption\":\"location hebergement soulac\"},{\"@type\":\"BreadcrumbList\",\"@id\":\"https:\/\/www.campingdespins.fr\/de\/camping-familie-soulac-sur-mer\/#breadcrumb\",\"itemListElement\":[{\"@type\":\"ListItem\",\"position\":1,\"name\":\"Camping Soulac sur Mer\",\"item\":\"https:\/\/www.campingdespins.fr\/de\/\"},{\"@type\":\"ListItem\",\"position\":2,\"name\":\"Familiencampingplatz in der Gironde\"}]},{\"@type\":\"WebSite\",\"@id\":\"https:\/\/www.campingdespins.fr\/de\/#website\",\"url\":\"https:\/\/www.campingdespins.fr\/de\/\",\"name\":\"Camping des Pins\",\"description\":\"\",\"publisher\":{\"@id\":\"https:\/\/www.campingdespins.fr\/de\/#organization\"},\"potentialAction\":[{\"@type\":\"SearchAction\",\"target\":{\"@type\":\"EntryPoint\",\"urlTemplate\":\"https:\/\/www.campingdespins.fr\/de\/?s={search_term_string}\"},\"query-input\":{\"@type\":\"PropertyValueSpecification\",\"valueRequired\":true,\"valueName\":\"search_term_string\"}}],\"inLanguage\":\"de\"},{\"@type\":\"Organization\",\"@id\":\"https:\/\/www.campingdespins.fr\/de\/#organization\",\"name\":\"Camping des pins Soulac\",\"url\":\"https:\/\/www.campingdespins.fr\/de\/\",\"logo\":{\"@type\":\"ImageObject\",\"inLanguage\":\"de\",\"@id\":\"https:\/\/www.campingdespins.fr\/de\/#\/schema\/logo\/image\/\",\"url\":\"https:\/\/www.campingdespins.fr\/wp-content\/uploads\/2021\/03\/camping-pin-soulac-logo.png\",\"contentUrl\":\"https:\/\/www.campingdespins.fr\/wp-content\/uploads\/2021\/03\/camping-pin-soulac-logo.png\",\"width\":200,\"height\":212,\"caption\":\"Camping des pins Soulac\"},\"image\":{\"@id\":\"https:\/\/www.campingdespins.fr\/de\/#\/schema\/logo\/image\/\"}}]}<\/script>\n<!-- \/ Yoast SEO plugin. -->","yoast_head_json":{"title":"Familiencampingplatz im S\u00fcden Frankreichs am Meer in Soulac","description":"Genie\u00dfen Sie einen Familiencampingplatz im S\u00fcden Frankreichs in der N\u00e4he des Meeres in Soulac sur Mer, geeignet f\u00fcr Kinder und voller Entspannung f\u00fcr Jung und Alt.","robots":{"index":"index","follow":"follow","max-snippet":"max-snippet:-1","max-image-preview":"max-image-preview:large","max-video-preview":"max-video-preview:-1"},"canonical":"https:\/\/www.campingdespins.fr\/de\/camping-familie-soulac-sur-mer\/","og_locale":"de_DE","og_type":"article","og_title":"Familiencampingplatz im S\u00fcden Frankreichs am Meer in Soulac","og_description":"Genie\u00dfen Sie einen Familiencampingplatz im S\u00fcden Frankreichs in der N\u00e4he des Meeres in Soulac sur Mer, geeignet f\u00fcr Kinder und voller Entspannung f\u00fcr Jung und Alt.","og_url":"https:\/\/www.campingdespins.fr\/de\/camping-familie-soulac-sur-mer\/","og_site_name":"Camping des Pins","article_modified_time":"2024-12-03T12:29:20+00:00","og_image":[{"width":1904,"height":500,"url":"https:\/\/www.campingdespins.fr\/wp-content\/uploads\/2021\/05\/location-hebergement-soulac-1.jpg","type":"image\/jpeg"}],"twitter_card":"summary_large_image","schema":{"@context":"https:\/\/schema.org","@graph":[{"@type":"WebPage","@id":"https:\/\/www.campingdespins.fr\/de\/camping-familie-soulac-sur-mer\/","url":"https:\/\/www.campingdespins.fr\/de\/camping-familie-soulac-sur-mer\/","name":"Familiencampingplatz im S\u00fcden Frankreichs am Meer in Soulac","isPartOf":{"@id":"https:\/\/www.campingdespins.fr\/de\/#website"},"primaryImageOfPage":{"@id":"https:\/\/www.campingdespins.fr\/de\/camping-familie-soulac-sur-mer\/#primaryimage"},"image":{"@id":"https:\/\/www.campingdespins.fr\/de\/camping-familie-soulac-sur-mer\/#primaryimage"},"thumbnailUrl":"https:\/\/www.campingdespins.fr\/wp-content\/uploads\/2021\/05\/location-hebergement-soulac-1.jpg","datePublished":"2021-03-15T03:41:21+00:00","dateModified":"2024-12-03T12:29:20+00:00","description":"Genie\u00dfen Sie einen Familiencampingplatz im S\u00fcden Frankreichs in der N\u00e4he des Meeres in Soulac sur Mer, geeignet f\u00fcr Kinder und voller Entspannung f\u00fcr Jung und Alt.","breadcrumb":{"@id":"https:\/\/www.campingdespins.fr\/de\/camping-familie-soulac-sur-mer\/#breadcrumb"},"inLanguage":"de","potentialAction":[{"@type":"ReadAction","target":["https:\/\/www.campingdespins.fr\/de\/camping-familie-soulac-sur-mer\/"]}]},{"@type":"ImageObject","inLanguage":"de","@id":"https:\/\/www.campingdespins.fr\/de\/camping-familie-soulac-sur-mer\/#primaryimage","url":"https:\/\/www.campingdespins.fr\/wp-content\/uploads\/2021\/05\/location-hebergement-soulac-1.jpg","contentUrl":"https:\/\/www.campingdespins.fr\/wp-content\/uploads\/2021\/05\/location-hebergement-soulac-1.jpg","width":1904,"height":500,"caption":"location hebergement soulac"},{"@type":"BreadcrumbList","@id":"https:\/\/www.campingdespins.fr\/de\/camping-familie-soulac-sur-mer\/#breadcrumb","itemListElement":[{"@type":"ListItem","position":1,"name":"Camping Soulac sur Mer","item":"https:\/\/www.campingdespins.fr\/de\/"},{"@type":"ListItem","position":2,"name":"Familiencampingplatz in der Gironde"}]},{"@type":"WebSite","@id":"https:\/\/www.campingdespins.fr\/de\/#website","url":"https:\/\/www.campingdespins.fr\/de\/","name":"Camping des Pins","description":"","publisher":{"@id":"https:\/\/www.campingdespins.fr\/de\/#organization"},"potentialAction":[{"@type":"SearchAction","target":{"@type":"EntryPoint","urlTemplate":"https:\/\/www.campingdespins.fr\/de\/?s={search_term_string}"},"query-input":{"@type":"PropertyValueSpecification","valueRequired":true,"valueName":"search_term_string"}}],"inLanguage":"de"},{"@type":"Organization","@id":"https:\/\/www.campingdespins.fr\/de\/#organization","name":"Camping des pins Soulac","url":"https:\/\/www.campingdespins.fr\/de\/","logo":{"@type":"ImageObject","inLanguage":"de","@id":"https:\/\/www.campingdespins.fr\/de\/#\/schema\/logo\/image\/","url":"https:\/\/www.campingdespins.fr\/wp-content\/uploads\/2021\/03\/camping-pin-soulac-logo.png","contentUrl":"https:\/\/www.campingdespins.fr\/wp-content\/uploads\/2021\/03\/camping-pin-soulac-logo.png","width":200,"height":212,"caption":"Camping des pins Soulac"},"image":{"@id":"https:\/\/www.campingdespins.fr\/de\/#\/schema\/logo\/image\/"}}]}},"_links":{"self":[{"href":"https:\/\/www.campingdespins.fr\/de\/wp-json\/wp\/v2\/pages\/5296","targetHints":{"allow":["GET"]}}],"collection":[{"href":"https:\/\/www.campingdespins.fr\/de\/wp-json\/wp\/v2\/pages"}],"about":[{"href":"https:\/\/www.campingdespins.fr\/de\/wp-json\/wp\/v2\/types\/page"}],"author":[{"embeddable":true,"href":"https:\/\/www.campingdespins.fr\/de\/wp-json\/wp\/v2\/users\/1"}],"replies":[{"embeddable":true,"href":"https:\/\/www.campingdespins.fr\/de\/wp-json\/wp\/v2\/comments?post=5296"}],"version-history":[{"count":40,"href":"https:\/\/www.campingdespins.fr\/de\/wp-json\/wp\/v2\/pages\/5296\/revisions"}],"predecessor-version":[{"id":8318,"href":"https:\/\/www.campingdespins.fr\/de\/wp-json\/wp\/v2\/pages\/5296\/revisions\/8318"}],"wp:featuredmedia":[{"embeddable":true,"href":"https:\/\/www.campingdespins.fr\/de\/wp-json\/wp\/v2\/media\/3486"}],"wp:attachment":[{"href":"https:\/\/www.campingdespins.fr\/de\/wp-json\/wp\/v2\/media?parent=5296"}],"curies":[{"name":"wp","href":"https:\/\/api.w.org\/{rel}","templated":true}]}}