{"id":5323,"date":"2021-03-15T04:40:27","date_gmt":"2021-03-15T03:40:27","guid":{"rendered":"https:\/\/www.campingdespins.fr\/camping-pas-cher-soulac-sur-mer\/"},"modified":"2024-11-21T09:15:45","modified_gmt":"2024-11-21T08:15:45","slug":"campingplatz-cheap-soulac-sur-mer","status":"publish","type":"page","link":"https:\/\/www.campingdespins.fr\/de\/campingplatz-cheap-soulac-sur-mer\/","title":{"rendered":"H\u00e9bergements : Nos tarifs"},"content":{"rendered":"<section id=\"section-6064414b26ae1\"\" class=\"section bg-white p-t-0\" \/><div class=\"container extralarge\"><h1 class=\"element section-title center\">G\u00fcnstiger Campingplatz in Soulac !<\/h1><\/div><\/section>\n\n<section id=\"section-60a39309cd39b\"\" class=\"section bg-white\" \/><div class=\"container extralarge\"><div class=\"element bloc-text\">\n\t<script>\r\n  (function(t,h,e,l,i,s,R,E,S,A){\r\n      t[i]={},t[i][s]=t[i][s]||function(){\r\n          if(1===arguments.length){return t[i].a[arguments[0]]||null}\r\n          else{t[i].a=t[i].a||[]; t[i].a[arguments[0]] = arguments[1];}\r\n      },\r\n          R=h.createElement(e),E=h.getElementsByTagName(e)[0];\r\n      R.async=1;R.src=l;E.parentNode.insertBefore(R,E)\r\n  })(window,document,\"script\",\"\/\/thelisresa.webcamp.fr\/ilib\/v4\/?categories&favorites&searchengine&simpleblock\",\"thelisresa\",\"ilib\");\r\n  thelisresa.ilib('camping', 'pins33');\r\n  thelisresa.ilib('language', 'de');\r\n<\/script>\r\n<thr-simpleblock day=\"samedi\" category-type=\"both\"><\/thr-simpleblock><\/div><\/div><\/section>\n\n<section id=\"section-groupe9\"\" class=\"section bg-white p-t-0\" \/><div class=\"container extralarge\"><div class=\"colonnes-wrap valign-top \"><div class=\"element colonne w-40 p-t-0\"><div class=\"element images\"><div class=\"image\"><img decoding=\"async\" src=\"https:\/\/www.campingdespins.fr\/wp-content\/uploads\/2021\/05\/location-pas-cher-gironde.jpg\" data-src=\"https:\/\/www.campingdespins.fr\/wp-content\/uploads\/2021\/05\/location-pas-cher-gironde.jpg\" alt=\"location pas cher gironde\" class=\"images_image nofilter\" \/><\/div><\/div><\/div><div class=\"element colonne w-60 p-x-4 p-y-4\"><h2 class=\"element section-title left color2\">Das beste Preis-Leistungs-Verh\u00e4ltnis auf dem Campingplatz Gironde<\/h2><div class=\"element bloc-text justify \">\n\t<p>Unsere Preise variieren je nach Saison, in der Neben- oder Hochsaison. Sie werden finden, was Sie suchen, je nach Ihrem Urlaubsbudget, ob kurzes oder langes Wochenende.<\/p>\n<p>Unsere <strong>besten Preis<\/strong>e basieren auf unseren verschiedenen Arten von <strong>komfortablen Unterk\u00fcnften<\/strong>. Unsere Amazone, Sweetjunior und Ecolodges Dune, Sweet oder Cotton mit 2 bis 3 Schlafzimmern und mit oder ohne Bad bieten Ihnen maximalen Komfort zum besten<strong> Preis-Leistungs-Verh\u00e4ltnis<\/strong> in der Gironde.<\/p>\n<p>F\u00fcr einen Aufenthalt in einer <strong>warmen Holzunterkunft<\/strong>, im Herzen der Natur, entdecken Sie unsere Gironde Mobilheime 1 Schlafzimmer, 2 Schlafzimmer oder 3 Schlafzimmer, 1 Bad oder 2 B\u00e4der zu g\u00fcnstigen Preisen in Soulac-sur-Mer.<\/p>\n<\/div><\/div><\/div><\/div><\/section>\n\n<section id=\"section-6064414b26c55\"\" class=\"section bg-white p-t-0 p-b-0\" \/><div class=\"container full\"><div class=\"element images\"><div class=\"image\"><img decoding=\"async\" src=\"https:\/\/www.campingdespins.fr\/wp-content\/uploads\/2021\/05\/locatif-pas-cher-gironde.jpg\" data-src=\"https:\/\/www.campingdespins.fr\/wp-content\/uploads\/2021\/05\/locatif-pas-cher-gironde.jpg\" alt=\"locatif pas cher gironde\" class=\"images_image nofilter\" \/><\/div><div class=\"image\"><img decoding=\"async\" src=\"https:\/\/www.campingdespins.fr\/wp-content\/uploads\/2021\/05\/locatif-petit-prix-gironde-1.jpg\" data-src=\"https:\/\/www.campingdespins.fr\/wp-content\/uploads\/2021\/05\/locatif-petit-prix-gironde-1.jpg\" alt=\"locatif petit prix gironde\" class=\"images_image nofilter\" \/><\/div><\/div><\/div><\/section>\n\n<section id=\"section-6064414b26e8d\"\" class=\"section bg-white p-t-0 p-b-0\" \/><div class=\"container full\"><div class=\"colonnes-wrap valign-middle \"><div class=\"element colonne p-0\"><div class=\"element images\"><div class=\"image\"><img decoding=\"async\" src=\"https:\/\/www.campingdespins.fr\/wp-content\/uploads\/2021\/05\/location-meilleur-prix-soulac-1.jpg\" data-src=\"https:\/\/www.campingdespins.fr\/wp-content\/uploads\/2021\/05\/location-meilleur-prix-soulac-1.jpg\" alt=\"location meilleur prix soulac\" class=\"images_image nofilter\" \/><\/div><\/div><\/div><div class=\"element colonne p-x-6\"><h2 class=\"element section-title left\">Unsere preiswerten Vermietungen in Soulac-sur-Mer<\/h2><div class=\"element bloc-text justify \">\n\t<p>Auf dem Campingplatz Soulac-sur-Mer haben wir auch 3 Kategorien von Stellpl\u00e4tzen zu g\u00fcnstigen Preisen. W\u00e4hlen Sie einen Stellplatz, der Ihrem Budget und Ihren Bed\u00fcrfnissen entspricht: <strong>Premium<\/strong> (Wohnwagen, Zelt mit 6A Strom und Abfluss), <strong>Eden<\/strong> (Wohnwagen, Zelt mit 6A Strom) oder <strong>Komfort<\/strong> (Wohnwagen oder Zelt).<\/p>\n<p>F\u00fcr alle Preise, die sich im Laufe des Jahres \u00e4ndern k\u00f6nnen, z\u00f6gern Sie nicht, die Rezeption anzurufen, um weitere Informationen zu erhalten und einen Kostenvoranschlag f\u00fcr Ihre Bed\u00fcrfnisse zu bekommen.<\/p>\n<\/div><\/div><\/div><\/div><\/section>\n\n<section id=\"section-6064414b2708d\"\" class=\"section bg-white\" \/><div class=\"container extralarge\"><div class=\"element section-title center titre-cta\">Entdecken Sie unsere Mobilheime und Campingpl\u00e4tze<\/div><ul class=\"liste-de-page\"><li class=\"element call-to-action carre call-to-action--style-1 call-to-action--normal\"><a href=\"https:\/\/www.campingdespins.fr\/de\/standort-soulac-sur-mer\/\"  class=\"call-to-action_link\" title=\"En savoir plus sur stellpl\u00e4tze in soulac\"><div class=\"call-to-action_image\"><img decoding=\"async\" src=\"https:\/\/www.campingdespins.fr\/wp-content\/uploads\/2021\/05\/gironde-louer-emplacement.jpg\" data-src=\"https:\/\/www.campingdespins.fr\/wp-content\/uploads\/2021\/05\/gironde-louer-emplacement.jpg\" alt=\"gironde louer emplacement\" class=\"normal\" \/><\/div><div class=\"call-to-action_contenu\"><div class=\"call-to-action_titre\">Stellpl\u00e4tze in Soulac<\/div><\/div><\/a><\/li><li class=\"element call-to-action carre call-to-action--style-1 call-to-action--normal call-to-action--style-1 call-to-action--normal\"><a href=\"https:\/\/www.campingdespins.fr\/de\/standort-mobil-heim-soulac-sur-mer\/\"  class=\"call-to-action_link\" title=\"En savoir plus sur mobilheime in soulac\"><div class=\"call-to-action_image\"><img decoding=\"async\" src=\"https:\/\/www.campingdespins.fr\/wp-content\/uploads\/2021\/04\/location-mobil-home-soulac.jpg\" data-src=\"https:\/\/www.campingdespins.fr\/wp-content\/uploads\/2021\/04\/location-mobil-home-soulac.jpg\" alt=\"lcoation mobil home soulac\" class=\"normal\" \/><\/div><div class=\"call-to-action_contenu\"><div class=\"call-to-action_titre\">Mobilheime in Soulac<\/div><\/div><\/a><\/li><li class=\"element call-to-action carre call-to-action--style-1 call-to-action--normal call-to-action--style-1 call-to-action--normal call-to-action--style-1 call-to-action--normal\"><a href=\"https:\/\/www.campingdespins.fr\/de\/miete-insolite-soulac-sur-mer\/\"  class=\"call-to-action_link\" title=\"En savoir plus sur \u00d6kolodges in soulac\"><div class=\"call-to-action_image\"><img decoding=\"async\" src=\"https:\/\/www.campingdespins.fr\/wp-content\/uploads\/2021\/04\/soulac-lodge-location.jpg\" data-src=\"https:\/\/www.campingdespins.fr\/wp-content\/uploads\/2021\/04\/soulac-lodge-location.jpg\" alt=\"soulac lodge location\" class=\"normal\" \/><\/div><div class=\"call-to-action_contenu\"><div class=\"call-to-action_titre\">\u00d6kolodges in Soulac<\/div><\/div><\/a><\/li><\/ul><\/div><\/section>","protected":false},"excerpt":{"rendered":"","protected":false},"author":1,"featured_media":4261,"parent":0,"menu_order":0,"comment_status":"closed","ping_status":"closed","template":"","meta":{"_acf_changed":false,"footnotes":""},"class_list":["post-5323","page","type-page","status-publish","has-post-thumbnail","hentry"],"acf":[],"yoast_head":"<!-- This site is optimized with the Yoast SEO plugin v25.8 - https:\/\/yoast.com\/wordpress\/plugins\/seo\/ -->\n<title>G\u00fcnstiger Campingplatz Soulac am Meer in Soulac sur Mer<\/title>\n<meta name=\"description\" content=\"Entdecken Sie Camping des Pins in Soulac Plage zu einem erschwinglichen Preis! Perfekte Lage in Strandn\u00e4he, mit Komfort und Natur f\u00fcr einen unvergesslichen Urlaub.\" \/>\n<meta name=\"robots\" content=\"index, follow, max-snippet:-1, max-image-preview:large, max-video-preview:-1\" \/>\n<link rel=\"canonical\" href=\"https:\/\/www.campingdespins.fr\/de\/campingplatz-cheap-soulac-sur-mer\/\" \/>\n<meta property=\"og:locale\" content=\"de_DE\" \/>\n<meta property=\"og:type\" content=\"article\" \/>\n<meta property=\"og:title\" content=\"G\u00fcnstiger Campingplatz Soulac am Meer in Soulac sur Mer\" \/>\n<meta property=\"og:description\" content=\"Entdecken Sie Camping des Pins in Soulac Plage zu einem erschwinglichen Preis! Perfekte Lage in Strandn\u00e4he, mit Komfort und Natur f\u00fcr einen unvergesslichen Urlaub.\" \/>\n<meta property=\"og:url\" content=\"https:\/\/www.campingdespins.fr\/de\/campingplatz-cheap-soulac-sur-mer\/\" \/>\n<meta property=\"og:site_name\" content=\"Camping des Pins\" \/>\n<meta property=\"article:modified_time\" content=\"2024-11-21T08:15:45+00:00\" \/>\n<meta property=\"og:image\" content=\"https:\/\/www.campingdespins.fr\/wp-content\/uploads\/2021\/06\/location-petit-prix-soulac.jpg\" \/>\n\t<meta property=\"og:image:width\" content=\"1904\" \/>\n\t<meta property=\"og:image:height\" content=\"500\" \/>\n\t<meta property=\"og:image:type\" content=\"image\/jpeg\" \/>\n<meta name=\"twitter:card\" content=\"summary_large_image\" \/>\n<meta name=\"twitter:label1\" content=\"Gesch\u00e4tzte Lesezeit\" \/>\n\t<meta name=\"twitter:data1\" content=\"1\u00a0Minute\" \/>\n<script type=\"application\/ld+json\" class=\"yoast-schema-graph\">{\"@context\":\"https:\/\/schema.org\",\"@graph\":[{\"@type\":\"WebPage\",\"@id\":\"https:\/\/www.campingdespins.fr\/de\/campingplatz-cheap-soulac-sur-mer\/\",\"url\":\"https:\/\/www.campingdespins.fr\/de\/campingplatz-cheap-soulac-sur-mer\/\",\"name\":\"G\u00fcnstiger Campingplatz Soulac am Meer in Soulac sur Mer\",\"isPartOf\":{\"@id\":\"https:\/\/www.campingdespins.fr\/de\/#website\"},\"primaryImageOfPage\":{\"@id\":\"https:\/\/www.campingdespins.fr\/de\/campingplatz-cheap-soulac-sur-mer\/#primaryimage\"},\"image\":{\"@id\":\"https:\/\/www.campingdespins.fr\/de\/campingplatz-cheap-soulac-sur-mer\/#primaryimage\"},\"thumbnailUrl\":\"https:\/\/www.campingdespins.fr\/wp-content\/uploads\/2021\/06\/location-petit-prix-soulac.jpg\",\"datePublished\":\"2021-03-15T03:40:27+00:00\",\"dateModified\":\"2024-11-21T08:15:45+00:00\",\"description\":\"Entdecken Sie Camping des Pins in Soulac Plage zu einem erschwinglichen Preis! Perfekte Lage in Strandn\u00e4he, mit Komfort und Natur f\u00fcr einen unvergesslichen Urlaub.\",\"breadcrumb\":{\"@id\":\"https:\/\/www.campingdespins.fr\/de\/campingplatz-cheap-soulac-sur-mer\/#breadcrumb\"},\"inLanguage\":\"de\",\"potentialAction\":[{\"@type\":\"ReadAction\",\"target\":[\"https:\/\/www.campingdespins.fr\/de\/campingplatz-cheap-soulac-sur-mer\/\"]}]},{\"@type\":\"ImageObject\",\"inLanguage\":\"de\",\"@id\":\"https:\/\/www.campingdespins.fr\/de\/campingplatz-cheap-soulac-sur-mer\/#primaryimage\",\"url\":\"https:\/\/www.campingdespins.fr\/wp-content\/uploads\/2021\/06\/location-petit-prix-soulac.jpg\",\"contentUrl\":\"https:\/\/www.campingdespins.fr\/wp-content\/uploads\/2021\/06\/location-petit-prix-soulac.jpg\",\"width\":1904,\"height\":500,\"caption\":\"location petit prix soulac\"},{\"@type\":\"BreadcrumbList\",\"@id\":\"https:\/\/www.campingdespins.fr\/de\/campingplatz-cheap-soulac-sur-mer\/#breadcrumb\",\"itemListElement\":[{\"@type\":\"ListItem\",\"position\":1,\"name\":\"Camping Soulac sur Mer\",\"item\":\"https:\/\/www.campingdespins.fr\/de\/\"},{\"@type\":\"ListItem\",\"position\":2,\"name\":\"Camping pas cher en Gironde\"}]},{\"@type\":\"WebSite\",\"@id\":\"https:\/\/www.campingdespins.fr\/de\/#website\",\"url\":\"https:\/\/www.campingdespins.fr\/de\/\",\"name\":\"Camping des Pins\",\"description\":\"\",\"publisher\":{\"@id\":\"https:\/\/www.campingdespins.fr\/de\/#organization\"},\"potentialAction\":[{\"@type\":\"SearchAction\",\"target\":{\"@type\":\"EntryPoint\",\"urlTemplate\":\"https:\/\/www.campingdespins.fr\/de\/?s={search_term_string}\"},\"query-input\":{\"@type\":\"PropertyValueSpecification\",\"valueRequired\":true,\"valueName\":\"search_term_string\"}}],\"inLanguage\":\"de\"},{\"@type\":\"Organization\",\"@id\":\"https:\/\/www.campingdespins.fr\/de\/#organization\",\"name\":\"Camping des pins Soulac\",\"url\":\"https:\/\/www.campingdespins.fr\/de\/\",\"logo\":{\"@type\":\"ImageObject\",\"inLanguage\":\"de\",\"@id\":\"https:\/\/www.campingdespins.fr\/de\/#\/schema\/logo\/image\/\",\"url\":\"https:\/\/www.campingdespins.fr\/wp-content\/uploads\/2021\/03\/camping-pin-soulac-logo.png\",\"contentUrl\":\"https:\/\/www.campingdespins.fr\/wp-content\/uploads\/2021\/03\/camping-pin-soulac-logo.png\",\"width\":200,\"height\":212,\"caption\":\"Camping des pins Soulac\"},\"image\":{\"@id\":\"https:\/\/www.campingdespins.fr\/de\/#\/schema\/logo\/image\/\"}}]}<\/script>\n<!-- \/ Yoast SEO plugin. -->","yoast_head_json":{"title":"G\u00fcnstiger Campingplatz Soulac am Meer in Soulac sur Mer","description":"Entdecken Sie Camping des Pins in Soulac Plage zu einem erschwinglichen Preis! Perfekte Lage in Strandn\u00e4he, mit Komfort und Natur f\u00fcr einen unvergesslichen Urlaub.","robots":{"index":"index","follow":"follow","max-snippet":"max-snippet:-1","max-image-preview":"max-image-preview:large","max-video-preview":"max-video-preview:-1"},"canonical":"https:\/\/www.campingdespins.fr\/de\/campingplatz-cheap-soulac-sur-mer\/","og_locale":"de_DE","og_type":"article","og_title":"G\u00fcnstiger Campingplatz Soulac am Meer in Soulac sur Mer","og_description":"Entdecken Sie Camping des Pins in Soulac Plage zu einem erschwinglichen Preis! Perfekte Lage in Strandn\u00e4he, mit Komfort und Natur f\u00fcr einen unvergesslichen Urlaub.","og_url":"https:\/\/www.campingdespins.fr\/de\/campingplatz-cheap-soulac-sur-mer\/","og_site_name":"Camping des Pins","article_modified_time":"2024-11-21T08:15:45+00:00","og_image":[{"width":1904,"height":500,"url":"https:\/\/www.campingdespins.fr\/wp-content\/uploads\/2021\/06\/location-petit-prix-soulac.jpg","type":"image\/jpeg"}],"twitter_card":"summary_large_image","twitter_misc":{"Gesch\u00e4tzte Lesezeit":"1\u00a0Minute"},"schema":{"@context":"https:\/\/schema.org","@graph":[{"@type":"WebPage","@id":"https:\/\/www.campingdespins.fr\/de\/campingplatz-cheap-soulac-sur-mer\/","url":"https:\/\/www.campingdespins.fr\/de\/campingplatz-cheap-soulac-sur-mer\/","name":"G\u00fcnstiger Campingplatz Soulac am Meer in Soulac sur Mer","isPartOf":{"@id":"https:\/\/www.campingdespins.fr\/de\/#website"},"primaryImageOfPage":{"@id":"https:\/\/www.campingdespins.fr\/de\/campingplatz-cheap-soulac-sur-mer\/#primaryimage"},"image":{"@id":"https:\/\/www.campingdespins.fr\/de\/campingplatz-cheap-soulac-sur-mer\/#primaryimage"},"thumbnailUrl":"https:\/\/www.campingdespins.fr\/wp-content\/uploads\/2021\/06\/location-petit-prix-soulac.jpg","datePublished":"2021-03-15T03:40:27+00:00","dateModified":"2024-11-21T08:15:45+00:00","description":"Entdecken Sie Camping des Pins in Soulac Plage zu einem erschwinglichen Preis! Perfekte Lage in Strandn\u00e4he, mit Komfort und Natur f\u00fcr einen unvergesslichen Urlaub.","breadcrumb":{"@id":"https:\/\/www.campingdespins.fr\/de\/campingplatz-cheap-soulac-sur-mer\/#breadcrumb"},"inLanguage":"de","potentialAction":[{"@type":"ReadAction","target":["https:\/\/www.campingdespins.fr\/de\/campingplatz-cheap-soulac-sur-mer\/"]}]},{"@type":"ImageObject","inLanguage":"de","@id":"https:\/\/www.campingdespins.fr\/de\/campingplatz-cheap-soulac-sur-mer\/#primaryimage","url":"https:\/\/www.campingdespins.fr\/wp-content\/uploads\/2021\/06\/location-petit-prix-soulac.jpg","contentUrl":"https:\/\/www.campingdespins.fr\/wp-content\/uploads\/2021\/06\/location-petit-prix-soulac.jpg","width":1904,"height":500,"caption":"location petit prix soulac"},{"@type":"BreadcrumbList","@id":"https:\/\/www.campingdespins.fr\/de\/campingplatz-cheap-soulac-sur-mer\/#breadcrumb","itemListElement":[{"@type":"ListItem","position":1,"name":"Camping Soulac sur Mer","item":"https:\/\/www.campingdespins.fr\/de\/"},{"@type":"ListItem","position":2,"name":"Camping pas cher en Gironde"}]},{"@type":"WebSite","@id":"https:\/\/www.campingdespins.fr\/de\/#website","url":"https:\/\/www.campingdespins.fr\/de\/","name":"Camping des Pins","description":"","publisher":{"@id":"https:\/\/www.campingdespins.fr\/de\/#organization"},"potentialAction":[{"@type":"SearchAction","target":{"@type":"EntryPoint","urlTemplate":"https:\/\/www.campingdespins.fr\/de\/?s={search_term_string}"},"query-input":{"@type":"PropertyValueSpecification","valueRequired":true,"valueName":"search_term_string"}}],"inLanguage":"de"},{"@type":"Organization","@id":"https:\/\/www.campingdespins.fr\/de\/#organization","name":"Camping des pins Soulac","url":"https:\/\/www.campingdespins.fr\/de\/","logo":{"@type":"ImageObject","inLanguage":"de","@id":"https:\/\/www.campingdespins.fr\/de\/#\/schema\/logo\/image\/","url":"https:\/\/www.campingdespins.fr\/wp-content\/uploads\/2021\/03\/camping-pin-soulac-logo.png","contentUrl":"https:\/\/www.campingdespins.fr\/wp-content\/uploads\/2021\/03\/camping-pin-soulac-logo.png","width":200,"height":212,"caption":"Camping des pins Soulac"},"image":{"@id":"https:\/\/www.campingdespins.fr\/de\/#\/schema\/logo\/image\/"}}]}},"_links":{"self":[{"href":"https:\/\/www.campingdespins.fr\/de\/wp-json\/wp\/v2\/pages\/5323","targetHints":{"allow":["GET"]}}],"collection":[{"href":"https:\/\/www.campingdespins.fr\/de\/wp-json\/wp\/v2\/pages"}],"about":[{"href":"https:\/\/www.campingdespins.fr\/de\/wp-json\/wp\/v2\/types\/page"}],"author":[{"embeddable":true,"href":"https:\/\/www.campingdespins.fr\/de\/wp-json\/wp\/v2\/users\/1"}],"replies":[{"embeddable":true,"href":"https:\/\/www.campingdespins.fr\/de\/wp-json\/wp\/v2\/comments?post=5323"}],"version-history":[{"count":7,"href":"https:\/\/www.campingdespins.fr\/de\/wp-json\/wp\/v2\/pages\/5323\/revisions"}],"predecessor-version":[{"id":8266,"href":"https:\/\/www.campingdespins.fr\/de\/wp-json\/wp\/v2\/pages\/5323\/revisions\/8266"}],"wp:featuredmedia":[{"embeddable":true,"href":"https:\/\/www.campingdespins.fr\/de\/wp-json\/wp\/v2\/media\/4261"}],"wp:attachment":[{"href":"https:\/\/www.campingdespins.fr\/de\/wp-json\/wp\/v2\/media?parent=5323"}],"curies":[{"name":"wp","href":"https:\/\/api.w.org\/{rel}","templated":true}]}}