{"id":5324,"date":"2021-03-15T04:39:44","date_gmt":"2021-03-15T03:39:44","guid":{"rendered":"https:\/\/www.campingdespins.fr\/location-mobil-home-soulac-sur-mer\/"},"modified":"2024-11-21T09:14:53","modified_gmt":"2024-11-21T08:14:53","slug":"standort-mobil-heim-soulac-sur-mer","status":"publish","type":"page","link":"https:\/\/www.campingdespins.fr\/de\/standort-mobil-heim-soulac-sur-mer\/","title":{"rendered":"H\u00e9bergements : Nos Mobilhomes"},"content":{"rendered":"<section id=\"section-608aac8aac6bb\"\" class=\"section bg-white\" \/><div class=\"container\"><h1 class=\"element section-title center\">Soulac sur mer mobilheim<\/h1><\/div><\/section>\n\n<section id=\"section-604f1e36a2920\"\" class=\"section bg-white\" \/><div class=\"container large\"><div class=\"filtres\"><\/div><ul class=\"liste-de-page hebergements\"><div class=\"row scroll-x-mobile\"><li class=\"element hebergement call-to-action call-to-action--style-2   anzahl-der-zimmer-3 anzahl-personen-6 oberflche-34\"><div class=\"hebergement_link\" id=\"5417\"><div class=\"call-to-action_image\"><img decoding=\"async\" src=\"https:\/\/www.campingdespins.fr\/wp-content\/uploads\/2021\/03\/exterieur-mobil-home-gironde.jpg\" data-src=\"https:\/\/www.campingdespins.fr\/wp-content\/uploads\/2021\/03\/exterieur-mobil-home-gironde.jpg\" alt=\"exterieur mobil home gironde\" class=\"\" \/><\/div><div class=\"call-to-action_contenu\"><div class=\"call-to-action_titre\">Mobilheim EDEN<\/div><\/div><div class=\"hebergement-attributs\"><span class=\"attribut anzahl-der-zimmer\">3 <\/span><span class=\"attribut anzahl-personen\">6 <\/span><span class=\"attribut oberflche\">34m\u00b2<\/span><\/div><\/div><\/li><li class=\"element hebergement call-to-action call-to-action--style-2   anzahl-der-zimmer-3 anzahl-personen-6 oberflche-38\"><div class=\"hebergement_link\" id=\"5416\"><div class=\"call-to-action_image\"><img decoding=\"async\" src=\"https:\/\/www.campingdespins.fr\/wp-content\/uploads\/2021\/03\/exterieur-location-gironde-1.jpg\" data-src=\"https:\/\/www.campingdespins.fr\/wp-content\/uploads\/2021\/03\/exterieur-location-gironde-1.jpg\" alt=\"exterieur location gironde\" class=\"\" \/><\/div><div class=\"call-to-action_contenu\"><div class=\"call-to-action_titre\">Mobilheim PREMIUM+<\/div><\/div><div class=\"hebergement-attributs\"><span class=\"attribut anzahl-der-zimmer\">3 <\/span><span class=\"attribut anzahl-personen\">6 <\/span><span class=\"attribut oberflche\">38m\u00b2<\/span><\/div><\/div><\/li><li class=\"element hebergement call-to-action call-to-action--style-2   anzahl-der-zimmer-2 anzahl-personen-4 oberflche-33\"><div class=\"hebergement_link\" id=\"5414\"><div class=\"call-to-action_image\"><img decoding=\"async\" src=\"https:\/\/www.campingdespins.fr\/wp-content\/uploads\/2021\/03\/exterieur-location-gironde.jpg\" data-src=\"https:\/\/www.campingdespins.fr\/wp-content\/uploads\/2021\/03\/exterieur-location-gironde.jpg\" alt=\"exterieur location gironde\" class=\"\" \/><\/div><div class=\"call-to-action_contenu\"><div class=\"call-to-action_titre\">Mobilheim PREMIUM<\/div><\/div><div class=\"hebergement-attributs\"><span class=\"attribut anzahl-der-zimmer\">2 <\/span><span class=\"attribut anzahl-personen\">4 <\/span><span class=\"attribut oberflche\">33m\u00b2<\/span><\/div><\/div><\/li><\/div><div class=\"row scroll-x-mobile\"><li class=\"element hebergement call-to-action call-to-action--style-2   anzahl-der-zimmer-1 anzahl-personen-2 oberflche-21\"><div class=\"hebergement_link\" id=\"5413\"><div class=\"call-to-action_image\"><img decoding=\"async\" src=\"https:\/\/www.campingdespins.fr\/wp-content\/uploads\/2021\/03\/terrasse-mobil-home-soulac-3.jpg\" data-src=\"https:\/\/www.campingdespins.fr\/wp-content\/uploads\/2021\/03\/terrasse-mobil-home-soulac-3.jpg\" alt=\"terrasse mobil home soulac\" class=\"\" \/><\/div><div class=\"call-to-action_contenu\"><div class=\"call-to-action_titre\">Mobilheim PREMIUM +<\/div><\/div><div class=\"hebergement-attributs\"><span class=\"attribut anzahl-der-zimmer\">1 <\/span><span class=\"attribut anzahl-personen\">2 <\/span><span class=\"attribut oberflche\">21m\u00b2<\/span><\/div><\/div><\/li><\/ul><\/div><\/section>\n\n<section id=\"section-608aa2bbd6e5c\"\" class=\"section bg-white\" \/><div class=\"container full\"><div class=\"colonnes-wrap valign-top \"><div class=\"element colonne p-x-5\"><h2 class=\"element section-title justify\">Entdecken Sie unsere Mobilheime in Soulac-sur-Mer<\/h2><div class=\"element bloc-text justify \">\n\t<p>Garantieren Sie Ihren Urlaub zu 100%! Wir sch\u00fctzen Ihren Urlaub.<br \/>\nWenn Sie auf dem Campingplatz Soulac-sur-Mer buchen, sind Sie automatisch durch <strong>Campez Couvert<\/strong>, die Versicherung, die wir f\u00fcr Sie ausgew\u00e4hlt haben, im Falle von Krankheit, Unterbrechung des Aufenthalts oder versp\u00e4teter Ankunft versichert. Siehe die Stornierungsbedingungen auf der Seite Dienstleistungen.<\/p>\n<p>Unsere Mobilheime sind zumeist aus Holz, einige wei\u00dfe \u00dcberlebende sind auf unserem Gel\u00e4nde verstreut, aber schon seit vielen Jahren nicht mehr. Wir versuchen, Plastik von unserem Gel\u00e4nde zu verbannen und Holz zum K\u00f6nig des Waldes zu machen. Je nach Gr\u00f6\u00dfe Ihrer Gruppe k\u00f6nnen Sie ein Mobilheim mit einem Schlafzimmer, zwei Schlafzimmern oder drei Schlafzimmern w\u00e4hlen. Einige sind mit einem oder zwei Badezimmern ausgestattet, einem Geschirrsp\u00fcler&#8230; Sie k\u00f6nnen zwischen den Kategorien Eden, Comfort oder Premium und Ihrem Budget w\u00e4hlen.<\/p>\n<p>Unsere Mobilheime mit dem besten Preis-Leistungs-Verh\u00e4ltnis sind \u00fcber unseren Campingplatz verteilt: am Eingang des Paradis des Pins, am Waldrand, auf der Lichtung oder im Permakultur-Garten.<\/p>\n<\/div><h2 class=\"element section-title justify\">Unser Premium-Sortiment an Wohnmobilen<\/h2><div class=\"element bloc-text justify \">\n\t<ul>\n<li><strong>Mobilheim 21 m\u00b2<\/strong> : Ideal f\u00fcr ein Paar, unsere Mobilheime von 21 m\u00b2 liegen in einer ruhigen und schattigen Gegend. Sie werden die clevere Aufteilung dieser Unterkunft und ihre Terrasse genie\u00dfen.<\/li>\n<li><strong>Mobilheim 33 m\u00b2<\/strong> : F\u00fcr Familien oder zwei Paare, jedes Zimmer hat ein eigenes Bad und einen eigenen Eingang, der von der Terrasse aus zug\u00e4nglich ist. Privatsph\u00e4re gewahrt! Sie teilen sich das Wohn- und Esszimmer und die Au\u00dfenterrasse.<\/li>\n<li><strong>Mobilheim 32 m2 f\u00fcr 4\/5 Personen<\/strong>: Diese Unterkunft in Holzoptik ist sehr praktisch f\u00fcr 2 Paare oder eine Familie von 4 bis 5 Personen. F\u00fcr ein Kind gibt es die M\u00f6glichkeit, auf der Wohnzimmerbank zu schlafen. Jedes Zimmer hat ein Bad.<\/li>\n<li><strong>Mobilheim 38 m\u00b2<\/strong> : Willkommen bei den gro\u00dfen Familien oder Freunden ! Dieses Mobilheim hat 3 Schlafzimmer und ein Bett f\u00fcr 2 Kinder im Wohnzimmer. Das Hauptschlafzimmer hat ein eigenes Bad, die Schlafzimmer mit Einzelbetten teilen sich das zweite Bad. Ein gro\u00dfes Wohn- und Esszimmer erm\u00f6glicht es Ihnen, Ihre Mahlzeiten gemeinsam einzunehmen.<\/li>\n<\/ul>\n<\/div><\/div><div class=\"element colonne p-x-5\"><h2 class=\"element section-title justify\">Unsere Mobilheime der Serie Eden in der Gironde<\/h2><div class=\"element bloc-text justify \">\n\t<p><strong>Mobilheim 34 m\u00b2<\/strong>: In der N\u00e4he des Spielplatzes gelegen, ist es der ideale Ort, um die Kleinen von der Terrasse aus zu beaufsichtigen! Die K\u00fcche nimmt den zentralen Raum ein, ist sehr hell und mit einer Sp\u00fclmaschine ausgestattet.<\/p>\n<\/div><h2 class=\"element section-title justify\">Unsere Mobilheime der Comfort-Reihe<\/h2><div class=\"element bloc-text justify \">\n\t<ul>\n<li><strong>Mobilheim 32 m\u00b2 f\u00fcr 5\/6 Personen<\/strong>: In der N\u00e4he des Schwimmbads gelegen, sind diese Unterk\u00fcnfte klassisch und komfortabel. Eine Familie mit 3 Kindern kann in einem Zimmer schlafen. Die halboffene Terrasse befindet sich auf der &#8222;Gartenseite&#8220;.<\/li>\n<li><strong>Mobilheim 32 m\u00b2 f\u00fcr 4\/5 Personen<\/strong> : Eine klassische Unterkunft, f\u00fcr eine Familie oder einen Stamm von 4 bis 5 Personen, mit einer sch\u00f6nen offenen Terrasse f\u00fcr Mahlzeiten.<\/li>\n<li><strong>Mobilheim 34 m\u00b2 f\u00fcr 6\/8 Personen<\/strong>: St\u00e4mme sind in dieser komfortablen und traditionellen Unterkunft willkommen, die 6 bis 8 Personen beherbergen kann, mit 3 Schlafzimmern und einem Bett f\u00fcr 2 Kinder im Wohnzimmer.<\/li>\n<\/ul>\n<p>Auf dem Campingplatz Paradis des Pins Soulac vermieten wir \u00d6koh\u00e4user und H\u00fctten, die Ihrer ganzen Familie und Ihren Freunden gefallen werden. Die atypische Struktur dieser Unterk\u00fcnfte und die warme Atmosph\u00e4re erm\u00f6glichen es Ihnen, unvergessliche Momente mit Ihren Liebsten zu verbringen.<\/p>\n<p>M\u00f6chten Sie lieber mit Ihrem eigenen Zelt, Wohnwagen oder Wohnmobil in den Urlaub fahren?<br \/>\nW\u00e4hlen Sie aus unseren 70 Mietstellpl\u00e4tzen mit Zugang zu den beiden Sanit\u00e4rgeb\u00e4uden inmitten eines Kiefernwaldes. Die N\u00e4he zur Natur und die freundliche Atmosph\u00e4re des Campingplatzes werden Ihnen einen erholsamen Urlaub in der Gironde bieten.<\/p>\n<\/div><\/div><\/div><\/div><\/section>\n\n<section id=\"section-608aac8aacd04\"\" class=\"section bg-white\" \/><div class=\"container extralarge\"><div class=\"element section-title center titre-cta\">Entdecken Sie unsere Ecolodges und Campingpl\u00e4tze<\/div><ul class=\"liste-de-page\"><li class=\"element call-to-action carre call-to-action--style-1 call-to-action--big\"><a href=\"https:\/\/www.campingdespins.fr\/de\/standort-soulac-sur-mer\/\"  class=\"call-to-action_link\" title=\"En savoir plus sur stellpl\u00e4tze in soulac\"><div class=\"call-to-action_image\"><img decoding=\"async\" src=\"https:\/\/www.campingdespins.fr\/wp-content\/uploads\/2021\/05\/gironde-louer-emplacement.jpg\" data-src=\"https:\/\/www.campingdespins.fr\/wp-content\/uploads\/2021\/05\/gironde-louer-emplacement.jpg\" alt=\"gironde louer emplacement\" class=\"big\" \/><\/div><div class=\"call-to-action_contenu\"><div class=\"call-to-action_titre\">Stellpl\u00e4tze in Soulac<\/div><\/div><\/a><\/li><li class=\"element call-to-action carre call-to-action--style-1 call-to-action--big call-to-action--style-1 call-to-action--big\"><a href=\"https:\/\/www.campingdespins.fr\/de\/campingplatz-cheap-soulac-sur-mer\/\"  class=\"call-to-action_link\" title=\"En savoir plus sur preise in soulac\"><div class=\"call-to-action_image\"><img decoding=\"async\" src=\"https:\/\/www.campingdespins.fr\/wp-content\/uploads\/2021\/06\/location-petit-prix-soulac.jpg\" data-src=\"https:\/\/www.campingdespins.fr\/wp-content\/uploads\/2021\/06\/location-petit-prix-soulac.jpg\" alt=\"location petit prix soulac\" class=\"big\" \/><\/div><div class=\"call-to-action_contenu\"><div class=\"call-to-action_titre\">Preise in Soulac<\/div><\/div><\/a><\/li><li class=\"element call-to-action carre call-to-action--style-1 call-to-action--big call-to-action--style-1 call-to-action--big call-to-action--style-1 call-to-action--big\"><a href=\"https:\/\/www.campingdespins.fr\/de\/miete-insolite-soulac-sur-mer\/\"  class=\"call-to-action_link\" title=\"En savoir plus sur \u00d6kolodges in soulac\"><div class=\"call-to-action_image\"><img decoding=\"async\" src=\"https:\/\/www.campingdespins.fr\/wp-content\/uploads\/2021\/04\/soulac-lodge-location.jpg\" data-src=\"https:\/\/www.campingdespins.fr\/wp-content\/uploads\/2021\/04\/soulac-lodge-location.jpg\" alt=\"soulac lodge location\" class=\"big\" \/><\/div><div class=\"call-to-action_contenu\"><div class=\"call-to-action_titre\">\u00d6kolodges in Soulac<\/div><\/div><\/a><\/li><\/ul><\/div><\/section>","protected":false},"excerpt":{"rendered":"","protected":false},"author":1,"featured_media":3881,"parent":0,"menu_order":0,"comment_status":"closed","ping_status":"closed","template":"","meta":{"_acf_changed":false,"footnotes":""},"class_list":["post-5324","page","type-page","status-publish","has-post-thumbnail","hentry"],"acf":[],"yoast_head":"<!-- This site is optimized with the Yoast SEO plugin v25.8 - https:\/\/yoast.com\/wordpress\/plugins\/seo\/ -->\n<title>Mobilheim in Soulac-sur-Mer: Strandurlaub in Frankreich<\/title>\n<meta name=\"description\" content=\"Mieten Sie ein Mobilheim in Soulac-sur-Mer! Perfekt f\u00fcr Strand- und Surfliebhaber, mit Komfort, Natur und Entspannung f\u00fcr einen Traumurlaub.\" \/>\n<meta name=\"robots\" content=\"index, follow, max-snippet:-1, max-image-preview:large, max-video-preview:-1\" \/>\n<link rel=\"canonical\" href=\"https:\/\/www.campingdespins.fr\/de\/standort-mobil-heim-soulac-sur-mer\/\" \/>\n<meta property=\"og:locale\" content=\"de_DE\" \/>\n<meta property=\"og:type\" content=\"article\" \/>\n<meta property=\"og:title\" content=\"Mobilheim in Soulac-sur-Mer: Strandurlaub in Frankreich\" \/>\n<meta property=\"og:description\" content=\"Mieten Sie ein Mobilheim in Soulac-sur-Mer! Perfekt f\u00fcr Strand- und Surfliebhaber, mit Komfort, Natur und Entspannung f\u00fcr einen Traumurlaub.\" \/>\n<meta property=\"og:url\" content=\"https:\/\/www.campingdespins.fr\/de\/standort-mobil-heim-soulac-sur-mer\/\" \/>\n<meta property=\"og:site_name\" content=\"Camping des Pins\" \/>\n<meta property=\"article:modified_time\" content=\"2024-11-21T08:14:53+00:00\" \/>\n<meta property=\"og:image\" content=\"https:\/\/www.campingdespins.fr\/wp-content\/uploads\/2021\/05\/location-mobil-home-gironde.jpg\" \/>\n\t<meta property=\"og:image:width\" content=\"1906\" \/>\n\t<meta property=\"og:image:height\" content=\"500\" \/>\n\t<meta property=\"og:image:type\" content=\"image\/jpeg\" \/>\n<meta name=\"twitter:card\" content=\"summary_large_image\" \/>\n<meta name=\"twitter:label1\" content=\"Gesch\u00e4tzte Lesezeit\" \/>\n\t<meta name=\"twitter:data1\" content=\"1\u00a0Minute\" \/>\n<script type=\"application\/ld+json\" class=\"yoast-schema-graph\">{\"@context\":\"https:\/\/schema.org\",\"@graph\":[{\"@type\":\"WebPage\",\"@id\":\"https:\/\/www.campingdespins.fr\/de\/standort-mobil-heim-soulac-sur-mer\/\",\"url\":\"https:\/\/www.campingdespins.fr\/de\/standort-mobil-heim-soulac-sur-mer\/\",\"name\":\"Mobilheim in Soulac-sur-Mer: Strandurlaub in Frankreich\",\"isPartOf\":{\"@id\":\"https:\/\/www.campingdespins.fr\/de\/#website\"},\"primaryImageOfPage\":{\"@id\":\"https:\/\/www.campingdespins.fr\/de\/standort-mobil-heim-soulac-sur-mer\/#primaryimage\"},\"image\":{\"@id\":\"https:\/\/www.campingdespins.fr\/de\/standort-mobil-heim-soulac-sur-mer\/#primaryimage\"},\"thumbnailUrl\":\"https:\/\/www.campingdespins.fr\/wp-content\/uploads\/2021\/05\/location-mobil-home-gironde.jpg\",\"datePublished\":\"2021-03-15T03:39:44+00:00\",\"dateModified\":\"2024-11-21T08:14:53+00:00\",\"description\":\"Mieten Sie ein Mobilheim in Soulac-sur-Mer! Perfekt f\u00fcr Strand- und Surfliebhaber, mit Komfort, Natur und Entspannung f\u00fcr einen Traumurlaub.\",\"breadcrumb\":{\"@id\":\"https:\/\/www.campingdespins.fr\/de\/standort-mobil-heim-soulac-sur-mer\/#breadcrumb\"},\"inLanguage\":\"de\",\"potentialAction\":[{\"@type\":\"ReadAction\",\"target\":[\"https:\/\/www.campingdespins.fr\/de\/standort-mobil-heim-soulac-sur-mer\/\"]}]},{\"@type\":\"ImageObject\",\"inLanguage\":\"de\",\"@id\":\"https:\/\/www.campingdespins.fr\/de\/standort-mobil-heim-soulac-sur-mer\/#primaryimage\",\"url\":\"https:\/\/www.campingdespins.fr\/wp-content\/uploads\/2021\/05\/location-mobil-home-gironde.jpg\",\"contentUrl\":\"https:\/\/www.campingdespins.fr\/wp-content\/uploads\/2021\/05\/location-mobil-home-gironde.jpg\",\"width\":1906,\"height\":500,\"caption\":\"location mobil home gironde\"},{\"@type\":\"BreadcrumbList\",\"@id\":\"https:\/\/www.campingdespins.fr\/de\/standort-mobil-heim-soulac-sur-mer\/#breadcrumb\",\"itemListElement\":[{\"@type\":\"ListItem\",\"position\":1,\"name\":\"Camping Soulac sur Mer\",\"item\":\"https:\/\/www.campingdespins.fr\/de\/\"},{\"@type\":\"ListItem\",\"position\":2,\"name\":\"Unterkunft mieten Soulac-sur-Mer\"}]},{\"@type\":\"WebSite\",\"@id\":\"https:\/\/www.campingdespins.fr\/de\/#website\",\"url\":\"https:\/\/www.campingdespins.fr\/de\/\",\"name\":\"Camping des Pins\",\"description\":\"\",\"publisher\":{\"@id\":\"https:\/\/www.campingdespins.fr\/de\/#organization\"},\"potentialAction\":[{\"@type\":\"SearchAction\",\"target\":{\"@type\":\"EntryPoint\",\"urlTemplate\":\"https:\/\/www.campingdespins.fr\/de\/?s={search_term_string}\"},\"query-input\":{\"@type\":\"PropertyValueSpecification\",\"valueRequired\":true,\"valueName\":\"search_term_string\"}}],\"inLanguage\":\"de\"},{\"@type\":\"Organization\",\"@id\":\"https:\/\/www.campingdespins.fr\/de\/#organization\",\"name\":\"Camping des pins Soulac\",\"url\":\"https:\/\/www.campingdespins.fr\/de\/\",\"logo\":{\"@type\":\"ImageObject\",\"inLanguage\":\"de\",\"@id\":\"https:\/\/www.campingdespins.fr\/de\/#\/schema\/logo\/image\/\",\"url\":\"https:\/\/www.campingdespins.fr\/wp-content\/uploads\/2021\/03\/camping-pin-soulac-logo.png\",\"contentUrl\":\"https:\/\/www.campingdespins.fr\/wp-content\/uploads\/2021\/03\/camping-pin-soulac-logo.png\",\"width\":200,\"height\":212,\"caption\":\"Camping des pins Soulac\"},\"image\":{\"@id\":\"https:\/\/www.campingdespins.fr\/de\/#\/schema\/logo\/image\/\"}}]}<\/script>\n<!-- \/ Yoast SEO plugin. -->","yoast_head_json":{"title":"Mobilheim in Soulac-sur-Mer: Strandurlaub in Frankreich","description":"Mieten Sie ein Mobilheim in Soulac-sur-Mer! Perfekt f\u00fcr Strand- und Surfliebhaber, mit Komfort, Natur und Entspannung f\u00fcr einen Traumurlaub.","robots":{"index":"index","follow":"follow","max-snippet":"max-snippet:-1","max-image-preview":"max-image-preview:large","max-video-preview":"max-video-preview:-1"},"canonical":"https:\/\/www.campingdespins.fr\/de\/standort-mobil-heim-soulac-sur-mer\/","og_locale":"de_DE","og_type":"article","og_title":"Mobilheim in Soulac-sur-Mer: Strandurlaub in Frankreich","og_description":"Mieten Sie ein Mobilheim in Soulac-sur-Mer! Perfekt f\u00fcr Strand- und Surfliebhaber, mit Komfort, Natur und Entspannung f\u00fcr einen Traumurlaub.","og_url":"https:\/\/www.campingdespins.fr\/de\/standort-mobil-heim-soulac-sur-mer\/","og_site_name":"Camping des Pins","article_modified_time":"2024-11-21T08:14:53+00:00","og_image":[{"width":1906,"height":500,"url":"https:\/\/www.campingdespins.fr\/wp-content\/uploads\/2021\/05\/location-mobil-home-gironde.jpg","type":"image\/jpeg"}],"twitter_card":"summary_large_image","twitter_misc":{"Gesch\u00e4tzte Lesezeit":"1\u00a0Minute"},"schema":{"@context":"https:\/\/schema.org","@graph":[{"@type":"WebPage","@id":"https:\/\/www.campingdespins.fr\/de\/standort-mobil-heim-soulac-sur-mer\/","url":"https:\/\/www.campingdespins.fr\/de\/standort-mobil-heim-soulac-sur-mer\/","name":"Mobilheim in Soulac-sur-Mer: Strandurlaub in Frankreich","isPartOf":{"@id":"https:\/\/www.campingdespins.fr\/de\/#website"},"primaryImageOfPage":{"@id":"https:\/\/www.campingdespins.fr\/de\/standort-mobil-heim-soulac-sur-mer\/#primaryimage"},"image":{"@id":"https:\/\/www.campingdespins.fr\/de\/standort-mobil-heim-soulac-sur-mer\/#primaryimage"},"thumbnailUrl":"https:\/\/www.campingdespins.fr\/wp-content\/uploads\/2021\/05\/location-mobil-home-gironde.jpg","datePublished":"2021-03-15T03:39:44+00:00","dateModified":"2024-11-21T08:14:53+00:00","description":"Mieten Sie ein Mobilheim in Soulac-sur-Mer! Perfekt f\u00fcr Strand- und Surfliebhaber, mit Komfort, Natur und Entspannung f\u00fcr einen Traumurlaub.","breadcrumb":{"@id":"https:\/\/www.campingdespins.fr\/de\/standort-mobil-heim-soulac-sur-mer\/#breadcrumb"},"inLanguage":"de","potentialAction":[{"@type":"ReadAction","target":["https:\/\/www.campingdespins.fr\/de\/standort-mobil-heim-soulac-sur-mer\/"]}]},{"@type":"ImageObject","inLanguage":"de","@id":"https:\/\/www.campingdespins.fr\/de\/standort-mobil-heim-soulac-sur-mer\/#primaryimage","url":"https:\/\/www.campingdespins.fr\/wp-content\/uploads\/2021\/05\/location-mobil-home-gironde.jpg","contentUrl":"https:\/\/www.campingdespins.fr\/wp-content\/uploads\/2021\/05\/location-mobil-home-gironde.jpg","width":1906,"height":500,"caption":"location mobil home gironde"},{"@type":"BreadcrumbList","@id":"https:\/\/www.campingdespins.fr\/de\/standort-mobil-heim-soulac-sur-mer\/#breadcrumb","itemListElement":[{"@type":"ListItem","position":1,"name":"Camping Soulac sur Mer","item":"https:\/\/www.campingdespins.fr\/de\/"},{"@type":"ListItem","position":2,"name":"Unterkunft mieten Soulac-sur-Mer"}]},{"@type":"WebSite","@id":"https:\/\/www.campingdespins.fr\/de\/#website","url":"https:\/\/www.campingdespins.fr\/de\/","name":"Camping des Pins","description":"","publisher":{"@id":"https:\/\/www.campingdespins.fr\/de\/#organization"},"potentialAction":[{"@type":"SearchAction","target":{"@type":"EntryPoint","urlTemplate":"https:\/\/www.campingdespins.fr\/de\/?s={search_term_string}"},"query-input":{"@type":"PropertyValueSpecification","valueRequired":true,"valueName":"search_term_string"}}],"inLanguage":"de"},{"@type":"Organization","@id":"https:\/\/www.campingdespins.fr\/de\/#organization","name":"Camping des pins Soulac","url":"https:\/\/www.campingdespins.fr\/de\/","logo":{"@type":"ImageObject","inLanguage":"de","@id":"https:\/\/www.campingdespins.fr\/de\/#\/schema\/logo\/image\/","url":"https:\/\/www.campingdespins.fr\/wp-content\/uploads\/2021\/03\/camping-pin-soulac-logo.png","contentUrl":"https:\/\/www.campingdespins.fr\/wp-content\/uploads\/2021\/03\/camping-pin-soulac-logo.png","width":200,"height":212,"caption":"Camping des pins Soulac"},"image":{"@id":"https:\/\/www.campingdespins.fr\/de\/#\/schema\/logo\/image\/"}}]}},"_links":{"self":[{"href":"https:\/\/www.campingdespins.fr\/de\/wp-json\/wp\/v2\/pages\/5324","targetHints":{"allow":["GET"]}}],"collection":[{"href":"https:\/\/www.campingdespins.fr\/de\/wp-json\/wp\/v2\/pages"}],"about":[{"href":"https:\/\/www.campingdespins.fr\/de\/wp-json\/wp\/v2\/types\/page"}],"author":[{"embeddable":true,"href":"https:\/\/www.campingdespins.fr\/de\/wp-json\/wp\/v2\/users\/1"}],"replies":[{"embeddable":true,"href":"https:\/\/www.campingdespins.fr\/de\/wp-json\/wp\/v2\/comments?post=5324"}],"version-history":[{"count":5,"href":"https:\/\/www.campingdespins.fr\/de\/wp-json\/wp\/v2\/pages\/5324\/revisions"}],"predecessor-version":[{"id":8265,"href":"https:\/\/www.campingdespins.fr\/de\/wp-json\/wp\/v2\/pages\/5324\/revisions\/8265"}],"wp:featuredmedia":[{"embeddable":true,"href":"https:\/\/www.campingdespins.fr\/de\/wp-json\/wp\/v2\/media\/3881"}],"wp:attachment":[{"href":"https:\/\/www.campingdespins.fr\/de\/wp-json\/wp\/v2\/media?parent=5324"}],"curies":[{"name":"wp","href":"https:\/\/api.w.org\/{rel}","templated":true}]}}