{"id":5325,"date":"2021-03-15T04:39:59","date_gmt":"2021-03-15T03:39:59","guid":{"rendered":"https:\/\/www.campingdespins.fr\/location-insolite-soulac-sur-mer\/"},"modified":"2024-12-03T15:00:44","modified_gmt":"2024-12-03T14:00:44","slug":"miete-insolite-soulac-sur-mer","status":"publish","type":"page","link":"https:\/\/www.campingdespins.fr\/de\/miete-insolite-soulac-sur-mer\/","title":{"rendered":"H\u00e9bergements : Nos Ecolodges"},"content":{"rendered":"<section id=\"section-608aacb486a50\"\" class=\"section bg-white\" \/><div class=\"container\"><h1 class=\"element section-title center\">Ein Haus mieten in Soulac-sur-Mer<\/h1><\/div><\/section>\n\n<section id=\"section-604f1e36a2920\"\" class=\"section bg-white\" \/><div class=\"container extralarge\"><div class=\"filtres\"><\/div><ul class=\"liste-de-page hebergements\"><div class=\"row scroll-x-mobile\"><li class=\"element hebergement call-to-action call-to-action--style-2   anzahl-der-zimmer-2 anzahl-personen-5 oberflche-43\"><div class=\"hebergement_link\" id=\"5421\"><div class=\"call-to-action_image\"><img decoding=\"async\" src=\"https:\/\/www.campingdespins.fr\/wp-content\/uploads\/2021\/03\/soulac-lodge-terrasse.jpg\" data-src=\"https:\/\/www.campingdespins.fr\/wp-content\/uploads\/2021\/03\/soulac-lodge-terrasse.jpg\" alt=\"Camping Atlantikk\u00fcste Frankreich\" class=\"\" \/><\/div><div class=\"call-to-action_contenu\"><div class=\"call-to-action_titre\">\u00d6kolodge SWEET auf Stelzen PREMIUM<\/div><\/div><div class=\"hebergement-attributs\"><span class=\"attribut anzahl-der-zimmer\">2 <\/span><span class=\"attribut anzahl-personen\">5 <\/span><span class=\"attribut oberflche\">43m\u00b2<\/span><\/div><\/div><\/li><li class=\"element hebergement call-to-action call-to-action--style-2   anzahl-der-zimmer-3 anzahl-personen-6 oberflche-43\"><div class=\"hebergement_link\" id=\"5420\"><div class=\"call-to-action_image\"><img decoding=\"async\" src=\"https:\/\/www.campingdespins.fr\/wp-content\/uploads\/2021\/03\/exterieur-lodge-soulac.jpg\" data-src=\"https:\/\/www.campingdespins.fr\/wp-content\/uploads\/2021\/03\/exterieur-lodge-soulac.jpg\" alt=\"exterieur lodge soulac\" class=\"\" \/><\/div><div class=\"call-to-action_contenu\"><div class=\"call-to-action_titre\">H\u00fctte COTTON PREMIUM<\/div><\/div><div class=\"hebergement-attributs\"><span class=\"attribut anzahl-der-zimmer\">3 <\/span><span class=\"attribut anzahl-personen\">6 <\/span><span class=\"attribut oberflche\">43m\u00b2<\/span><\/div><\/div><\/li><li class=\"element hebergement call-to-action call-to-action--style-2   anzahl-der-zimmer-3 anzahl-personen-6 oberflche-56\"><div class=\"hebergement_link\" id=\"5419\"><div class=\"call-to-action_image\"><img decoding=\"async\" src=\"https:\/\/www.campingdespins.fr\/wp-content\/uploads\/2021\/03\/exterieur-lodge-soulac-1.jpg\" data-src=\"https:\/\/www.campingdespins.fr\/wp-content\/uploads\/2021\/03\/exterieur-lodge-soulac-1.jpg\" alt=\"exterieur lodge soulac\" class=\"\" \/><\/div><div class=\"call-to-action_contenu\"><div class=\"call-to-action_titre\">ECOLODGE PREMIUM DUNE<\/div><\/div><div class=\"hebergement-attributs\"><span class=\"attribut anzahl-der-zimmer\">3 <\/span><span class=\"attribut anzahl-personen\">6 <\/span><span class=\"attribut oberflche\">56m\u00b2<\/span><\/div><\/div><\/li><\/div><div class=\"row scroll-x-mobile\"><li class=\"element hebergement call-to-action call-to-action--style-2   anzahl-der-zimmer-2 anzahl-personen-5 oberflche-28\"><div class=\"hebergement_link\" id=\"5418\"><div class=\"call-to-action_image\"><img decoding=\"async\" src=\"https:\/\/www.campingdespins.fr\/wp-content\/uploads\/2021\/03\/ecolodge-soulac-terrasse.jpg\" data-src=\"https:\/\/www.campingdespins.fr\/wp-content\/uploads\/2021\/03\/ecolodge-soulac-terrasse.jpg\" alt=\"ecolodge soulac terrasse\" class=\"\" \/><\/div><div class=\"call-to-action_contenu\"><div class=\"call-to-action_titre\">\u00d6kolodge SWEET JUNIOR EDEN<\/div><\/div><div class=\"hebergement-attributs\"><span class=\"attribut anzahl-der-zimmer\">2 <\/span><span class=\"attribut anzahl-personen\">5 <\/span><span class=\"attribut oberflche\">28m\u00b2<\/span><\/div><\/div><\/li><li class=\"element hebergement call-to-action call-to-action--style-2   anzahl-der-zimmer-2 anzahl-personen-4 oberflche-24\"><div class=\"hebergement_link\" id=\"5409\"><div class=\"call-to-action_image\"><img decoding=\"async\" src=\"https:\/\/www.campingdespins.fr\/wp-content\/uploads\/2021\/03\/location-cabane-gironde.jpg\" data-src=\"https:\/\/www.campingdespins.fr\/wp-content\/uploads\/2021\/03\/location-cabane-gironde.jpg\" alt=\"location cabane gironde\" class=\"\" \/><\/div><div class=\"call-to-action_contenu\"><div class=\"call-to-action_titre\">Amazon COMFORT H\u00fctte<\/div><\/div><div class=\"hebergement-attributs\"><span class=\"attribut anzahl-der-zimmer\">2 <\/span><span class=\"attribut anzahl-personen\">4 <\/span><span class=\"attribut oberflche\">24m\u00b2<\/span><\/div><\/div><\/li><\/ul><\/div><\/section>\n\n<section id=\"section-608aa2bbd6e5c\"\" class=\"section bg-white\" \/><div class=\"container full\"><div class=\"colonnes-wrap valign-top \"><div class=\"element colonne p-x-5\"><h2 class=\"element section-title justify\">Unsere \u00d6kolodges in der Gironde<\/h2><div class=\"element bloc-text justify \">\n\t<p>Wenn Sie einen Mietplatz oder eine Glamping-Unterkunft auf dem Camping des Pins buchen, ist Ihr Urlaub bei Campez Couvert f\u00fcr den Fall unvorhergesehener Ereignisse versichert. Unsere Stornierungsbedingungen finden Sie auf unserer Seite Dienstleistungen.<\/p>\n<p>Unsere <strong>atypischen Ecolodges<\/strong> schm\u00fccken unseren Standort des Campingplatzes Paradis des Pins Soulac. Sie sind das Aush\u00e4ngeschild unseres Campingplatzes, der den Eindruck vermittelt, am Ende der Welt auf einer Insel zu sein. Sie laden zum Reisen ein und bringen eine exotische Seite in unseren Ort.<\/p>\n<p>Ob klein oder gro\u00df, ob auf Stelzen oder ebenerdig, Sie k\u00f6nnen das f\u00fcr Ihren Urlaub, Ihre Familie, Ihre Freunde oder Ihr Liebespaar passende Haus ausw\u00e4hlen. Sie verf\u00fchren durch ihren Charme, ihre h\u00f6lzerne Verkleidung und ihre atypische, mit Geschmack gew\u00e4hlte Dekoration: Sweet, Dune, Lodge Cotton, am Waldrand oder inmitten der Kiefern, es liegt an Ihnen zu w\u00e4hlen, welches Nest f\u00fcr Sie gemacht werden soll.<\/p>\n<\/div><h2 class=\"element section-title justify\">Unsere Premium-\u00d6kolodges<\/h2><div class=\"element bloc-text justify \">\n\t<ul>\n<li><strong>Sweet 43 m\u00b2<\/strong> : Machen Sie einen Schritt nach oben, unsere Sweet sind auf Stelzen gebaut und bieten Ihnen ein sch\u00f6nes Gef\u00fchl von Raum und Freiheit. Die Inneneinrichtung ist gepflegt und sehr harmonisch und bietet Ihnen einen totalen Tapetenwechsel im Einklang mit der Natur.<\/li>\n<li><strong>Lodge Cotton<\/strong> : Die Freuden der Open-Air-Version &#8222;<strong>Glamping<\/strong>&#8222;, die Cotton Lodge ist ger\u00e4umig, werden Sie diese komfortable, exotische Glamping Unterkunft mit einer einzigartigen Dekoration zu sch\u00e4tzen wissen.<\/li>\n<li><strong>Ecolodge Dune<\/strong>: Wie soll man sie nennen? Die H\u00fctte der Kinder, das Nest der Liebenden, die Zuflucht der Freunde im Luxus? Eine \u00d6kolodge, die einen ganzen Stamm beherbergen kann, auf Stelzen. Ausgestattet mit 3 Schlafzimmern, von denen eines einen eigenen Zugang hat, ist die Dune Ecolodge ein Kokon, geschmackvoll eingerichtet und gut ausgestattet. Eine sch\u00f6ne <strong>\u00fcberdachte Terrasse<\/strong> mit einem offenen Bereich zum Sonnenbaden, auf sch\u00f6nen Stellpl\u00e4tzen.<\/li>\n<\/ul>\n<\/div><h2 class=\"element section-title justify\">Unsere H\u00fctten in Soulac-sur-Mer<\/h2><div class=\"element bloc-text justify \">\n\t<p>Was bedeutet das Wort &#8222;H\u00fctte&#8220; f\u00fcr Sie?<\/p>\n<p>F\u00fcr uns erinnert die <strong>Holzh\u00fctte<\/strong> an das Abenteuer im Wald. Wir alle haben mindestens einmal in unserem Leben die Erfahrung gemacht, eine Holzh\u00fctte zu bauen, um f\u00fcr die Nacht einen Unterschlupf zu finden, ein Versteck, das f\u00fcr Erwachsene verboten ist, oder einen Treffpunkt f\u00fcr unsere damalige Gruppe von Freunden zu schaffen, um unvergessliche Momente zu teilen.<\/p>\n<p>F\u00fcr diese <strong>Kindheitserinnerungen<\/strong> haben wir uns f\u00fcr diese atypischen Mietobjekte entschieden, die Ihnen diese sch\u00f6nen Momente als Verliebte, mit Ihren Kindern, mit Ihrer Familie oder mit Ihren Freunden zur\u00fcckbringen k\u00f6nnen.<\/p>\n<\/div><\/div><div class=\"element colonne p-x-5\"><h2 class=\"element section-title justify\">Unsere Eden-H\u00fctten<\/h2><div class=\"element bloc-text justify \">\n\t<p><strong>Sweet Junior<\/strong>: H\u00fctte oder Zelt? Sie haben die Wahl!<\/p>\n<p>Diese Ecolodge ist f\u00fcr eine Familie mit Kindern, aber auch f\u00fcr ein Paar oder Freunde geeignet. Eine <strong>Au\u00dfenterrasse<\/strong> erm\u00f6glicht es Ihnen, den Freiraum zu genie\u00dfen. Es ist wie ein kanadisches Haus, aber mit allem n\u00f6tigen Komfort.<\/p>\n<\/div><h2 class=\"element section-title justify\">Unsere Komfort-Kabinen<\/h2><div class=\"element bloc-text justify \">\n\t<p><strong>Amazonas-H\u00fctte<\/strong>: Sie lieben Camping, wollen aber keinen Platz wegnehmen oder ein Zelt aufstellen?<\/p>\n<p>Die Amazonas-H\u00fctte ist die L\u00f6sung! Im Sinne des &#8222;<strong>traditionellen Campings<\/strong>&#8220; ist die Amazonas-H\u00fctte f\u00fcr 4 Personen, Kinder oder Erwachsene, ausgestattet. Dies ist die H\u00fctte, in der Sie Camping in seiner reinsten Form erleben k\u00f6nnen, in der H\u00fctte Ihrer Kindheit.<\/p>\n<\/div><h2 class=\"element section-title justify\">Untypischer Campingplatz in der Gironde<\/h2><div class=\"element bloc-text justify \">\n\t<p>Unsere <strong>starke Identit\u00e4t<\/strong> hebt uns von anderen Campingpl\u00e4tzen in Soulac-sur-Mer und sogar im M\u00e9doc ab. Untypisch! Das ist das Wort, das am h\u00e4ufigsten f\u00e4llt, wenn \u00fcber uns gesprochen wird.<\/p>\n<p>Unser Ansatz ist \u00f6kologisch verantwortungsbewusst, unser Campingplatz ist komplett fu\u00dfl\u00e4ufig, unsere Mobilheime in Soulac-sur-Mer und unsere Lodges sind aus Holz, der Raum und die Landschaft sind so gestaltet, dass Sie sich frei f\u00fchlen k\u00f6nnen.<\/p>\n<\/div><h2 class=\"element section-title justify\">Das Vergn\u00fcgen des Glamping im M\u00e9doc<\/h2><div class=\"element bloc-text justify \">\n\t<p><strong>Glamping<\/strong>, die neue Modeerscheinung in der Welt des Tourismus!<\/p>\n<p>Wir erkl\u00e4ren es Ihnen mit unseren eigenen Worten: Es ist in der Tat die Idee, einen komfortablen Urlaub im Herzen der Natur zu verbringen, ein bisschen wie in einem H\u00fcttenhotel mitten im Wald oder am Meer. Genau das bieten wir Ihnen: Zugang zu etwas Besserem als einem Zelt, n\u00e4mlich zu unseren Ecolodges in einer <strong>au\u00dfergew\u00f6hnlichen Umgebung.<\/strong><\/p>\n<p>Die endg\u00fcltige Idee?<\/p>\n<p>Entgiftung der Stadt, wir verlassen die Verschmutzung, den L\u00e4rm, das Digitale, die Arbeit. Wir trennen die Verbindung, wir kommen ins M\u00e9doc, unsere wilde Insel, und vor allem stellen wir unsere Koffer in Soulac-sur-Mer auf unserem Campingplatz Paradis des Pins ab, um eine wohlverdiente Pause einzulegen. Wir konzentrieren uns neu und denken an uns selbst in einer preiswerten Glamping-Miete in der Gironde.<\/p>\n<\/div><\/div><\/div><\/div><\/section>\n\n<section id=\"section-608aacb476066\"\" class=\"section bg-white\" \/><div class=\"container extralarge\"><div class=\"element section-title center titre-cta\">Entdecken Sie unsere Mobilheime und unsere Preise auf dem Campingplatz<\/div><ul class=\"liste-de-page\"><li class=\"element call-to-action carre call-to-action--style-1 call-to-action--big\"><a href=\"https:\/\/www.campingdespins.fr\/de\/standort-soulac-sur-mer\/\"  class=\"call-to-action_link\" title=\"En savoir plus sur stellpl\u00e4tze in soulac\"><div class=\"call-to-action_image\"><img decoding=\"async\" src=\"https:\/\/www.campingdespins.fr\/wp-content\/uploads\/2021\/05\/gironde-louer-emplacement.jpg\" data-src=\"https:\/\/www.campingdespins.fr\/wp-content\/uploads\/2021\/05\/gironde-louer-emplacement.jpg\" alt=\"gironde louer emplacement\" class=\"big\" \/><\/div><div class=\"call-to-action_contenu\"><div class=\"call-to-action_titre\">Stellpl\u00e4tze in Soulac<\/div><\/div><\/a><\/li><li class=\"element call-to-action carre call-to-action--style-1 call-to-action--big call-to-action--style-1 call-to-action--big\"><a href=\"https:\/\/www.campingdespins.fr\/de\/campingplatz-cheap-soulac-sur-mer\/\"  class=\"call-to-action_link\" title=\"En savoir plus sur preise in soulac\"><div class=\"call-to-action_image\"><img decoding=\"async\" src=\"https:\/\/www.campingdespins.fr\/wp-content\/uploads\/2021\/06\/location-petit-prix-soulac.jpg\" data-src=\"https:\/\/www.campingdespins.fr\/wp-content\/uploads\/2021\/06\/location-petit-prix-soulac.jpg\" alt=\"location petit prix soulac\" class=\"big\" \/><\/div><div class=\"call-to-action_contenu\"><div class=\"call-to-action_titre\">Preise in Soulac<\/div><\/div><\/a><\/li><li class=\"element call-to-action carre call-to-action--style-1 call-to-action--big call-to-action--style-1 call-to-action--big call-to-action--style-1 call-to-action--big\"><a href=\"https:\/\/www.campingdespins.fr\/de\/standort-mobil-heim-soulac-sur-mer\/\"  class=\"call-to-action_link\" title=\"En savoir plus sur mobilheime in soulac\"><div class=\"call-to-action_image\"><img decoding=\"async\" src=\"https:\/\/www.campingdespins.fr\/wp-content\/uploads\/2021\/04\/location-mobil-home-soulac.jpg\" data-src=\"https:\/\/www.campingdespins.fr\/wp-content\/uploads\/2021\/04\/location-mobil-home-soulac.jpg\" alt=\"lcoation mobil home soulac\" class=\"big\" \/><\/div><div class=\"call-to-action_contenu\"><div class=\"call-to-action_titre\">Mobilheime in Soulac<\/div><\/div><\/a><\/li><\/ul><\/div><\/section>","protected":false},"excerpt":{"rendered":"","protected":false},"author":1,"featured_media":3888,"parent":0,"menu_order":0,"comment_status":"closed","ping_status":"closed","template":"","meta":{"_acf_changed":false,"footnotes":""},"class_list":["post-5325","page","type-page","status-publish","has-post-thumbnail","hentry"],"acf":[],"yoast_head":"<!-- This site is optimized with the Yoast SEO plugin v25.8 - https:\/\/yoast.com\/wordpress\/plugins\/seo\/ -->\n<title>Atypische Vermietung Soulac-sur-Mer | Cabanes, H\u00fctten, Glamping Gironde<\/title>\n<meta name=\"robots\" content=\"index, follow, max-snippet:-1, max-image-preview:large, max-video-preview:-1\" \/>\n<link rel=\"canonical\" href=\"https:\/\/www.campingdespins.fr\/de\/miete-insolite-soulac-sur-mer\/\" \/>\n<meta property=\"og:locale\" content=\"de_DE\" \/>\n<meta property=\"og:type\" content=\"article\" \/>\n<meta property=\"og:title\" content=\"Atypische Vermietung Soulac-sur-Mer | Cabanes, H\u00fctten, Glamping Gironde\" \/>\n<meta property=\"og:url\" content=\"https:\/\/www.campingdespins.fr\/de\/miete-insolite-soulac-sur-mer\/\" \/>\n<meta property=\"og:site_name\" content=\"Camping des Pins\" \/>\n<meta property=\"article:modified_time\" content=\"2024-12-03T14:00:44+00:00\" \/>\n<meta property=\"og:image\" content=\"https:\/\/www.campingdespins.fr\/wp-content\/uploads\/2021\/05\/location-insolite-soulac.jpg\" \/>\n\t<meta property=\"og:image:width\" content=\"1904\" \/>\n\t<meta property=\"og:image:height\" content=\"500\" \/>\n\t<meta property=\"og:image:type\" content=\"image\/jpeg\" \/>\n<meta name=\"twitter:card\" content=\"summary_large_image\" \/>\n<meta name=\"twitter:label1\" content=\"Gesch\u00e4tzte Lesezeit\" \/>\n\t<meta name=\"twitter:data1\" content=\"1\u00a0Minute\" \/>\n<script type=\"application\/ld+json\" class=\"yoast-schema-graph\">{\"@context\":\"https:\/\/schema.org\",\"@graph\":[{\"@type\":\"WebPage\",\"@id\":\"https:\/\/www.campingdespins.fr\/de\/miete-insolite-soulac-sur-mer\/\",\"url\":\"https:\/\/www.campingdespins.fr\/de\/miete-insolite-soulac-sur-mer\/\",\"name\":\"Atypische Vermietung Soulac-sur-Mer | Cabanes, H\u00fctten, Glamping Gironde\",\"isPartOf\":{\"@id\":\"https:\/\/www.campingdespins.fr\/de\/#website\"},\"primaryImageOfPage\":{\"@id\":\"https:\/\/www.campingdespins.fr\/de\/miete-insolite-soulac-sur-mer\/#primaryimage\"},\"image\":{\"@id\":\"https:\/\/www.campingdespins.fr\/de\/miete-insolite-soulac-sur-mer\/#primaryimage\"},\"thumbnailUrl\":\"https:\/\/www.campingdespins.fr\/wp-content\/uploads\/2021\/05\/location-insolite-soulac.jpg\",\"datePublished\":\"2021-03-15T03:39:59+00:00\",\"dateModified\":\"2024-12-03T14:00:44+00:00\",\"breadcrumb\":{\"@id\":\"https:\/\/www.campingdespins.fr\/de\/miete-insolite-soulac-sur-mer\/#breadcrumb\"},\"inLanguage\":\"de\",\"potentialAction\":[{\"@type\":\"ReadAction\",\"target\":[\"https:\/\/www.campingdespins.fr\/de\/miete-insolite-soulac-sur-mer\/\"]}]},{\"@type\":\"ImageObject\",\"inLanguage\":\"de\",\"@id\":\"https:\/\/www.campingdespins.fr\/de\/miete-insolite-soulac-sur-mer\/#primaryimage\",\"url\":\"https:\/\/www.campingdespins.fr\/wp-content\/uploads\/2021\/05\/location-insolite-soulac.jpg\",\"contentUrl\":\"https:\/\/www.campingdespins.fr\/wp-content\/uploads\/2021\/05\/location-insolite-soulac.jpg\",\"width\":1904,\"height\":500,\"caption\":\"vermietung ungew\u00f6hnlich soulac\"},{\"@type\":\"BreadcrumbList\",\"@id\":\"https:\/\/www.campingdespins.fr\/de\/miete-insolite-soulac-sur-mer\/#breadcrumb\",\"itemListElement\":[{\"@type\":\"ListItem\",\"position\":1,\"name\":\"Camping Soulac sur Mer\",\"item\":\"https:\/\/www.campingdespins.fr\/de\/\"},{\"@type\":\"ListItem\",\"position\":2,\"name\":\"H\u00fctte mieten Soulac-sur-Mer\"}]},{\"@type\":\"WebSite\",\"@id\":\"https:\/\/www.campingdespins.fr\/de\/#website\",\"url\":\"https:\/\/www.campingdespins.fr\/de\/\",\"name\":\"Camping des Pins\",\"description\":\"\",\"publisher\":{\"@id\":\"https:\/\/www.campingdespins.fr\/de\/#organization\"},\"potentialAction\":[{\"@type\":\"SearchAction\",\"target\":{\"@type\":\"EntryPoint\",\"urlTemplate\":\"https:\/\/www.campingdespins.fr\/de\/?s={search_term_string}\"},\"query-input\":{\"@type\":\"PropertyValueSpecification\",\"valueRequired\":true,\"valueName\":\"search_term_string\"}}],\"inLanguage\":\"de\"},{\"@type\":\"Organization\",\"@id\":\"https:\/\/www.campingdespins.fr\/de\/#organization\",\"name\":\"Camping des pins Soulac\",\"url\":\"https:\/\/www.campingdespins.fr\/de\/\",\"logo\":{\"@type\":\"ImageObject\",\"inLanguage\":\"de\",\"@id\":\"https:\/\/www.campingdespins.fr\/de\/#\/schema\/logo\/image\/\",\"url\":\"https:\/\/www.campingdespins.fr\/wp-content\/uploads\/2021\/03\/camping-pin-soulac-logo.png\",\"contentUrl\":\"https:\/\/www.campingdespins.fr\/wp-content\/uploads\/2021\/03\/camping-pin-soulac-logo.png\",\"width\":200,\"height\":212,\"caption\":\"Camping des pins Soulac\"},\"image\":{\"@id\":\"https:\/\/www.campingdespins.fr\/de\/#\/schema\/logo\/image\/\"}}]}<\/script>\n<!-- \/ Yoast SEO plugin. -->","yoast_head_json":{"title":"Atypische Vermietung Soulac-sur-Mer | Cabanes, H\u00fctten, Glamping Gironde","robots":{"index":"index","follow":"follow","max-snippet":"max-snippet:-1","max-image-preview":"max-image-preview:large","max-video-preview":"max-video-preview:-1"},"canonical":"https:\/\/www.campingdespins.fr\/de\/miete-insolite-soulac-sur-mer\/","og_locale":"de_DE","og_type":"article","og_title":"Atypische Vermietung Soulac-sur-Mer | Cabanes, H\u00fctten, Glamping Gironde","og_url":"https:\/\/www.campingdespins.fr\/de\/miete-insolite-soulac-sur-mer\/","og_site_name":"Camping des Pins","article_modified_time":"2024-12-03T14:00:44+00:00","og_image":[{"width":1904,"height":500,"url":"https:\/\/www.campingdespins.fr\/wp-content\/uploads\/2021\/05\/location-insolite-soulac.jpg","type":"image\/jpeg"}],"twitter_card":"summary_large_image","twitter_misc":{"Gesch\u00e4tzte Lesezeit":"1\u00a0Minute"},"schema":{"@context":"https:\/\/schema.org","@graph":[{"@type":"WebPage","@id":"https:\/\/www.campingdespins.fr\/de\/miete-insolite-soulac-sur-mer\/","url":"https:\/\/www.campingdespins.fr\/de\/miete-insolite-soulac-sur-mer\/","name":"Atypische Vermietung Soulac-sur-Mer | Cabanes, H\u00fctten, Glamping Gironde","isPartOf":{"@id":"https:\/\/www.campingdespins.fr\/de\/#website"},"primaryImageOfPage":{"@id":"https:\/\/www.campingdespins.fr\/de\/miete-insolite-soulac-sur-mer\/#primaryimage"},"image":{"@id":"https:\/\/www.campingdespins.fr\/de\/miete-insolite-soulac-sur-mer\/#primaryimage"},"thumbnailUrl":"https:\/\/www.campingdespins.fr\/wp-content\/uploads\/2021\/05\/location-insolite-soulac.jpg","datePublished":"2021-03-15T03:39:59+00:00","dateModified":"2024-12-03T14:00:44+00:00","breadcrumb":{"@id":"https:\/\/www.campingdespins.fr\/de\/miete-insolite-soulac-sur-mer\/#breadcrumb"},"inLanguage":"de","potentialAction":[{"@type":"ReadAction","target":["https:\/\/www.campingdespins.fr\/de\/miete-insolite-soulac-sur-mer\/"]}]},{"@type":"ImageObject","inLanguage":"de","@id":"https:\/\/www.campingdespins.fr\/de\/miete-insolite-soulac-sur-mer\/#primaryimage","url":"https:\/\/www.campingdespins.fr\/wp-content\/uploads\/2021\/05\/location-insolite-soulac.jpg","contentUrl":"https:\/\/www.campingdespins.fr\/wp-content\/uploads\/2021\/05\/location-insolite-soulac.jpg","width":1904,"height":500,"caption":"vermietung ungew\u00f6hnlich soulac"},{"@type":"BreadcrumbList","@id":"https:\/\/www.campingdespins.fr\/de\/miete-insolite-soulac-sur-mer\/#breadcrumb","itemListElement":[{"@type":"ListItem","position":1,"name":"Camping Soulac sur Mer","item":"https:\/\/www.campingdespins.fr\/de\/"},{"@type":"ListItem","position":2,"name":"H\u00fctte mieten Soulac-sur-Mer"}]},{"@type":"WebSite","@id":"https:\/\/www.campingdespins.fr\/de\/#website","url":"https:\/\/www.campingdespins.fr\/de\/","name":"Camping des Pins","description":"","publisher":{"@id":"https:\/\/www.campingdespins.fr\/de\/#organization"},"potentialAction":[{"@type":"SearchAction","target":{"@type":"EntryPoint","urlTemplate":"https:\/\/www.campingdespins.fr\/de\/?s={search_term_string}"},"query-input":{"@type":"PropertyValueSpecification","valueRequired":true,"valueName":"search_term_string"}}],"inLanguage":"de"},{"@type":"Organization","@id":"https:\/\/www.campingdespins.fr\/de\/#organization","name":"Camping des pins Soulac","url":"https:\/\/www.campingdespins.fr\/de\/","logo":{"@type":"ImageObject","inLanguage":"de","@id":"https:\/\/www.campingdespins.fr\/de\/#\/schema\/logo\/image\/","url":"https:\/\/www.campingdespins.fr\/wp-content\/uploads\/2021\/03\/camping-pin-soulac-logo.png","contentUrl":"https:\/\/www.campingdespins.fr\/wp-content\/uploads\/2021\/03\/camping-pin-soulac-logo.png","width":200,"height":212,"caption":"Camping des pins Soulac"},"image":{"@id":"https:\/\/www.campingdespins.fr\/de\/#\/schema\/logo\/image\/"}}]}},"_links":{"self":[{"href":"https:\/\/www.campingdespins.fr\/de\/wp-json\/wp\/v2\/pages\/5325","targetHints":{"allow":["GET"]}}],"collection":[{"href":"https:\/\/www.campingdespins.fr\/de\/wp-json\/wp\/v2\/pages"}],"about":[{"href":"https:\/\/www.campingdespins.fr\/de\/wp-json\/wp\/v2\/types\/page"}],"author":[{"embeddable":true,"href":"https:\/\/www.campingdespins.fr\/de\/wp-json\/wp\/v2\/users\/1"}],"replies":[{"embeddable":true,"href":"https:\/\/www.campingdespins.fr\/de\/wp-json\/wp\/v2\/comments?post=5325"}],"version-history":[{"count":5,"href":"https:\/\/www.campingdespins.fr\/de\/wp-json\/wp\/v2\/pages\/5325\/revisions"}],"predecessor-version":[{"id":8324,"href":"https:\/\/www.campingdespins.fr\/de\/wp-json\/wp\/v2\/pages\/5325\/revisions\/8324"}],"wp:featuredmedia":[{"embeddable":true,"href":"https:\/\/www.campingdespins.fr\/de\/wp-json\/wp\/v2\/media\/3888"}],"wp:attachment":[{"href":"https:\/\/www.campingdespins.fr\/de\/wp-json\/wp\/v2\/media?parent=5325"}],"curies":[{"name":"wp","href":"https:\/\/api.w.org\/{rel}","templated":true}]}}