{"id":5338,"date":"2021-03-15T04:42:48","date_gmt":"2021-03-15T03:42:48","guid":{"rendered":"https:\/\/www.campingdespins.fr\/contact-acces\/"},"modified":"2021-10-15T15:30:19","modified_gmt":"2021-10-15T13:30:19","slug":"kontakt-zugang","status":"publish","type":"page","link":"https:\/\/www.campingdespins.fr\/de\/kontakt-zugang\/","title":{"rendered":"Infos et contact"},"content":{"rendered":"<section id=\"section-609937ec6ef8e\"\" class=\"section bg-white\" \/><div class=\"container\"><h1 class=\"element section-title center\">Kontakt und Zugang<\/h1><\/div><\/section>\n\n<section id=\"section-609937ec6f153\"\" class=\"section bg-white p-b-0\" \/><div class=\"container extralarge\"><div class=\"colonnes-wrap valign-middle \"><div class=\"element colonne \"><h2 class=\"element section-title justify\">Kontakt<\/h2><div class=\"element bloc-text justify \">\n\t<p>Vor allem z\u00f6gern wir nicht, vor unserem Computer oder unserem Handy zu reservieren oder Informationen anzufordern, denn wir bevorzugen den menschlichen Kontakt auf dem Campingplatz Paradis des Pins. Nehmen Sie den H\u00f6rer in die Hand, egal ob Sie in Frankreich oder im Ausland sind, rufen Sie uns an, wir werden Ihre Fragen so gut wie m\u00f6glich beantworten und Ihnen bei Ihrer Reservierung helfen.<\/p>\n<p>Z\u00f6gern Sie nicht, wir sind mehrsprachig&#8230; Wir sprechen Englisch, Deutsch, Italienisch, Spanisch und sogar ein wenig Niederl\u00e4ndisch.<\/p>\n<ul>\n<li>contact@campingdespins.fr<\/li>\n<li>05 56 09 82 52<\/li>\n<li>Camping Paradis des Pins<br \/>\n213 Passe de Formose<br \/>\n33 780 Soulac-Sur-Mer<\/li>\n<\/ul>\n<\/div><\/div><div class=\"element colonne \"><div class=\"formulaire-de-contact\">\n<div class=\"wpcf7 no-js\" id=\"wpcf7-f5516-o1\" lang=\"fr-FR\" dir=\"ltr\" data-wpcf7-id=\"5516\">\n<div class=\"screen-reader-response\"><p role=\"status\" aria-live=\"polite\" aria-atomic=\"true\"><\/p> <ul><\/ul><\/div>\n<form action=\"\/de\/wp-json\/wp\/v2\/pages\/5338#wpcf7-f5516-o1\" method=\"post\" class=\"wpcf7-form init\" aria-label=\"Formulaire de contact\" novalidate=\"novalidate\" data-status=\"init\">\n<fieldset class=\"hidden-fields-container\"><input type=\"hidden\" name=\"_wpcf7\" value=\"5516\" \/><input type=\"hidden\" name=\"_wpcf7_version\" value=\"6.1.1\" \/><input type=\"hidden\" name=\"_wpcf7_locale\" value=\"fr_FR\" \/><input type=\"hidden\" name=\"_wpcf7_unit_tag\" value=\"wpcf7-f5516-o1\" \/><input type=\"hidden\" name=\"_wpcf7_container_post\" value=\"0\" \/><input type=\"hidden\" name=\"_wpcf7_posted_data_hash\" value=\"\" \/><input type=\"hidden\" name=\"_wpcf7_recaptcha_response\" value=\"\" \/>\n<\/fieldset>\n<p><span class=\"wpcf7-form-control-wrap\" data-name=\"your-name\"><input size=\"40\" maxlength=\"400\" class=\"wpcf7-form-control wpcf7-text wpcf7-validates-as-required\" aria-required=\"true\" aria-invalid=\"false\" placeholder=\"Ihr Name...\" value=\"\" type=\"text\" name=\"your-name\" \/><\/span><span class=\"wpcf7-form-control-wrap\" data-name=\"your-email\"><input size=\"40\" maxlength=\"400\" class=\"wpcf7-form-control wpcf7-email wpcf7-validates-as-required wpcf7-text wpcf7-validates-as-email\" aria-required=\"true\" aria-invalid=\"false\" placeholder=\"Deine E-Mail ...\" value=\"\" type=\"email\" name=\"your-email\" \/><\/span><span class=\"wpcf7-form-control-wrap\" data-name=\"your-subject\"><input size=\"40\" maxlength=\"400\" class=\"wpcf7-form-control wpcf7-text\" aria-invalid=\"false\" placeholder=\"Thema ...\" value=\"\" type=\"text\" name=\"your-subject\" \/><\/span><span class=\"wpcf7-form-control-wrap\" data-name=\"your-message\"><textarea cols=\"40\" rows=\"10\" maxlength=\"2000\" class=\"wpcf7-form-control wpcf7-textarea\" aria-invalid=\"false\" placeholder=\"Ihre Nachricht ...\" name=\"your-message\"><\/textarea><\/span><span class=\"wpcf7-form-control-wrap\" data-name=\"acceptance-553\"><span class=\"wpcf7-form-control wpcf7-acceptance\"><span class=\"wpcf7-list-item\"><label><input type=\"checkbox\" name=\"acceptance-553\" value=\"1\" aria-invalid=\"false\" \/><span class=\"wpcf7-list-item-label\">Durch Ankreuzen dieses K\u00e4stchens erkl\u00e4re ich mich mit der Datenschutzrichtlinie dieser Website einverstanden.<\/span><\/label><\/span><\/span><\/span><input class=\"wpcf7-form-control wpcf7-submit has-spinner\" type=\"submit\" value=\"Senden Sie\" \/>\n<\/p><div class=\"wpcf7-response-output\" aria-hidden=\"true\"><\/div>\n<\/form>\n<\/div>\n<\/div><\/div><\/div><\/div><\/section>\n\n<section id=\"section-609937ec6f325\"\" class=\"section bg-white p-t-0\" \/><div class=\"container full\"><div class=\"colonnes-wrap valign-middle \"><div class=\"element colonne \"><div class=\"carte\" data-src=\"https:\/\/www.google.com\/maps\/embed?pb=!1m18!1m12!1m3!1d106470.98572957075!2d-1.1468578164229066!3d45.472907172993516!2m3!1f0!2f0!3f0!3m2!1i1024!2i768!4f13.1!3m3!1m2!1s0x4801844dfaaa94f9%3A0x1dc935650e6283c1!2sCamping%20Paradis%20des%20Pins-%20Soulac%20%7C%20Camping%20M%C3%A9doc%20%7C%20Gironde!5e0!3m2!1sfr!2sfr!4v1620658860382!5m2!1sfr!2sfr\"><\/div><\/div><div class=\"element colonne \"><h2 class=\"element section-title justify\">Reiseplan<\/h2><div class=\"element bloc-text justify \">\n\t<p>Wie kommt man zum Campingplatz Soulac-sur-Mer?<br \/>\nWenn Sie dar\u00fcber nachdenken, k\u00f6nnen Sie den Campingplatz Paradis des Pins mit allen m\u00f6glichen Verkehrsmitteln erreichen: Flugzeug, Auto, Bus, Motorroller, Fahrrad, Zug, Schiff&#8230; Es gibt nicht viele Ausreden, um nicht an unser Urlaubsziel zu kommen&#8230; meinen Sie nicht auch?<\/p>\n<ul>\n<li>Mit dem Auto: Von Bordeaux aus nehmen Sie die Umgehungsstra\u00dfe (Ausfahrt Nr. 8) und dann die N215 (Le Verdon) oder die D2 (Pauillac). Maporama-Website<\/li>\n<li>Mit dem Zug: TGV Atlantic Paris-Bordeaux SNCF-Bahnhof, dann die Linie Bordeaux &#8211; Soulac-sur-Mer.<\/li>\n<li>Mit dem Flugzeug: Flughafen Bordeaux-M\u00e9rignac. Informationen \u00fcber 05.56.34.50.50.<\/li>\n<li>Mit dem Bus: Citram Aquitaine. Informationen \u00fcber 05.56.43.68.68.<\/li>\n<li>Mit dem Schiff: Bac de Royan.<\/li>\n<li>\u00dcber die Autobahn : A10, Ausfahrt Nr. 25 (Saintes), Richtung Royan. \u00dcberquerung der Gironde mit der F\u00e4hre.<\/li>\n<\/ul>\n<\/div><\/div><\/div><\/div><\/section>","protected":false},"excerpt":{"rendered":"","protected":false},"author":1,"featured_media":4126,"parent":0,"menu_order":0,"comment_status":"closed","ping_status":"closed","template":"","meta":{"_acf_changed":false,"footnotes":""},"class_list":["post-5338","page","type-page","status-publish","has-post-thumbnail","hentry"],"acf":[],"yoast_head":"<!-- This site is optimized with the Yoast SEO plugin v25.8 - https:\/\/yoast.com\/wordpress\/plugins\/seo\/ -->\n<title>Kontakt zum Campingplatz Paradis des Pins Soulac | Reiseplan Camping Soulac<\/title>\n<meta name=\"robots\" content=\"index, follow, max-snippet:-1, max-image-preview:large, max-video-preview:-1\" \/>\n<link rel=\"canonical\" href=\"https:\/\/www.campingdespins.fr\/de\/kontakt-zugang\/\" \/>\n<meta property=\"og:locale\" content=\"de_DE\" \/>\n<meta property=\"og:type\" content=\"article\" \/>\n<meta property=\"og:title\" content=\"Kontakt zum Campingplatz Paradis des Pins Soulac | Reiseplan Camping Soulac\" \/>\n<meta property=\"og:url\" content=\"https:\/\/www.campingdespins.fr\/de\/kontakt-zugang\/\" \/>\n<meta property=\"og:site_name\" content=\"Camping des Pins\" \/>\n<meta property=\"article:modified_time\" content=\"2021-10-15T13:30:19+00:00\" \/>\n<meta property=\"og:image\" content=\"https:\/\/www.campingdespins.fr\/wp-content\/uploads\/2021\/05\/surf-soulac-mer.jpg\" \/>\n\t<meta property=\"og:image:width\" content=\"1903\" \/>\n\t<meta property=\"og:image:height\" content=\"500\" \/>\n\t<meta property=\"og:image:type\" content=\"image\/jpeg\" \/>\n<meta name=\"twitter:card\" content=\"summary_large_image\" \/>\n<script type=\"application\/ld+json\" class=\"yoast-schema-graph\">{\"@context\":\"https:\/\/schema.org\",\"@graph\":[{\"@type\":\"WebPage\",\"@id\":\"https:\/\/www.campingdespins.fr\/de\/kontakt-zugang\/\",\"url\":\"https:\/\/www.campingdespins.fr\/de\/kontakt-zugang\/\",\"name\":\"Kontakt zum Campingplatz Paradis des Pins Soulac | Reiseplan Camping Soulac\",\"isPartOf\":{\"@id\":\"https:\/\/www.campingdespins.fr\/de\/#website\"},\"primaryImageOfPage\":{\"@id\":\"https:\/\/www.campingdespins.fr\/de\/kontakt-zugang\/#primaryimage\"},\"image\":{\"@id\":\"https:\/\/www.campingdespins.fr\/de\/kontakt-zugang\/#primaryimage\"},\"thumbnailUrl\":\"https:\/\/www.campingdespins.fr\/wp-content\/uploads\/2021\/05\/surf-soulac-mer.jpg\",\"datePublished\":\"2021-03-15T03:42:48+00:00\",\"dateModified\":\"2021-10-15T13:30:19+00:00\",\"breadcrumb\":{\"@id\":\"https:\/\/www.campingdespins.fr\/de\/kontakt-zugang\/#breadcrumb\"},\"inLanguage\":\"de\",\"potentialAction\":[{\"@type\":\"ReadAction\",\"target\":[\"https:\/\/www.campingdespins.fr\/de\/kontakt-zugang\/\"]}]},{\"@type\":\"ImageObject\",\"inLanguage\":\"de\",\"@id\":\"https:\/\/www.campingdespins.fr\/de\/kontakt-zugang\/#primaryimage\",\"url\":\"https:\/\/www.campingdespins.fr\/wp-content\/uploads\/2021\/05\/surf-soulac-mer.jpg\",\"contentUrl\":\"https:\/\/www.campingdespins.fr\/wp-content\/uploads\/2021\/05\/surf-soulac-mer.jpg\",\"width\":1903,\"height\":500,\"caption\":\"surf soulac mer\"},{\"@type\":\"BreadcrumbList\",\"@id\":\"https:\/\/www.campingdespins.fr\/de\/kontakt-zugang\/#breadcrumb\",\"itemListElement\":[{\"@type\":\"ListItem\",\"position\":1,\"name\":\"Camping Soulac sur Mer\",\"item\":\"https:\/\/www.campingdespins.fr\/de\/\"},{\"@type\":\"ListItem\",\"position\":2,\"name\":\"Kontakt und Wegbeschreibung\"}]},{\"@type\":\"WebSite\",\"@id\":\"https:\/\/www.campingdespins.fr\/de\/#website\",\"url\":\"https:\/\/www.campingdespins.fr\/de\/\",\"name\":\"Camping des Pins\",\"description\":\"\",\"publisher\":{\"@id\":\"https:\/\/www.campingdespins.fr\/de\/#organization\"},\"potentialAction\":[{\"@type\":\"SearchAction\",\"target\":{\"@type\":\"EntryPoint\",\"urlTemplate\":\"https:\/\/www.campingdespins.fr\/de\/?s={search_term_string}\"},\"query-input\":{\"@type\":\"PropertyValueSpecification\",\"valueRequired\":true,\"valueName\":\"search_term_string\"}}],\"inLanguage\":\"de\"},{\"@type\":\"Organization\",\"@id\":\"https:\/\/www.campingdespins.fr\/de\/#organization\",\"name\":\"Camping des pins Soulac\",\"url\":\"https:\/\/www.campingdespins.fr\/de\/\",\"logo\":{\"@type\":\"ImageObject\",\"inLanguage\":\"de\",\"@id\":\"https:\/\/www.campingdespins.fr\/de\/#\/schema\/logo\/image\/\",\"url\":\"https:\/\/www.campingdespins.fr\/wp-content\/uploads\/2021\/03\/camping-pin-soulac-logo.png\",\"contentUrl\":\"https:\/\/www.campingdespins.fr\/wp-content\/uploads\/2021\/03\/camping-pin-soulac-logo.png\",\"width\":200,\"height\":212,\"caption\":\"Camping des pins Soulac\"},\"image\":{\"@id\":\"https:\/\/www.campingdespins.fr\/de\/#\/schema\/logo\/image\/\"}}]}<\/script>\n<!-- \/ Yoast SEO plugin. -->","yoast_head_json":{"title":"Kontakt zum Campingplatz Paradis des Pins Soulac | Reiseplan Camping Soulac","robots":{"index":"index","follow":"follow","max-snippet":"max-snippet:-1","max-image-preview":"max-image-preview:large","max-video-preview":"max-video-preview:-1"},"canonical":"https:\/\/www.campingdespins.fr\/de\/kontakt-zugang\/","og_locale":"de_DE","og_type":"article","og_title":"Kontakt zum Campingplatz Paradis des Pins Soulac | Reiseplan Camping Soulac","og_url":"https:\/\/www.campingdespins.fr\/de\/kontakt-zugang\/","og_site_name":"Camping des Pins","article_modified_time":"2021-10-15T13:30:19+00:00","og_image":[{"width":1903,"height":500,"url":"https:\/\/www.campingdespins.fr\/wp-content\/uploads\/2021\/05\/surf-soulac-mer.jpg","type":"image\/jpeg"}],"twitter_card":"summary_large_image","schema":{"@context":"https:\/\/schema.org","@graph":[{"@type":"WebPage","@id":"https:\/\/www.campingdespins.fr\/de\/kontakt-zugang\/","url":"https:\/\/www.campingdespins.fr\/de\/kontakt-zugang\/","name":"Kontakt zum Campingplatz Paradis des Pins Soulac | Reiseplan Camping Soulac","isPartOf":{"@id":"https:\/\/www.campingdespins.fr\/de\/#website"},"primaryImageOfPage":{"@id":"https:\/\/www.campingdespins.fr\/de\/kontakt-zugang\/#primaryimage"},"image":{"@id":"https:\/\/www.campingdespins.fr\/de\/kontakt-zugang\/#primaryimage"},"thumbnailUrl":"https:\/\/www.campingdespins.fr\/wp-content\/uploads\/2021\/05\/surf-soulac-mer.jpg","datePublished":"2021-03-15T03:42:48+00:00","dateModified":"2021-10-15T13:30:19+00:00","breadcrumb":{"@id":"https:\/\/www.campingdespins.fr\/de\/kontakt-zugang\/#breadcrumb"},"inLanguage":"de","potentialAction":[{"@type":"ReadAction","target":["https:\/\/www.campingdespins.fr\/de\/kontakt-zugang\/"]}]},{"@type":"ImageObject","inLanguage":"de","@id":"https:\/\/www.campingdespins.fr\/de\/kontakt-zugang\/#primaryimage","url":"https:\/\/www.campingdespins.fr\/wp-content\/uploads\/2021\/05\/surf-soulac-mer.jpg","contentUrl":"https:\/\/www.campingdespins.fr\/wp-content\/uploads\/2021\/05\/surf-soulac-mer.jpg","width":1903,"height":500,"caption":"surf soulac mer"},{"@type":"BreadcrumbList","@id":"https:\/\/www.campingdespins.fr\/de\/kontakt-zugang\/#breadcrumb","itemListElement":[{"@type":"ListItem","position":1,"name":"Camping Soulac sur Mer","item":"https:\/\/www.campingdespins.fr\/de\/"},{"@type":"ListItem","position":2,"name":"Kontakt und Wegbeschreibung"}]},{"@type":"WebSite","@id":"https:\/\/www.campingdespins.fr\/de\/#website","url":"https:\/\/www.campingdespins.fr\/de\/","name":"Camping des Pins","description":"","publisher":{"@id":"https:\/\/www.campingdespins.fr\/de\/#organization"},"potentialAction":[{"@type":"SearchAction","target":{"@type":"EntryPoint","urlTemplate":"https:\/\/www.campingdespins.fr\/de\/?s={search_term_string}"},"query-input":{"@type":"PropertyValueSpecification","valueRequired":true,"valueName":"search_term_string"}}],"inLanguage":"de"},{"@type":"Organization","@id":"https:\/\/www.campingdespins.fr\/de\/#organization","name":"Camping des pins Soulac","url":"https:\/\/www.campingdespins.fr\/de\/","logo":{"@type":"ImageObject","inLanguage":"de","@id":"https:\/\/www.campingdespins.fr\/de\/#\/schema\/logo\/image\/","url":"https:\/\/www.campingdespins.fr\/wp-content\/uploads\/2021\/03\/camping-pin-soulac-logo.png","contentUrl":"https:\/\/www.campingdespins.fr\/wp-content\/uploads\/2021\/03\/camping-pin-soulac-logo.png","width":200,"height":212,"caption":"Camping des pins Soulac"},"image":{"@id":"https:\/\/www.campingdespins.fr\/de\/#\/schema\/logo\/image\/"}}]}},"_links":{"self":[{"href":"https:\/\/www.campingdespins.fr\/de\/wp-json\/wp\/v2\/pages\/5338","targetHints":{"allow":["GET"]}}],"collection":[{"href":"https:\/\/www.campingdespins.fr\/de\/wp-json\/wp\/v2\/pages"}],"about":[{"href":"https:\/\/www.campingdespins.fr\/de\/wp-json\/wp\/v2\/types\/page"}],"author":[{"embeddable":true,"href":"https:\/\/www.campingdespins.fr\/de\/wp-json\/wp\/v2\/users\/1"}],"replies":[{"embeddable":true,"href":"https:\/\/www.campingdespins.fr\/de\/wp-json\/wp\/v2\/comments?post=5338"}],"version-history":[{"count":4,"href":"https:\/\/www.campingdespins.fr\/de\/wp-json\/wp\/v2\/pages\/5338\/revisions"}],"predecessor-version":[{"id":5518,"href":"https:\/\/www.campingdespins.fr\/de\/wp-json\/wp\/v2\/pages\/5338\/revisions\/5518"}],"wp:featuredmedia":[{"embeddable":true,"href":"https:\/\/www.campingdespins.fr\/de\/wp-json\/wp\/v2\/media\/4126"}],"wp:attachment":[{"href":"https:\/\/www.campingdespins.fr\/de\/wp-json\/wp\/v2\/media?parent=5338"}],"curies":[{"name":"wp","href":"https:\/\/api.w.org\/{rel}","templated":true}]}}