{"id":5339,"date":"2021-03-15T04:42:33","date_gmt":"2021-03-15T03:42:33","guid":{"rendered":"https:\/\/www.campingdespins.fr\/camping-evenement-soulac-sur-mer\/"},"modified":"2025-03-04T14:54:59","modified_gmt":"2025-03-04T13:54:59","slug":"camping-veranstaltung-soulac-sur-mer","status":"publish","type":"page","link":"https:\/\/www.campingdespins.fr\/de\/camping-gironde\/camping-veranstaltung-soulac-sur-mer\/","title":{"rendered":"Meetings : Anniversaires et mariages"},"content":{"rendered":"<section id=\"section-6064414b26ae1\"\" class=\"section bg-white p-t-0\" \/><div class=\"container extralarge\"><div class=\"colonnes-wrap valign-top \"><div class=\"element colonne w-40 p-t-0\"><div class=\"element images\"><div class=\"image\"><img decoding=\"async\" src=\"https:\/\/www.campingdespins.fr\/wp-content\/uploads\/2021\/05\/repas-rastaurant-soulac.jpg\" data-src=\"https:\/\/www.campingdespins.fr\/wp-content\/uploads\/2021\/05\/repas-rastaurant-soulac.jpg\" alt=\"repas restaurant soulac\" class=\"images_image nofilter\" \/><\/div><\/div><\/div><div class=\"element colonne w-60 p-x-4 p-y-4\"><h1 class=\"element section-title left color2\">Campingveranstaltung Soulac-sur-Mer<\/h1><div class=\"element bloc-text justify \">\n\t<p>Sie suchen den idealen Ort, um ein gl\u00fcckliches Ereignis in Ihrem Leben auf originelle Weise zu markieren und dann&#8230; wir werden es nicht verbergen, um Ihren Lieben ein Ende zu setzen. Wir tun alle dasselbe&#8230;<\/p>\n<p>Hochzeit ? Geburtstagsfeier? Babyparty ? Taufe?<\/p>\n<p>Wir bieten Ihnen ein globales und ma\u00dfgeschneidertes Angebot nach Ihren W\u00fcnschen. Gehen Sie davon aus, dass alles m\u00f6glich ist, es wird einer oder der sch\u00f6nste Tag in Ihrem Leben sein, also vermeiden wir Hindernisse. Wir diskutieren, wir lernen und wir tun!<\/p>\n<p>Gl\u00fcck, Gl\u00fcck und Gl\u00fcck ist das, was wir wollen. Good Vibes, um zu sehen, wie du diesen Moment mit uns erlebst, mit einem L\u00e4cheln, das f\u00fcr sich selbst spricht.<\/p>\n<\/div><\/div><\/div><\/div><\/section>\n\n<section id=\"section-6064414b26c55\"\" class=\"section bg-white p-t-0 p-b-0\" \/><div class=\"container full\"><div class=\"element images\"><div class=\"image\"><img decoding=\"async\" src=\"https:\/\/www.campingdespins.fr\/wp-content\/uploads\/2021\/04\/camping-mariage-soulac-3.jpg\" data-src=\"https:\/\/www.campingdespins.fr\/wp-content\/uploads\/2021\/04\/camping-mariage-soulac-3.jpg\" alt=\"camping mariage soulac\" class=\"images_image\" \/><\/div><div class=\"image\"><img decoding=\"async\" src=\"https:\/\/www.campingdespins.fr\/wp-content\/uploads\/2021\/05\/restaurant-evenement-soulac.jpg\" data-src=\"https:\/\/www.campingdespins.fr\/wp-content\/uploads\/2021\/05\/restaurant-evenement-soulac.jpg\" alt=\"restaurant evenement soulac\" class=\"images_image\" \/><\/div><\/div><\/div><\/section>\n\n<section id=\"section-6064414b26e8d\"\" class=\"section bg-white p-t-0 p-b-0\" \/><div class=\"container full\"><div class=\"colonnes-wrap valign-middle \"><div class=\"element colonne p-0\"><div class=\"element images\"><div class=\"image\"><img decoding=\"async\" src=\"https:\/\/www.campingdespins.fr\/wp-content\/uploads\/2021\/05\/restaurant-terrasse-evenement-gironde.jpg\" data-src=\"https:\/\/www.campingdespins.fr\/wp-content\/uploads\/2021\/05\/restaurant-terrasse-evenement-gironde.jpg\" alt=\"restaurant terrasse evenement gironde\" class=\"images_image\" \/><\/div><\/div><\/div><div class=\"element colonne p-x-6\"><h2 class=\"element section-title left\">Der ideale Ort: Hier ist alles m\u00f6glich<\/h2><div class=\"element bloc-text justify \">\n\t<p>Wir lachen, wir feiern, wir tanzen, wir essen, wir trinken, wir schlafen vor Ort.<br \/>\nIm Interesse der Sicherheit ist es immer besser, an Ort und Stelle zu schlafen, wenn ein Ereignis gefeiert wird. Das ist es, was man uns von klein auf geraten hat, nicht wahr?<\/p>\n<p>Deshalb z\u00f6gern wir nicht, wenn wir k\u00f6nnen. Es ist selten, dass wir unseren Stamm au\u00dferhalb unseres Hauses versammeln und alle G\u00e4ste unterbringen k\u00f6nnen. Zu Hause, hier, ist es m\u00f6glich. Les Fr\u00e8res Nicoll&#8217;s ist nur 100 m vom Eingang des Campingplatzes Paradis des Pins Soulac entfernt.<\/p>\n<\/div><h2 class=\"element section-title left\">Im Herzen der Natur<\/h2><div class=\"element bloc-text justify \">\n\t<p>Einen Ort zu finden, der sowohl modern als auch \u00f6kologisch verantwortungsbewusst ist, versteckt inmitten des Waldes, abseits der Aufmerksamkeit und Beobachtung der Neugierigen&#8230; In diesem leicht ausgefallenen Stil findet man sie nicht \u00fcberall. Nein?<\/p>\n<p>Ein h\u00fcbsches Kleid, das im Wind weht, oder ein h\u00fcbsches Hemd, die F\u00fc\u00dfe im Sand, Musik, ein Glas Champagner in der Hand, mit Blick auf den beheizten Pool, umgeben von ihren G\u00e4sten und nicht weit von ihrer Luxuskabine entfernt, um sich die Sch\u00f6nheit auffrischen zu lassen.<\/p>\n<p>K\u00f6nnen Sie sich selbst dort sehen? Das k\u00f6nnen wir auch, und wir k\u00f6nnen diesen Moment mit der richtigen Atmosph\u00e4re magisch machen.<\/p>\n<\/div><h2 class=\"element section-title left\">Wir tun nicht, was andere tun\t<\/h2><div class=\"element bloc-text justify \">\n\t<p>Erwarten Sie nicht, dass wir Ihnen das bieten, was Sie \u00fcberall finden k\u00f6nnen, wir sind nicht wie die anderen. Wir m\u00f6gen das Ausgefallene und vor allem h\u00f6ren wir Ihnen zu, wir arbeiten mit Ihnen zusammen.<\/p>\n<p>F\u00fcr alle Informationsanfragen wenden Sie sich bitte zun\u00e4chst an Christine an der Rezeption, die Sie dann weiterleitet. Dank unseres Coworking Space in Soulac k\u00f6nnen wir auch Ihre Gruppenaufenthalte oder Seminare organisieren.<\/p>\n<\/div><\/div><\/div><\/div><\/section>\n\n<section id=\"section-6064414b2708d\"\" class=\"section bg-white\" \/><div class=\"container extralarge\"><div class=\"element section-title center titre-cta\">Entdecken Sie unsere Unterk\u00fcnfte und Preise auf dem Campingplatz<\/div><ul class=\"liste-de-page\"><li class=\"element call-to-action carre call-to-action--style-1 call-to-action--normal\"><a href=\"https:\/\/www.campingdespins.fr\/de\/campingplatz-cheap-soulac-sur-mer\/\"  class=\"call-to-action_link\" title=\"En savoir plus sur preise in soulac\"><div class=\"call-to-action_image\"><img decoding=\"async\" src=\"https:\/\/www.campingdespins.fr\/wp-content\/uploads\/2021\/06\/location-petit-prix-soulac.jpg\" data-src=\"https:\/\/www.campingdespins.fr\/wp-content\/uploads\/2021\/06\/location-petit-prix-soulac.jpg\" alt=\"location petit prix soulac\" class=\"normal\" \/><\/div><div class=\"call-to-action_contenu\"><div class=\"call-to-action_titre\">Preise in Soulac<\/div><\/div><\/a><\/li><li class=\"element call-to-action carre call-to-action--style-1 call-to-action--normal call-to-action--style-1 call-to-action--normal\"><a href=\"https:\/\/www.campingdespins.fr\/de\/camping-gironde\/campingplatz-group-soulac-sur-mer\/\"  class=\"call-to-action_link\" title=\"En savoir plus sur seminare in soulac\"><div class=\"call-to-action_image\"><img decoding=\"async\" src=\"https:\/\/www.campingdespins.fr\/wp-content\/uploads\/2021\/05\/reunion-soulac.jpg\" data-src=\"https:\/\/www.campingdespins.fr\/wp-content\/uploads\/2021\/05\/reunion-soulac.jpg\" alt=\"reunion soulac\" class=\"normal\" \/><\/div><div class=\"call-to-action_contenu\"><div class=\"call-to-action_titre\">Seminare in Soulac<\/div><\/div><\/a><\/li><li class=\"element call-to-action carre call-to-action--style-1 call-to-action--normal call-to-action--style-1 call-to-action--normal call-to-action--style-1 call-to-action--normal\"><a href=\"https:\/\/www.campingdespins.fr\/de\/camping-gironde\/standort-veranstaltung-soulac-sur-mer\/\"  class=\"call-to-action_link\" title=\"En savoir plus sur gruppenvermietung in soulac\"><div class=\"call-to-action_image\"><img decoding=\"async\" src=\"https:\/\/www.campingdespins.fr\/wp-content\/uploads\/2021\/05\/location-hebergement-soulac.jpg\" data-src=\"https:\/\/www.campingdespins.fr\/wp-content\/uploads\/2021\/05\/location-hebergement-soulac.jpg\" alt=\"location-hebergement-soulac\" class=\"normal\" \/><\/div><div class=\"call-to-action_contenu\"><div class=\"call-to-action_titre\">Gruppenvermietung in Soulac<\/div><\/div><\/a><\/li><\/ul><\/div><\/section>","protected":false},"excerpt":{"rendered":"","protected":false},"author":1,"featured_media":1916,"parent":8405,"menu_order":0,"comment_status":"closed","ping_status":"closed","template":"","meta":{"_acf_changed":false,"footnotes":""},"class_list":["post-5339","page","type-page","status-publish","has-post-thumbnail","hentry"],"acf":[],"yoast_head":"<!-- This site is optimized with the Yoast SEO plugin v25.8 - https:\/\/yoast.com\/wordpress\/plugins\/seo\/ -->\n<title>Camping Event Soulac-sur-Mer | Geburtstag, Hochzeit Gironde (33)<\/title>\n<meta name=\"robots\" content=\"index, follow, max-snippet:-1, max-image-preview:large, max-video-preview:-1\" \/>\n<link rel=\"canonical\" href=\"https:\/\/www.campingdespins.fr\/de\/camping-gironde\/camping-veranstaltung-soulac-sur-mer\/\" \/>\n<meta property=\"og:locale\" content=\"de_DE\" \/>\n<meta property=\"og:type\" content=\"article\" \/>\n<meta property=\"og:title\" content=\"Camping Event Soulac-sur-Mer | Geburtstag, Hochzeit Gironde (33)\" \/>\n<meta property=\"og:url\" content=\"https:\/\/www.campingdespins.fr\/de\/camping-gironde\/camping-veranstaltung-soulac-sur-mer\/\" \/>\n<meta property=\"og:site_name\" content=\"Camping des Pins\" \/>\n<meta property=\"article:modified_time\" content=\"2025-03-04T13:54:59+00:00\" \/>\n<meta property=\"og:image\" content=\"https:\/\/www.campingdespins.fr\/wp-content\/uploads\/2021\/04\/organiser-mariage-soulac.jpg\" \/>\n\t<meta property=\"og:image:width\" content=\"1902\" \/>\n\t<meta property=\"og:image:height\" content=\"500\" \/>\n\t<meta property=\"og:image:type\" content=\"image\/jpeg\" \/>\n<meta name=\"twitter:card\" content=\"summary_large_image\" \/>\n<script type=\"application\/ld+json\" class=\"yoast-schema-graph\">{\"@context\":\"https:\/\/schema.org\",\"@graph\":[{\"@type\":\"WebPage\",\"@id\":\"https:\/\/www.campingdespins.fr\/de\/camping-gironde\/camping-veranstaltung-soulac-sur-mer\/\",\"url\":\"https:\/\/www.campingdespins.fr\/de\/camping-gironde\/camping-veranstaltung-soulac-sur-mer\/\",\"name\":\"Camping Event Soulac-sur-Mer | Geburtstag, Hochzeit Gironde (33)\",\"isPartOf\":{\"@id\":\"https:\/\/www.campingdespins.fr\/de\/#website\"},\"primaryImageOfPage\":{\"@id\":\"https:\/\/www.campingdespins.fr\/de\/camping-gironde\/camping-veranstaltung-soulac-sur-mer\/#primaryimage\"},\"image\":{\"@id\":\"https:\/\/www.campingdespins.fr\/de\/camping-gironde\/camping-veranstaltung-soulac-sur-mer\/#primaryimage\"},\"thumbnailUrl\":\"https:\/\/www.campingdespins.fr\/wp-content\/uploads\/2021\/04\/organiser-mariage-soulac.jpg\",\"datePublished\":\"2021-03-15T03:42:33+00:00\",\"dateModified\":\"2025-03-04T13:54:59+00:00\",\"breadcrumb\":{\"@id\":\"https:\/\/www.campingdespins.fr\/de\/camping-gironde\/camping-veranstaltung-soulac-sur-mer\/#breadcrumb\"},\"inLanguage\":\"de\",\"potentialAction\":[{\"@type\":\"ReadAction\",\"target\":[\"https:\/\/www.campingdespins.fr\/de\/camping-gironde\/camping-veranstaltung-soulac-sur-mer\/\"]}]},{\"@type\":\"ImageObject\",\"inLanguage\":\"de\",\"@id\":\"https:\/\/www.campingdespins.fr\/de\/camping-gironde\/camping-veranstaltung-soulac-sur-mer\/#primaryimage\",\"url\":\"https:\/\/www.campingdespins.fr\/wp-content\/uploads\/2021\/04\/organiser-mariage-soulac.jpg\",\"contentUrl\":\"https:\/\/www.campingdespins.fr\/wp-content\/uploads\/2021\/04\/organiser-mariage-soulac.jpg\",\"width\":1902,\"height\":500,\"caption\":\"organiser mariage soulac\"},{\"@type\":\"BreadcrumbList\",\"@id\":\"https:\/\/www.campingdespins.fr\/de\/camping-gironde\/camping-veranstaltung-soulac-sur-mer\/#breadcrumb\",\"itemListElement\":[{\"@type\":\"ListItem\",\"position\":1,\"name\":\"Camping Soulac sur Mer\",\"item\":\"https:\/\/www.campingdespins.fr\/de\/\"},{\"@type\":\"ListItem\",\"position\":2,\"name\":\"Geburtstag, Hochzeit Gironde\"}]},{\"@type\":\"WebSite\",\"@id\":\"https:\/\/www.campingdespins.fr\/de\/#website\",\"url\":\"https:\/\/www.campingdespins.fr\/de\/\",\"name\":\"Camping des Pins\",\"description\":\"\",\"publisher\":{\"@id\":\"https:\/\/www.campingdespins.fr\/de\/#organization\"},\"potentialAction\":[{\"@type\":\"SearchAction\",\"target\":{\"@type\":\"EntryPoint\",\"urlTemplate\":\"https:\/\/www.campingdespins.fr\/de\/?s={search_term_string}\"},\"query-input\":{\"@type\":\"PropertyValueSpecification\",\"valueRequired\":true,\"valueName\":\"search_term_string\"}}],\"inLanguage\":\"de\"},{\"@type\":\"Organization\",\"@id\":\"https:\/\/www.campingdespins.fr\/de\/#organization\",\"name\":\"Camping des pins Soulac\",\"url\":\"https:\/\/www.campingdespins.fr\/de\/\",\"logo\":{\"@type\":\"ImageObject\",\"inLanguage\":\"de\",\"@id\":\"https:\/\/www.campingdespins.fr\/de\/#\/schema\/logo\/image\/\",\"url\":\"https:\/\/www.campingdespins.fr\/wp-content\/uploads\/2021\/03\/camping-pin-soulac-logo.png\",\"contentUrl\":\"https:\/\/www.campingdespins.fr\/wp-content\/uploads\/2021\/03\/camping-pin-soulac-logo.png\",\"width\":200,\"height\":212,\"caption\":\"Camping des pins Soulac\"},\"image\":{\"@id\":\"https:\/\/www.campingdespins.fr\/de\/#\/schema\/logo\/image\/\"}}]}<\/script>\n<!-- \/ Yoast SEO plugin. -->","yoast_head_json":{"title":"Camping Event Soulac-sur-Mer | Geburtstag, Hochzeit Gironde (33)","robots":{"index":"index","follow":"follow","max-snippet":"max-snippet:-1","max-image-preview":"max-image-preview:large","max-video-preview":"max-video-preview:-1"},"canonical":"https:\/\/www.campingdespins.fr\/de\/camping-gironde\/camping-veranstaltung-soulac-sur-mer\/","og_locale":"de_DE","og_type":"article","og_title":"Camping Event Soulac-sur-Mer | Geburtstag, Hochzeit Gironde (33)","og_url":"https:\/\/www.campingdespins.fr\/de\/camping-gironde\/camping-veranstaltung-soulac-sur-mer\/","og_site_name":"Camping des Pins","article_modified_time":"2025-03-04T13:54:59+00:00","og_image":[{"width":1902,"height":500,"url":"https:\/\/www.campingdespins.fr\/wp-content\/uploads\/2021\/04\/organiser-mariage-soulac.jpg","type":"image\/jpeg"}],"twitter_card":"summary_large_image","schema":{"@context":"https:\/\/schema.org","@graph":[{"@type":"WebPage","@id":"https:\/\/www.campingdespins.fr\/de\/camping-gironde\/camping-veranstaltung-soulac-sur-mer\/","url":"https:\/\/www.campingdespins.fr\/de\/camping-gironde\/camping-veranstaltung-soulac-sur-mer\/","name":"Camping Event Soulac-sur-Mer | Geburtstag, Hochzeit Gironde (33)","isPartOf":{"@id":"https:\/\/www.campingdespins.fr\/de\/#website"},"primaryImageOfPage":{"@id":"https:\/\/www.campingdespins.fr\/de\/camping-gironde\/camping-veranstaltung-soulac-sur-mer\/#primaryimage"},"image":{"@id":"https:\/\/www.campingdespins.fr\/de\/camping-gironde\/camping-veranstaltung-soulac-sur-mer\/#primaryimage"},"thumbnailUrl":"https:\/\/www.campingdespins.fr\/wp-content\/uploads\/2021\/04\/organiser-mariage-soulac.jpg","datePublished":"2021-03-15T03:42:33+00:00","dateModified":"2025-03-04T13:54:59+00:00","breadcrumb":{"@id":"https:\/\/www.campingdespins.fr\/de\/camping-gironde\/camping-veranstaltung-soulac-sur-mer\/#breadcrumb"},"inLanguage":"de","potentialAction":[{"@type":"ReadAction","target":["https:\/\/www.campingdespins.fr\/de\/camping-gironde\/camping-veranstaltung-soulac-sur-mer\/"]}]},{"@type":"ImageObject","inLanguage":"de","@id":"https:\/\/www.campingdespins.fr\/de\/camping-gironde\/camping-veranstaltung-soulac-sur-mer\/#primaryimage","url":"https:\/\/www.campingdespins.fr\/wp-content\/uploads\/2021\/04\/organiser-mariage-soulac.jpg","contentUrl":"https:\/\/www.campingdespins.fr\/wp-content\/uploads\/2021\/04\/organiser-mariage-soulac.jpg","width":1902,"height":500,"caption":"organiser mariage soulac"},{"@type":"BreadcrumbList","@id":"https:\/\/www.campingdespins.fr\/de\/camping-gironde\/camping-veranstaltung-soulac-sur-mer\/#breadcrumb","itemListElement":[{"@type":"ListItem","position":1,"name":"Camping Soulac sur Mer","item":"https:\/\/www.campingdespins.fr\/de\/"},{"@type":"ListItem","position":2,"name":"Geburtstag, Hochzeit Gironde"}]},{"@type":"WebSite","@id":"https:\/\/www.campingdespins.fr\/de\/#website","url":"https:\/\/www.campingdespins.fr\/de\/","name":"Camping des Pins","description":"","publisher":{"@id":"https:\/\/www.campingdespins.fr\/de\/#organization"},"potentialAction":[{"@type":"SearchAction","target":{"@type":"EntryPoint","urlTemplate":"https:\/\/www.campingdespins.fr\/de\/?s={search_term_string}"},"query-input":{"@type":"PropertyValueSpecification","valueRequired":true,"valueName":"search_term_string"}}],"inLanguage":"de"},{"@type":"Organization","@id":"https:\/\/www.campingdespins.fr\/de\/#organization","name":"Camping des pins Soulac","url":"https:\/\/www.campingdespins.fr\/de\/","logo":{"@type":"ImageObject","inLanguage":"de","@id":"https:\/\/www.campingdespins.fr\/de\/#\/schema\/logo\/image\/","url":"https:\/\/www.campingdespins.fr\/wp-content\/uploads\/2021\/03\/camping-pin-soulac-logo.png","contentUrl":"https:\/\/www.campingdespins.fr\/wp-content\/uploads\/2021\/03\/camping-pin-soulac-logo.png","width":200,"height":212,"caption":"Camping des pins Soulac"},"image":{"@id":"https:\/\/www.campingdespins.fr\/de\/#\/schema\/logo\/image\/"}}]}},"_links":{"self":[{"href":"https:\/\/www.campingdespins.fr\/de\/wp-json\/wp\/v2\/pages\/5339","targetHints":{"allow":["GET"]}}],"collection":[{"href":"https:\/\/www.campingdespins.fr\/de\/wp-json\/wp\/v2\/pages"}],"about":[{"href":"https:\/\/www.campingdespins.fr\/de\/wp-json\/wp\/v2\/types\/page"}],"author":[{"embeddable":true,"href":"https:\/\/www.campingdespins.fr\/de\/wp-json\/wp\/v2\/users\/1"}],"replies":[{"embeddable":true,"href":"https:\/\/www.campingdespins.fr\/de\/wp-json\/wp\/v2\/comments?post=5339"}],"version-history":[{"count":5,"href":"https:\/\/www.campingdespins.fr\/de\/wp-json\/wp\/v2\/pages\/5339\/revisions"}],"predecessor-version":[{"id":8346,"href":"https:\/\/www.campingdespins.fr\/de\/wp-json\/wp\/v2\/pages\/5339\/revisions\/8346"}],"up":[{"embeddable":true,"href":"https:\/\/www.campingdespins.fr\/de\/wp-json\/wp\/v2\/pages\/8405"}],"wp:featuredmedia":[{"embeddable":true,"href":"https:\/\/www.campingdespins.fr\/de\/wp-json\/wp\/v2\/media\/1916"}],"wp:attachment":[{"href":"https:\/\/www.campingdespins.fr\/de\/wp-json\/wp\/v2\/media?parent=5339"}],"curies":[{"name":"wp","href":"https:\/\/api.w.org\/{rel}","templated":true}]}}