{"id":5341,"date":"2021-03-31T10:27:55","date_gmt":"2021-03-31T08:27:55","guid":{"rendered":"https:\/\/www.campingdespins.fr\/location-evenement-soulac-sur-mer\/"},"modified":"2025-03-04T14:54:59","modified_gmt":"2025-03-04T13:54:59","slug":"standort-veranstaltung-soulac-sur-mer","status":"publish","type":"page","link":"https:\/\/www.campingdespins.fr\/de\/camping-gironde\/standort-veranstaltung-soulac-sur-mer\/","title":{"rendered":"Meetings : H\u00e9bergements"},"content":{"rendered":"<section id=\"section-6064414b26ae1\"\" class=\"section bg-white p-t-0\" \/><div class=\"container extralarge\"><div class=\"colonnes-wrap valign-top \"><div class=\"element colonne w-40 p-t-0\"><div class=\"element images\"><div class=\"image\"><img decoding=\"async\" src=\"https:\/\/www.campingdespins.fr\/wp-content\/uploads\/2021\/05\/location-lodge-soulac.jpg\" data-src=\"https:\/\/www.campingdespins.fr\/wp-content\/uploads\/2021\/05\/location-lodge-soulac.jpg\" alt=\"location lodge soulac\" class=\"images_image\" \/><\/div><\/div><\/div><div class=\"element colonne w-60 p-x-4 p-y-4\"><h1 class=\"element section-title left color2Vou\">Gruppenvermietung Soulac-sur-Mer<\/h1><div class=\"element bloc-text justify \">\n\t<p>Sie planen eine Gruppenveranstaltung in Soulac-sur-Mer?<\/p>\n<p>Unter unseren Mietangeboten finden Sie die ideale Unterkunft. Je nach Art der Veranstaltung und der von Ihnen gew\u00e4hlten Jahreszeit k\u00f6nnen Sie unsere \u00d6koh\u00e4user, H\u00fctten oder Mobilheime mieten.<\/p>\n<p>Auf dem Campingplatz Paradis des Pins Soulac verf\u00fcgen wir \u00fcber alle Arten von Unterk\u00fcnften, die sowohl f\u00fcr berufliche Veranstaltungen dank unseres Coworking Space in der Gironde als auch f\u00fcr private Veranstaltungen genutzt werden k\u00f6nnen.<\/p>\n<\/div><\/div><\/div><\/div><\/section>\n\n<section id=\"section-6064414b26c55\"\" class=\"section bg-white p-t-0 p-b-0\" \/><div class=\"container full\"><div class=\"element images\"><div class=\"image\"><img decoding=\"async\" src=\"https:\/\/www.campingdespins.fr\/wp-content\/uploads\/2021\/05\/salon-mobil-home-soulac-1.jpg\" data-src=\"https:\/\/www.campingdespins.fr\/wp-content\/uploads\/2021\/05\/salon-mobil-home-soulac-1.jpg\" alt=\"salon mobil home soulac\" class=\"images_image\" \/><\/div><div class=\"image\"><img decoding=\"async\" src=\"https:\/\/www.campingdespins.fr\/wp-content\/uploads\/2021\/05\/exterieur-mobil-home-soulac-1.jpg\" data-src=\"https:\/\/www.campingdespins.fr\/wp-content\/uploads\/2021\/05\/exterieur-mobil-home-soulac-1.jpg\" alt=\"exterieur mobil home soulac\" class=\"images_image\" \/><\/div><\/div><\/div><\/section>\n\n<section id=\"section-6064414b26e8d\"\" class=\"section bg-white p-t-0 p-b-0\" \/><div class=\"container full\"><div class=\"colonnes-wrap valign-middle \"><div class=\"element colonne p-0\"><div class=\"element images\"><div class=\"image\"><img decoding=\"async\" src=\"https:\/\/www.campingdespins.fr\/wp-content\/uploads\/2021\/05\/mobil-home-location-soulac.jpg\" data-src=\"https:\/\/www.campingdespins.fr\/wp-content\/uploads\/2021\/05\/mobil-home-location-soulac.jpg\" alt=\"mobil home location soulac\" class=\"images_image\" \/><\/div><\/div><\/div><div class=\"element colonne p-x-6\"><h2 class=\"element section-title left\">Hotel\u00e4hnlicher Service in der Gironde<\/h2><div class=\"element bloc-text justify \">\n\t<p>Fachleute und Unternehmen: Wir bieten Ihnen sowohl einen Hotelservice als auch einen komfortablen Aufenthalt auf dem Campingplatz:<\/p>\n<ul>\n<li>Betten gemacht,<\/li>\n<li>Bettw\u00e4sche- und Handtuch-Sets,<\/li>\n<li>Duschkabinen.<\/li>\n<\/ul>\n<p>Wir haben verschiedene Arten von Unterk\u00fcnften f\u00fcr Sie zur Auswahl: \u00d6kolodges, luxuri\u00f6se H\u00fctten und Mobilheime. Wenn Sie eine Ecolodge oder eine H\u00fctte mieten, erleben Sie eine echte Abkopplung vom B\u00fcro. Unsere 33m3 Zen-Mobilheime sind ideal f\u00fcr Ihren Gruppenaufenthalt. Jedes Zimmer hat ein eigenes Bad und einen eigenen Eingang, der von der Terrasse aus zug\u00e4nglich ist. Privatsph\u00e4re gewahrt! Der Wohn- und Essbereich kann gemeinsam genutzt werden, ebenso wie die Au\u00dfenterrasse. Sie sind ideal f\u00fcr ein Firmenseminar, da man in einem Hotel neben seinem Kollegen schlafen kann, ohne die Toilette und das Bad zu teilen. Sie gehen mit Ihrem eigenen Zimmerschl\u00fcssel hinein und haben Ihr eigenes Bad. Wir teilen uns nur den K\u00fchlschrank und den Kaffee.<\/p>\n<p>Wussten Sie nicht, dass es die Cabane H\u00f4tel sous les Pins gibt? Das ist unser Platz.<\/p>\n<\/div><h2 class=\"element section-title left\">Vermietungen f\u00fcr alle Budgets<\/h2><div class=\"element bloc-text justify \">\n\t<p>Um einen reibungslosen Ablauf Ihrer Veranstaltung zu gew\u00e4hrleisten, bieten wir alle Arten von Unterk\u00fcnften f\u00fcr jeden Geldbeutel an.<\/p>\n<p>Durch die Anmietung von Unterk\u00fcnften mit dem besten Preis-Leistungs-Verh\u00e4ltnis verf\u00fcgen Sie \u00fcber ein gr\u00f6\u00dferes Budget, um die Veranstaltung, den Geburtstag, die Hochzeit oder das Seminar Ihrer Tr\u00e4ume zu organisieren. Au\u00dferdem wird Ihren G\u00e4sten nichts aufgedr\u00e4ngt, sie w\u00e4hlen ihren Kokon f\u00fcr eine oder mehrere N\u00e4chte zu zweit, mit der Familie oder mit Freunden.<\/p>\n<\/div><\/div><\/div><\/div><\/section>\n\n<section id=\"section-6064414b2708d\"\" class=\"section bg-white\" \/><div class=\"container extralarge\"><div class=\"element section-title center titre-cta\">Organisieren Sie Ihre Seminare und Geburtstage auf dem Campingplatz<\/div><ul class=\"liste-de-page\"><li class=\"element call-to-action carre call-to-action--style-1 call-to-action--normal\"><a href=\"https:\/\/www.campingdespins.fr\/de\/standort-mobil-heim-soulac-sur-mer\/\"  class=\"call-to-action_link\" title=\"En savoir plus sur mobilheime in soulac\"><div class=\"call-to-action_image\"><img decoding=\"async\" src=\"https:\/\/www.campingdespins.fr\/wp-content\/uploads\/2021\/04\/location-mobil-home-soulac.jpg\" data-src=\"https:\/\/www.campingdespins.fr\/wp-content\/uploads\/2021\/04\/location-mobil-home-soulac.jpg\" alt=\"lcoation mobil home soulac\" class=\"normal\" \/><\/div><div class=\"call-to-action_contenu\"><div class=\"call-to-action_titre\">Mobilheime in Soulac<\/div><\/div><\/a><\/li><li class=\"element call-to-action carre call-to-action--style-1 call-to-action--normal call-to-action--style-1 call-to-action--normal\"><a href=\"https:\/\/www.campingdespins.fr\/de\/camping-gironde\/camping-veranstaltung-soulac-sur-mer\/\"  class=\"call-to-action_link\" title=\"En savoir plus sur veranstaltung in soulac\"><div class=\"call-to-action_image\"><img decoding=\"async\" src=\"https:\/\/www.campingdespins.fr\/wp-content\/uploads\/2021\/04\/organiser-reception-soulac.jpg\" data-src=\"https:\/\/www.campingdespins.fr\/wp-content\/uploads\/2021\/04\/organiser-reception-soulac.jpg\" alt=\"organiser reception soulac\" class=\"normal\" \/><\/div><div class=\"call-to-action_contenu\"><div class=\"call-to-action_titre\">Veranstaltung in Soulac<\/div><\/div><\/a><\/li><li class=\"element call-to-action carre call-to-action--style-1 call-to-action--normal call-to-action--style-1 call-to-action--normal call-to-action--style-1 call-to-action--normal\"><a href=\"https:\/\/www.campingdespins.fr\/de\/camping-gironde\/campingplatz-group-soulac-sur-mer\/\"  class=\"call-to-action_link\" title=\"En savoir plus sur seminare in soulac\"><div class=\"call-to-action_image\"><img decoding=\"async\" src=\"https:\/\/www.campingdespins.fr\/wp-content\/uploads\/2021\/05\/reunion-soulac.jpg\" data-src=\"https:\/\/www.campingdespins.fr\/wp-content\/uploads\/2021\/05\/reunion-soulac.jpg\" alt=\"reunion soulac\" class=\"normal\" \/><\/div><div class=\"call-to-action_contenu\"><div class=\"call-to-action_titre\">Seminare in Soulac<\/div><\/div><\/a><\/li><\/ul><\/div><\/section>","protected":false},"excerpt":{"rendered":"","protected":false},"author":1,"featured_media":3632,"parent":8405,"menu_order":0,"comment_status":"closed","ping_status":"closed","template":"","meta":{"_acf_changed":false,"footnotes":""},"class_list":["post-5341","page","type-page","status-publish","has-post-thumbnail","hentry"],"acf":[],"yoast_head":"<!-- This site is optimized with the Yoast SEO plugin v25.8 - https:\/\/yoast.com\/wordpress\/plugins\/seo\/ -->\n<title>Eventvermietung Soulac | Hochzeitsunterkunft, Seminar Gironde<\/title>\n<meta name=\"robots\" content=\"index, follow, max-snippet:-1, max-image-preview:large, max-video-preview:-1\" \/>\n<link rel=\"canonical\" href=\"https:\/\/www.campingdespins.fr\/de\/camping-gironde\/standort-veranstaltung-soulac-sur-mer\/\" \/>\n<meta property=\"og:locale\" content=\"de_DE\" \/>\n<meta property=\"og:type\" content=\"article\" \/>\n<meta property=\"og:title\" content=\"Eventvermietung Soulac | Hochzeitsunterkunft, Seminar Gironde\" \/>\n<meta property=\"og:url\" content=\"https:\/\/www.campingdespins.fr\/de\/camping-gironde\/standort-veranstaltung-soulac-sur-mer\/\" \/>\n<meta property=\"og:site_name\" content=\"Camping des Pins\" \/>\n<meta property=\"article:modified_time\" content=\"2025-03-04T13:54:59+00:00\" \/>\n<meta property=\"og:image\" content=\"https:\/\/www.campingdespins.fr\/wp-content\/uploads\/2021\/05\/velo-sport-gironde-1.jpg\" \/>\n\t<meta property=\"og:image:width\" content=\"1904\" \/>\n\t<meta property=\"og:image:height\" content=\"500\" \/>\n\t<meta property=\"og:image:type\" content=\"image\/jpeg\" \/>\n<meta name=\"twitter:card\" content=\"summary_large_image\" \/>\n<script type=\"application\/ld+json\" class=\"yoast-schema-graph\">{\"@context\":\"https:\/\/schema.org\",\"@graph\":[{\"@type\":\"WebPage\",\"@id\":\"https:\/\/www.campingdespins.fr\/de\/camping-gironde\/standort-veranstaltung-soulac-sur-mer\/\",\"url\":\"https:\/\/www.campingdespins.fr\/de\/camping-gironde\/standort-veranstaltung-soulac-sur-mer\/\",\"name\":\"Eventvermietung Soulac | Hochzeitsunterkunft, Seminar Gironde\",\"isPartOf\":{\"@id\":\"https:\/\/www.campingdespins.fr\/de\/#website\"},\"primaryImageOfPage\":{\"@id\":\"https:\/\/www.campingdespins.fr\/de\/camping-gironde\/standort-veranstaltung-soulac-sur-mer\/#primaryimage\"},\"image\":{\"@id\":\"https:\/\/www.campingdespins.fr\/de\/camping-gironde\/standort-veranstaltung-soulac-sur-mer\/#primaryimage\"},\"thumbnailUrl\":\"https:\/\/www.campingdespins.fr\/wp-content\/uploads\/2021\/05\/velo-sport-gironde-1.jpg\",\"datePublished\":\"2021-03-31T08:27:55+00:00\",\"dateModified\":\"2025-03-04T13:54:59+00:00\",\"breadcrumb\":{\"@id\":\"https:\/\/www.campingdespins.fr\/de\/camping-gironde\/standort-veranstaltung-soulac-sur-mer\/#breadcrumb\"},\"inLanguage\":\"de\",\"potentialAction\":[{\"@type\":\"ReadAction\",\"target\":[\"https:\/\/www.campingdespins.fr\/de\/camping-gironde\/standort-veranstaltung-soulac-sur-mer\/\"]}]},{\"@type\":\"ImageObject\",\"inLanguage\":\"de\",\"@id\":\"https:\/\/www.campingdespins.fr\/de\/camping-gironde\/standort-veranstaltung-soulac-sur-mer\/#primaryimage\",\"url\":\"https:\/\/www.campingdespins.fr\/wp-content\/uploads\/2021\/05\/velo-sport-gironde-1.jpg\",\"contentUrl\":\"https:\/\/www.campingdespins.fr\/wp-content\/uploads\/2021\/05\/velo-sport-gironde-1.jpg\",\"width\":1904,\"height\":500,\"caption\":\"velo sport gironde\"},{\"@type\":\"BreadcrumbList\",\"@id\":\"https:\/\/www.campingdespins.fr\/de\/camping-gironde\/standort-veranstaltung-soulac-sur-mer\/#breadcrumb\",\"itemListElement\":[{\"@type\":\"ListItem\",\"position\":1,\"name\":\"Camping Soulac sur Mer\",\"item\":\"https:\/\/www.campingdespins.fr\/de\/\"},{\"@type\":\"ListItem\",\"position\":2,\"name\":\"Eventvermietung in Gironde\"}]},{\"@type\":\"WebSite\",\"@id\":\"https:\/\/www.campingdespins.fr\/de\/#website\",\"url\":\"https:\/\/www.campingdespins.fr\/de\/\",\"name\":\"Camping des Pins\",\"description\":\"\",\"publisher\":{\"@id\":\"https:\/\/www.campingdespins.fr\/de\/#organization\"},\"potentialAction\":[{\"@type\":\"SearchAction\",\"target\":{\"@type\":\"EntryPoint\",\"urlTemplate\":\"https:\/\/www.campingdespins.fr\/de\/?s={search_term_string}\"},\"query-input\":{\"@type\":\"PropertyValueSpecification\",\"valueRequired\":true,\"valueName\":\"search_term_string\"}}],\"inLanguage\":\"de\"},{\"@type\":\"Organization\",\"@id\":\"https:\/\/www.campingdespins.fr\/de\/#organization\",\"name\":\"Camping des pins Soulac\",\"url\":\"https:\/\/www.campingdespins.fr\/de\/\",\"logo\":{\"@type\":\"ImageObject\",\"inLanguage\":\"de\",\"@id\":\"https:\/\/www.campingdespins.fr\/de\/#\/schema\/logo\/image\/\",\"url\":\"https:\/\/www.campingdespins.fr\/wp-content\/uploads\/2021\/03\/camping-pin-soulac-logo.png\",\"contentUrl\":\"https:\/\/www.campingdespins.fr\/wp-content\/uploads\/2021\/03\/camping-pin-soulac-logo.png\",\"width\":200,\"height\":212,\"caption\":\"Camping des pins Soulac\"},\"image\":{\"@id\":\"https:\/\/www.campingdespins.fr\/de\/#\/schema\/logo\/image\/\"}}]}<\/script>\n<!-- \/ Yoast SEO plugin. -->","yoast_head_json":{"title":"Eventvermietung Soulac | Hochzeitsunterkunft, Seminar Gironde","robots":{"index":"index","follow":"follow","max-snippet":"max-snippet:-1","max-image-preview":"max-image-preview:large","max-video-preview":"max-video-preview:-1"},"canonical":"https:\/\/www.campingdespins.fr\/de\/camping-gironde\/standort-veranstaltung-soulac-sur-mer\/","og_locale":"de_DE","og_type":"article","og_title":"Eventvermietung Soulac | Hochzeitsunterkunft, Seminar Gironde","og_url":"https:\/\/www.campingdespins.fr\/de\/camping-gironde\/standort-veranstaltung-soulac-sur-mer\/","og_site_name":"Camping des Pins","article_modified_time":"2025-03-04T13:54:59+00:00","og_image":[{"width":1904,"height":500,"url":"https:\/\/www.campingdespins.fr\/wp-content\/uploads\/2021\/05\/velo-sport-gironde-1.jpg","type":"image\/jpeg"}],"twitter_card":"summary_large_image","schema":{"@context":"https:\/\/schema.org","@graph":[{"@type":"WebPage","@id":"https:\/\/www.campingdespins.fr\/de\/camping-gironde\/standort-veranstaltung-soulac-sur-mer\/","url":"https:\/\/www.campingdespins.fr\/de\/camping-gironde\/standort-veranstaltung-soulac-sur-mer\/","name":"Eventvermietung Soulac | Hochzeitsunterkunft, Seminar Gironde","isPartOf":{"@id":"https:\/\/www.campingdespins.fr\/de\/#website"},"primaryImageOfPage":{"@id":"https:\/\/www.campingdespins.fr\/de\/camping-gironde\/standort-veranstaltung-soulac-sur-mer\/#primaryimage"},"image":{"@id":"https:\/\/www.campingdespins.fr\/de\/camping-gironde\/standort-veranstaltung-soulac-sur-mer\/#primaryimage"},"thumbnailUrl":"https:\/\/www.campingdespins.fr\/wp-content\/uploads\/2021\/05\/velo-sport-gironde-1.jpg","datePublished":"2021-03-31T08:27:55+00:00","dateModified":"2025-03-04T13:54:59+00:00","breadcrumb":{"@id":"https:\/\/www.campingdespins.fr\/de\/camping-gironde\/standort-veranstaltung-soulac-sur-mer\/#breadcrumb"},"inLanguage":"de","potentialAction":[{"@type":"ReadAction","target":["https:\/\/www.campingdespins.fr\/de\/camping-gironde\/standort-veranstaltung-soulac-sur-mer\/"]}]},{"@type":"ImageObject","inLanguage":"de","@id":"https:\/\/www.campingdespins.fr\/de\/camping-gironde\/standort-veranstaltung-soulac-sur-mer\/#primaryimage","url":"https:\/\/www.campingdespins.fr\/wp-content\/uploads\/2021\/05\/velo-sport-gironde-1.jpg","contentUrl":"https:\/\/www.campingdespins.fr\/wp-content\/uploads\/2021\/05\/velo-sport-gironde-1.jpg","width":1904,"height":500,"caption":"velo sport gironde"},{"@type":"BreadcrumbList","@id":"https:\/\/www.campingdespins.fr\/de\/camping-gironde\/standort-veranstaltung-soulac-sur-mer\/#breadcrumb","itemListElement":[{"@type":"ListItem","position":1,"name":"Camping Soulac sur Mer","item":"https:\/\/www.campingdespins.fr\/de\/"},{"@type":"ListItem","position":2,"name":"Eventvermietung in Gironde"}]},{"@type":"WebSite","@id":"https:\/\/www.campingdespins.fr\/de\/#website","url":"https:\/\/www.campingdespins.fr\/de\/","name":"Camping des Pins","description":"","publisher":{"@id":"https:\/\/www.campingdespins.fr\/de\/#organization"},"potentialAction":[{"@type":"SearchAction","target":{"@type":"EntryPoint","urlTemplate":"https:\/\/www.campingdespins.fr\/de\/?s={search_term_string}"},"query-input":{"@type":"PropertyValueSpecification","valueRequired":true,"valueName":"search_term_string"}}],"inLanguage":"de"},{"@type":"Organization","@id":"https:\/\/www.campingdespins.fr\/de\/#organization","name":"Camping des pins Soulac","url":"https:\/\/www.campingdespins.fr\/de\/","logo":{"@type":"ImageObject","inLanguage":"de","@id":"https:\/\/www.campingdespins.fr\/de\/#\/schema\/logo\/image\/","url":"https:\/\/www.campingdespins.fr\/wp-content\/uploads\/2021\/03\/camping-pin-soulac-logo.png","contentUrl":"https:\/\/www.campingdespins.fr\/wp-content\/uploads\/2021\/03\/camping-pin-soulac-logo.png","width":200,"height":212,"caption":"Camping des pins Soulac"},"image":{"@id":"https:\/\/www.campingdespins.fr\/de\/#\/schema\/logo\/image\/"}}]}},"_links":{"self":[{"href":"https:\/\/www.campingdespins.fr\/de\/wp-json\/wp\/v2\/pages\/5341","targetHints":{"allow":["GET"]}}],"collection":[{"href":"https:\/\/www.campingdespins.fr\/de\/wp-json\/wp\/v2\/pages"}],"about":[{"href":"https:\/\/www.campingdespins.fr\/de\/wp-json\/wp\/v2\/types\/page"}],"author":[{"embeddable":true,"href":"https:\/\/www.campingdespins.fr\/de\/wp-json\/wp\/v2\/users\/1"}],"replies":[{"embeddable":true,"href":"https:\/\/www.campingdespins.fr\/de\/wp-json\/wp\/v2\/comments?post=5341"}],"version-history":[{"count":5,"href":"https:\/\/www.campingdespins.fr\/de\/wp-json\/wp\/v2\/pages\/5341\/revisions"}],"predecessor-version":[{"id":8347,"href":"https:\/\/www.campingdespins.fr\/de\/wp-json\/wp\/v2\/pages\/5341\/revisions\/8347"}],"up":[{"embeddable":true,"href":"https:\/\/www.campingdespins.fr\/de\/wp-json\/wp\/v2\/pages\/8405"}],"wp:featuredmedia":[{"embeddable":true,"href":"https:\/\/www.campingdespins.fr\/de\/wp-json\/wp\/v2\/media\/3632"}],"wp:attachment":[{"href":"https:\/\/www.campingdespins.fr\/de\/wp-json\/wp\/v2\/media?parent=5341"}],"curies":[{"name":"wp","href":"https:\/\/api.w.org\/{rel}","templated":true}]}}