{"id":5375,"date":"2021-04-30T09:55:49","date_gmt":"2021-04-30T07:55:49","guid":{"rendered":"https:\/\/www.campingdespins.fr\/restaurant-soulac-sur-mer\/"},"modified":"2021-10-15T11:19:24","modified_gmt":"2021-10-15T09:19:24","slug":"gasthaus-soulac-sur-mer","status":"publish","type":"page","link":"https:\/\/www.campingdespins.fr\/de\/tourismus-soulac-sur-mer\/gasthaus-soulac-sur-mer\/","title":{"rendered":"Notre restaurant"},"content":{"rendered":"<section id=\"section-6064414b26ae1\"\" class=\"section bg-white p-t-0\" \/><div class=\"container extralarge\"><div class=\"colonnes-wrap valign-top \"><div class=\"element colonne w-40 p-t-0\"><div class=\"element images\"><div class=\"image\"><img decoding=\"async\" src=\"https:\/\/www.campingdespins.fr\/wp-content\/uploads\/2021\/05\/repas-rastaurant-soulac.jpg\" data-src=\"https:\/\/www.campingdespins.fr\/wp-content\/uploads\/2021\/05\/repas-rastaurant-soulac.jpg\" alt=\"repas restaurant soulac\" class=\"images_image nofilter\" \/><\/div><\/div><\/div><div class=\"element colonne w-60 p-x-4 p-y-4\"><h1 class=\"element section-title left color2\">Restaurant in Soulac-sur-Mer<\/h1><div class=\"element bloc-text justify \">\n\t<p>Was ist Les Fr\u00e8res Nicoll&#8217;s : Geschichte<\/p>\n<p>Es ist eine echte <strong>Familiengeschichte<\/strong>, die aus sich erg\u00e4nzenden F\u00e4higkeiten und Leidenschaften entstanden ist. Nicolas und Ollivier, die nicht nur blutsverwandt sind, sondern auch den Ehrgeiz haben, zusammen mit ihren Ehefrauen Juliana und Sandrine immer mehr zu schaffen, sind die Besitzer dieses einzigartigen und originellen Ortes in Soulac-Sur-Mer, der inmitten dessen liegt, was k\u00fcrzlich als das <strong>neue M\u00e9doc California<\/strong> bezeichnet wurde.<\/p>\n<p>Mit ihrer Leidenschaft f\u00fcr Sport, Motorr\u00e4der, Oldtimer, Meer, Wasserkultur, Kunst, Musik, Design, Gastronomie, Wein, Familie, Freundschaft, Liebe und Menschlichkeit bringen sie eine neue Energie voller Emotionen an diesen besonderen Ort. Jeder, der dieses Refugium im Herzen der Natur f\u00fcr einen Sommer, ein Wochenende oder einen Abend betritt, wird sich mit dem<strong> Stamm der Nicoll Brothers<\/strong> identifizieren k\u00f6nnen.<\/p>\n<p>Dieser Ort des Lebens vereint Zug\u00e4nglichkeit und Eleganz in einer <strong>warmen und modernen Atmosph\u00e4re<\/strong>. Jung und Alt k\u00f6nnen sich bei einem Getr\u00e4nk, einem Kaffee oder einer hausgemachten Mahlzeit austauschen. Die <strong>Bar\/das Restaurant<\/strong> ist in der Hochsaison von Juni bis September ge\u00f6ffnet und verwandelt sich in der restlichen Zeit des Jahres in einen kreativen Ort.<\/p>\n<p>Dieser sich entwickelnde Raum ist ein Ort f\u00fcr Coworking, institutionelle oder festliche Veranstaltungen, der ein authentisches und schickes Ambiente bietet. Privatpersonen und Fachleuten werden angepasste <strong>Angebote<\/strong> unterbreitet.<\/p>\n<p>Les Fr\u00e8res Nicoll&#8217;s ist auch ein Ort der Gemeinschaft, an dem gemeinsame Leidenschaften artikuliert werden. An diesem Ort gibt es keine Barrieren, Sie sind Sie selbst, und Sie teilen Werte, Diskussionen und Handlungen, die \u00e4hnlich sind.<\/p>\n<\/div><\/div><\/div><\/div><\/section>\n\n<section id=\"section-6064414b26c55\"\" class=\"section bg-white p-t-0 p-b-0\" \/><div class=\"container full\"><div class=\"element images\"><div class=\"image\"><img decoding=\"async\" src=\"https:\/\/www.campingdespins.fr\/wp-content\/uploads\/2021\/05\/restaurant-soulac.jpg\" data-src=\"https:\/\/www.campingdespins.fr\/wp-content\/uploads\/2021\/05\/restaurant-soulac.jpg\" alt=\"restaurant soulac\" class=\"images_image nofilter\" \/><\/div><div class=\"image\"><img decoding=\"async\" src=\"https:\/\/www.campingdespins.fr\/wp-content\/uploads\/2021\/05\/bar-restaurant-soulac.jpg\" data-src=\"https:\/\/www.campingdespins.fr\/wp-content\/uploads\/2021\/05\/bar-restaurant-soulac.jpg\" alt=\"bar restaurant soulac\" class=\"images_image\" \/><\/div><\/div><\/div><\/section>\n\n<section id=\"section-6064414b26e8d\"\" class=\"section bg-white p-t-0 p-b-0\" \/><div class=\"container full\"><div class=\"colonnes-wrap valign-middle \"><div class=\"element colonne p-0\"><div class=\"element images\"><div class=\"image\"><img decoding=\"async\" src=\"https:\/\/www.campingdespins.fr\/wp-content\/uploads\/2021\/05\/restaurant-gironde-bar.jpg\" data-src=\"https:\/\/www.campingdespins.fr\/wp-content\/uploads\/2021\/05\/restaurant-gironde-bar.jpg\" alt=\"restaurant gironde bar\" class=\"images_image\" \/><\/div><\/div><\/div><div class=\"element colonne p-x-6\"><h2 class=\"element section-title left\">Unser Restaurant<\/h2><div class=\"element bloc-text justify \">\n\t<p>Ein <strong>Restaurant mit Terrasse<\/strong> in den R\u00e4umen des &#8222;Les Fr\u00e8res Nicoll&#8217;s&#8220;, das von einem externen Koch gef\u00fchrt wird. Es bietet eine K\u00fcche des Teilens: hausgemachte Gerichte mit saisonalen Produkten und einem Maximum an biologischen und lokalen Produkten. Das Gem\u00fcse stammt von kleinen lokalen Erzeugern oder aus dem Permakultur-Garten des Campingplatzes. Hier essen wir vor Ort und es gibt keine Tiefk\u00fchlkost&#8230; sogar die Pommes und der Pizzateig sind hausgemacht!<\/p>\n<p>Es ist eine gesellige <strong>K\u00fcche mit Gerichten<\/strong> zum Teilen, die Kundschaft kommt wegen der typischen Zubereitung von Fleisch und Fisch auf dem Grill\/Plancha: man w\u00e4hlt sein St\u00fcck Fleisch oder seinen frischen Fisch am Fenster des Grillplatzes. Hier finden Sie Rinderrippchen, Entrec\u00f4tes, Venusmuscheln mit Petersilie, Chipirons usw.<br \/>\nDas <strong>unverzichtbare Dessert<\/strong> von Chefkoch Yoann: seine Feigen-Pistazien-Torte.<br \/>\nWir haben auch eine Bar-Snack-Ecke mit<strong> Essen zum Mitnehmen.<\/strong><\/p>\n<p>In der Nebensaison, von Juni bis Ende September, hei\u00dfen wir Sie am Donnerstag-, Freitag- und Samstagabend willkommen.<br \/>\nIn der Hochsaison (Juli und August) sind wir t\u00e4glich mittags (die K\u00fcchen schlie\u00dfen um 14 Uhr) und abends (die K\u00fcchen schlie\u00dfen um 22 Uhr) ge\u00f6ffnet.<\/p>\n<\/div><h2 class=\"element section-title left\">Privatisierung<\/h2><div class=\"element bloc-text justify \">\n\t<p>M\u00f6chten Sie diesen Ort f\u00fcr ein einzigartiges Erlebnis <strong>privatisieren<\/strong>?<\/p>\n<p>Im Herzen der Natur \u00f6ffnet der Raum der Gebr\u00fcder Nicoll seine T\u00fcren f\u00fcr Sie mit <strong>Angeboten<\/strong>, die auf Ihre Bed\u00fcrfnisse zugeschnitten sind. Das Team steht Ihnen zur Verf\u00fcgung, um Ihre privaten oder beruflichen Veranstaltungen zu <strong>organisieren<\/strong>. Bitte stellen Sie Ihre Anfrage telefonisch unter 05 56 41 85 94 oder per E-Mail an contact@lesfreresnicolls.com.<\/p>\n<\/div><\/div><\/div><\/div><\/section>\n\n<section id=\"section-6064414b2708d\"\" class=\"section bg-white\" \/><div class=\"container extralarge\"><div class=\"element section-title center titre-cta\">Entdecken Sie unser Unterhaltungs- und Freizeitangebot auf dem Campingplatz<\/div><ul class=\"liste-de-page\"><li class=\"element call-to-action carre call-to-action--style-1 call-to-action--normal\"><a href=\"https:\/\/www.campingdespins.fr\/de\/camping-animationen-soulac-sur-mer\/\"  class=\"call-to-action_link\" title=\"En savoir plus sur veranstaltungen und partys in soulac\"><div class=\"call-to-action_image\"><img decoding=\"async\" src=\"https:\/\/www.campingdespins.fr\/wp-content\/uploads\/2021\/05\/petaque-activite-soulac.jpg\" data-src=\"https:\/\/www.campingdespins.fr\/wp-content\/uploads\/2021\/05\/petaque-activite-soulac.jpg\" alt=\"petaque activite soulac\" class=\"normal\" \/><\/div><div class=\"call-to-action_contenu\"><div class=\"call-to-action_titre\">Veranstaltungen und Partys in Soulac<\/div><\/div><\/a><\/li><li class=\"element call-to-action carre call-to-action--style-1 call-to-action--normal call-to-action--style-1 call-to-action--normal\"><a href=\"https:\/\/www.campingdespins.fr\/de\/camping-aktivitaeten-soulac-sur-mer\/\"  class=\"call-to-action_link\" title=\"En savoir plus sur aktivit\u00e4ten in soulac-sur-mer\"><div class=\"call-to-action_image\"><img decoding=\"async\" src=\"https:\/\/www.campingdespins.fr\/wp-content\/uploads\/2021\/05\/vtt-sport-gironde-1.jpg\" data-src=\"https:\/\/www.campingdespins.fr\/wp-content\/uploads\/2021\/05\/vtt-sport-gironde-1.jpg\" alt=\"vtt sport gironde\" class=\"normal\" \/><\/div><div class=\"call-to-action_contenu\"><div class=\"call-to-action_titre\">Aktivit\u00e4ten in Soulac-sur-Mer<\/div><\/div><\/a><\/li><li class=\"element call-to-action carre call-to-action--style-1 call-to-action--normal call-to-action--style-1 call-to-action--normal call-to-action--style-1 call-to-action--normal\"><a href=\"https:\/\/www.campingdespins.fr\/de\/camping-schwimmbecken-soulac-sur-mer\/\"  class=\"call-to-action_link\" title=\"En savoir plus sur das schwimmbad in soulac\"><div class=\"call-to-action_image\"><img decoding=\"async\" src=\"https:\/\/www.campingdespins.fr\/wp-content\/uploads\/2021\/04\/natation-piscine-soulac.jpg\" data-src=\"https:\/\/www.campingdespins.fr\/wp-content\/uploads\/2021\/04\/natation-piscine-soulac.jpg\" alt=\"natation piscine soulac\" class=\"normal\" \/><\/div><div class=\"call-to-action_contenu\"><div class=\"call-to-action_titre\">Das Schwimmbad in Soulac<\/div><\/div><\/a><\/li><\/ul><\/div><\/section>","protected":false},"excerpt":{"rendered":"","protected":false},"author":1,"featured_media":2389,"parent":5291,"menu_order":0,"comment_status":"closed","ping_status":"closed","template":"","meta":{"_acf_changed":false,"footnotes":""},"class_list":["post-5375","page","type-page","status-publish","has-post-thumbnail","hentry"],"acf":[],"yoast_head":"<!-- This site is optimized with the Yoast SEO plugin v25.8 - https:\/\/yoast.com\/wordpress\/plugins\/seo\/ -->\n<title>Bar, Restaurant Soulac-sur-Mer | Restaurant und Bar in der Gironde<\/title>\n<meta name=\"robots\" content=\"index, follow, max-snippet:-1, max-image-preview:large, max-video-preview:-1\" \/>\n<link rel=\"canonical\" href=\"https:\/\/www.campingdespins.fr\/de\/tourismus-soulac-sur-mer\/gasthaus-soulac-sur-mer\/\" \/>\n<meta property=\"og:locale\" content=\"de_DE\" \/>\n<meta property=\"og:type\" content=\"article\" \/>\n<meta property=\"og:title\" content=\"Bar, Restaurant Soulac-sur-Mer | Restaurant und Bar in der Gironde\" \/>\n<meta property=\"og:url\" content=\"https:\/\/www.campingdespins.fr\/de\/tourismus-soulac-sur-mer\/gasthaus-soulac-sur-mer\/\" \/>\n<meta property=\"og:site_name\" content=\"Camping des Pins\" \/>\n<meta property=\"article:modified_time\" content=\"2021-10-15T09:19:24+00:00\" \/>\n<meta property=\"og:image\" content=\"https:\/\/www.campingdespins.fr\/wp-content\/uploads\/2021\/05\/restaurant-piscine-soulac-1.jpg\" \/>\n\t<meta property=\"og:image:width\" content=\"1904\" \/>\n\t<meta property=\"og:image:height\" content=\"500\" \/>\n\t<meta property=\"og:image:type\" content=\"image\/jpeg\" \/>\n<meta name=\"twitter:card\" content=\"summary_large_image\" \/>\n<script type=\"application\/ld+json\" class=\"yoast-schema-graph\">{\"@context\":\"https:\/\/schema.org\",\"@graph\":[{\"@type\":\"WebPage\",\"@id\":\"https:\/\/www.campingdespins.fr\/de\/tourismus-soulac-sur-mer\/gasthaus-soulac-sur-mer\/\",\"url\":\"https:\/\/www.campingdespins.fr\/de\/tourismus-soulac-sur-mer\/gasthaus-soulac-sur-mer\/\",\"name\":\"Bar, Restaurant Soulac-sur-Mer | Restaurant und Bar in der Gironde\",\"isPartOf\":{\"@id\":\"https:\/\/www.campingdespins.fr\/de\/#website\"},\"primaryImageOfPage\":{\"@id\":\"https:\/\/www.campingdespins.fr\/de\/tourismus-soulac-sur-mer\/gasthaus-soulac-sur-mer\/#primaryimage\"},\"image\":{\"@id\":\"https:\/\/www.campingdespins.fr\/de\/tourismus-soulac-sur-mer\/gasthaus-soulac-sur-mer\/#primaryimage\"},\"thumbnailUrl\":\"https:\/\/www.campingdespins.fr\/wp-content\/uploads\/2021\/05\/restaurant-piscine-soulac-1.jpg\",\"datePublished\":\"2021-04-30T07:55:49+00:00\",\"dateModified\":\"2021-10-15T09:19:24+00:00\",\"breadcrumb\":{\"@id\":\"https:\/\/www.campingdespins.fr\/de\/tourismus-soulac-sur-mer\/gasthaus-soulac-sur-mer\/#breadcrumb\"},\"inLanguage\":\"de\",\"potentialAction\":[{\"@type\":\"ReadAction\",\"target\":[\"https:\/\/www.campingdespins.fr\/de\/tourismus-soulac-sur-mer\/gasthaus-soulac-sur-mer\/\"]}]},{\"@type\":\"ImageObject\",\"inLanguage\":\"de\",\"@id\":\"https:\/\/www.campingdespins.fr\/de\/tourismus-soulac-sur-mer\/gasthaus-soulac-sur-mer\/#primaryimage\",\"url\":\"https:\/\/www.campingdespins.fr\/wp-content\/uploads\/2021\/05\/restaurant-piscine-soulac-1.jpg\",\"contentUrl\":\"https:\/\/www.campingdespins.fr\/wp-content\/uploads\/2021\/05\/restaurant-piscine-soulac-1.jpg\",\"width\":1904,\"height\":500,\"caption\":\"restaurant piscine soulac\"},{\"@type\":\"BreadcrumbList\",\"@id\":\"https:\/\/www.campingdespins.fr\/de\/tourismus-soulac-sur-mer\/gasthaus-soulac-sur-mer\/#breadcrumb\",\"itemListElement\":[{\"@type\":\"ListItem\",\"position\":1,\"name\":\"Camping Soulac sur Mer\",\"item\":\"https:\/\/www.campingdespins.fr\/de\/\"},{\"@type\":\"ListItem\",\"position\":2,\"name\":\"Restauration Gironde\"}]},{\"@type\":\"WebSite\",\"@id\":\"https:\/\/www.campingdespins.fr\/de\/#website\",\"url\":\"https:\/\/www.campingdespins.fr\/de\/\",\"name\":\"Camping des Pins\",\"description\":\"\",\"publisher\":{\"@id\":\"https:\/\/www.campingdespins.fr\/de\/#organization\"},\"potentialAction\":[{\"@type\":\"SearchAction\",\"target\":{\"@type\":\"EntryPoint\",\"urlTemplate\":\"https:\/\/www.campingdespins.fr\/de\/?s={search_term_string}\"},\"query-input\":{\"@type\":\"PropertyValueSpecification\",\"valueRequired\":true,\"valueName\":\"search_term_string\"}}],\"inLanguage\":\"de\"},{\"@type\":\"Organization\",\"@id\":\"https:\/\/www.campingdespins.fr\/de\/#organization\",\"name\":\"Camping des pins Soulac\",\"url\":\"https:\/\/www.campingdespins.fr\/de\/\",\"logo\":{\"@type\":\"ImageObject\",\"inLanguage\":\"de\",\"@id\":\"https:\/\/www.campingdespins.fr\/de\/#\/schema\/logo\/image\/\",\"url\":\"https:\/\/www.campingdespins.fr\/wp-content\/uploads\/2021\/03\/camping-pin-soulac-logo.png\",\"contentUrl\":\"https:\/\/www.campingdespins.fr\/wp-content\/uploads\/2021\/03\/camping-pin-soulac-logo.png\",\"width\":200,\"height\":212,\"caption\":\"Camping des pins Soulac\"},\"image\":{\"@id\":\"https:\/\/www.campingdespins.fr\/de\/#\/schema\/logo\/image\/\"}}]}<\/script>\n<!-- \/ Yoast SEO plugin. -->","yoast_head_json":{"title":"Bar, Restaurant Soulac-sur-Mer | Restaurant und Bar in der Gironde","robots":{"index":"index","follow":"follow","max-snippet":"max-snippet:-1","max-image-preview":"max-image-preview:large","max-video-preview":"max-video-preview:-1"},"canonical":"https:\/\/www.campingdespins.fr\/de\/tourismus-soulac-sur-mer\/gasthaus-soulac-sur-mer\/","og_locale":"de_DE","og_type":"article","og_title":"Bar, Restaurant Soulac-sur-Mer | Restaurant und Bar in der Gironde","og_url":"https:\/\/www.campingdespins.fr\/de\/tourismus-soulac-sur-mer\/gasthaus-soulac-sur-mer\/","og_site_name":"Camping des Pins","article_modified_time":"2021-10-15T09:19:24+00:00","og_image":[{"width":1904,"height":500,"url":"https:\/\/www.campingdespins.fr\/wp-content\/uploads\/2021\/05\/restaurant-piscine-soulac-1.jpg","type":"image\/jpeg"}],"twitter_card":"summary_large_image","schema":{"@context":"https:\/\/schema.org","@graph":[{"@type":"WebPage","@id":"https:\/\/www.campingdespins.fr\/de\/tourismus-soulac-sur-mer\/gasthaus-soulac-sur-mer\/","url":"https:\/\/www.campingdespins.fr\/de\/tourismus-soulac-sur-mer\/gasthaus-soulac-sur-mer\/","name":"Bar, Restaurant Soulac-sur-Mer | Restaurant und Bar in der Gironde","isPartOf":{"@id":"https:\/\/www.campingdespins.fr\/de\/#website"},"primaryImageOfPage":{"@id":"https:\/\/www.campingdespins.fr\/de\/tourismus-soulac-sur-mer\/gasthaus-soulac-sur-mer\/#primaryimage"},"image":{"@id":"https:\/\/www.campingdespins.fr\/de\/tourismus-soulac-sur-mer\/gasthaus-soulac-sur-mer\/#primaryimage"},"thumbnailUrl":"https:\/\/www.campingdespins.fr\/wp-content\/uploads\/2021\/05\/restaurant-piscine-soulac-1.jpg","datePublished":"2021-04-30T07:55:49+00:00","dateModified":"2021-10-15T09:19:24+00:00","breadcrumb":{"@id":"https:\/\/www.campingdespins.fr\/de\/tourismus-soulac-sur-mer\/gasthaus-soulac-sur-mer\/#breadcrumb"},"inLanguage":"de","potentialAction":[{"@type":"ReadAction","target":["https:\/\/www.campingdespins.fr\/de\/tourismus-soulac-sur-mer\/gasthaus-soulac-sur-mer\/"]}]},{"@type":"ImageObject","inLanguage":"de","@id":"https:\/\/www.campingdespins.fr\/de\/tourismus-soulac-sur-mer\/gasthaus-soulac-sur-mer\/#primaryimage","url":"https:\/\/www.campingdespins.fr\/wp-content\/uploads\/2021\/05\/restaurant-piscine-soulac-1.jpg","contentUrl":"https:\/\/www.campingdespins.fr\/wp-content\/uploads\/2021\/05\/restaurant-piscine-soulac-1.jpg","width":1904,"height":500,"caption":"restaurant piscine soulac"},{"@type":"BreadcrumbList","@id":"https:\/\/www.campingdespins.fr\/de\/tourismus-soulac-sur-mer\/gasthaus-soulac-sur-mer\/#breadcrumb","itemListElement":[{"@type":"ListItem","position":1,"name":"Camping Soulac sur Mer","item":"https:\/\/www.campingdespins.fr\/de\/"},{"@type":"ListItem","position":2,"name":"Restauration Gironde"}]},{"@type":"WebSite","@id":"https:\/\/www.campingdespins.fr\/de\/#website","url":"https:\/\/www.campingdespins.fr\/de\/","name":"Camping des Pins","description":"","publisher":{"@id":"https:\/\/www.campingdespins.fr\/de\/#organization"},"potentialAction":[{"@type":"SearchAction","target":{"@type":"EntryPoint","urlTemplate":"https:\/\/www.campingdespins.fr\/de\/?s={search_term_string}"},"query-input":{"@type":"PropertyValueSpecification","valueRequired":true,"valueName":"search_term_string"}}],"inLanguage":"de"},{"@type":"Organization","@id":"https:\/\/www.campingdespins.fr\/de\/#organization","name":"Camping des pins Soulac","url":"https:\/\/www.campingdespins.fr\/de\/","logo":{"@type":"ImageObject","inLanguage":"de","@id":"https:\/\/www.campingdespins.fr\/de\/#\/schema\/logo\/image\/","url":"https:\/\/www.campingdespins.fr\/wp-content\/uploads\/2021\/03\/camping-pin-soulac-logo.png","contentUrl":"https:\/\/www.campingdespins.fr\/wp-content\/uploads\/2021\/03\/camping-pin-soulac-logo.png","width":200,"height":212,"caption":"Camping des pins Soulac"},"image":{"@id":"https:\/\/www.campingdespins.fr\/de\/#\/schema\/logo\/image\/"}}]}},"_links":{"self":[{"href":"https:\/\/www.campingdespins.fr\/de\/wp-json\/wp\/v2\/pages\/5375","targetHints":{"allow":["GET"]}}],"collection":[{"href":"https:\/\/www.campingdespins.fr\/de\/wp-json\/wp\/v2\/pages"}],"about":[{"href":"https:\/\/www.campingdespins.fr\/de\/wp-json\/wp\/v2\/types\/page"}],"author":[{"embeddable":true,"href":"https:\/\/www.campingdespins.fr\/de\/wp-json\/wp\/v2\/users\/1"}],"replies":[{"embeddable":true,"href":"https:\/\/www.campingdespins.fr\/de\/wp-json\/wp\/v2\/comments?post=5375"}],"version-history":[{"count":7,"href":"https:\/\/www.campingdespins.fr\/de\/wp-json\/wp\/v2\/pages\/5375\/revisions"}],"predecessor-version":[{"id":5405,"href":"https:\/\/www.campingdespins.fr\/de\/wp-json\/wp\/v2\/pages\/5375\/revisions\/5405"}],"up":[{"embeddable":true,"href":"https:\/\/www.campingdespins.fr\/de\/wp-json\/wp\/v2\/pages\/5291"}],"wp:featuredmedia":[{"embeddable":true,"href":"https:\/\/www.campingdespins.fr\/de\/wp-json\/wp\/v2\/media\/2389"}],"wp:attachment":[{"href":"https:\/\/www.campingdespins.fr\/de\/wp-json\/wp\/v2\/media?parent=5375"}],"curies":[{"name":"wp","href":"https:\/\/api.w.org\/{rel}","templated":true}]}}