{"id":8456,"date":"2022-12-19T09:50:59","date_gmt":"2022-12-19T08:50:59","guid":{"rendered":"https:\/\/www.campingdespins.fr\/camping-gironde\/camping-piscine-gironde\/"},"modified":"2025-03-17T11:51:20","modified_gmt":"2025-03-17T10:51:20","slug":"camping-gironde-schwimmbad","status":"publish","type":"page","link":"https:\/\/www.campingdespins.fr\/de\/camping-gironde\/camping-gironde-schwimmbad\/","title":{"rendered":"Campingplatz Gironde mit Schwimmbad"},"content":{"rendered":"<section id=\"section-63a025f3218fc\"\" class=\"section bg-white p-t-0\" \/><div class=\"container extralarge\"><div class=\"colonnes-wrap valign-top \"><div class=\"element colonne w-40 p-t-0\"><div class=\"element images\"><div class=\"image\"><img decoding=\"async\" src=\"https:\/\/www.campingdespins.fr\/wp-content\/uploads\/2021\/04\/enfant-bouee-soulac-1.jpg\" data-src=\"https:\/\/www.campingdespins.fr\/wp-content\/uploads\/2021\/04\/enfant-bouee-soulac-1.jpg\" alt=\"Campingplatz mit Schwimmbad in der Gironde\" class=\"images_image\" \/><\/div><\/div><\/div><div class=\"element colonne w-60 p-x-4 p-y-4\"><h1 class=\"element section-title left color2\">Campingplatz mit Schwimmbad in der Gironde<\/h1><div class=\"element bloc-text justify \">\n\t<p>Befinden Sie sich in <strong>Arcachon, Bordeaux<\/strong> oder einer anderen Gemeinde im S\u00fcdwesten Frankreichs? Haben Sie Lust auf einen sch\u00f6nen Urlaub mit der Familie oder Freunden auf einem 4-Sterne-Campingplatz in der Gironde? Besuchen Sie uns in <strong>Soulac<\/strong>, in der Region <strong>Nouvelle-Aquitaine<\/strong>, auf einem Campingplatz in der Gironde mit <strong>Pool<\/strong>, wo Sie ein <strong>Mobilheim<\/strong> mieten k\u00f6nnen. F\u00fcr alle, die das Schwimmen und die Str\u00e4nde des <strong>Atlantischen Ozeans<\/strong> genie\u00dfen, \u00f6ffnet unser <a href=\"https:\/\/www.campingdespins.fr\/de\/\">Campingplatz in Soulac<\/a> seine T\u00fcren, mit hochwertigen Einrichtungen und Unterhaltung, die Ihren Erwartungen entsprechen. Unser Wasserbereich umfasst:<\/p>\n<ul>\n<li>einen beheizten Pool<\/li>\n<li>ein Planschbecken<\/li>\n<li>Liegest\u00fchle<\/li>\n<li>verschiedene Wassersportaktivit\u00e4ten<\/li>\n<\/ul>\n<\/div><h2 class=\"element section-title justify\">Das Vergn\u00fcgen eines Campingplatzes mit Swimmingpool<\/h2><div class=\"element bloc-text justify \">\n\t<p>Auch wenn <strong>unser Campingplatz am Meer liegt<\/strong>, ist <strong>der Pool ein echtes Plus<\/strong>, das viele unserer Urlauber begeistert!<\/p>\n<p>In der Gironde k\u00f6nnen die Temperaturen im Sommer schnell steigen, und <strong>Campingpl\u00e4tze mit Pool<\/strong> sind daher in der Region sehr gefragt.<\/p>\n<p>Haben Sie den ganzen Tag damit verbracht, die sch\u00f6nsten Ecken von <strong>Nouvelle-Aquitaine<\/strong> zu erkunden? Haben Sie den ganzen Nachmittag Outdoor-Aktivit\u00e4ten mit den Kindern gemacht? Am Ende des Tages werden Sie nur eines wollen: sich in <strong>dem Pool unseres <\/strong>campingplatz soulac sur mer\u00a0abzuk\u00fchlen. Dies bietet Ihnen eine <strong>angenehme Entspannung nach einem erlebnisreichen Urlaubstag<\/strong>.<\/p>\n<p>Und um sich schon am Morgen fit zu machen, gibt es nichts Besseres, als ein paar Bahnen im <strong>beheizten Wasser des Pools<\/strong> zu schwimmen, bevor Sie den Tag beginnen!<\/p>\n<\/div><\/div><\/div><\/div><\/section>\n\n<section id=\"section-63a025f321b35\"\" class=\"section bg-white p-t-0 p-b-0\" \/><div class=\"container full\"><div class=\"element images\"><div class=\"image\"><img decoding=\"async\" src=\"https:\/\/www.campingdespins.fr\/wp-content\/uploads\/2021\/04\/piscine-chauffe-soulac.jpg\" data-src=\"https:\/\/www.campingdespins.fr\/wp-content\/uploads\/2021\/04\/piscine-chauffe-soulac.jpg\" alt=\"schwimmbad heizen gironde\" class=\"images_image nofilter\" \/><\/div><div class=\"image\"><img decoding=\"async\" src=\"https:\/\/www.campingdespins.fr\/wp-content\/uploads\/2021\/05\/enfant-natation-piscine-soulac.jpg\" data-src=\"https:\/\/www.campingdespins.fr\/wp-content\/uploads\/2021\/05\/enfant-natation-piscine-soulac.jpg\" alt=\"kind schwimmen schwimmbad gironde\" class=\"images_image nofilter\" \/><\/div><\/div><\/div><\/section>\n\n<section id=\"section-63a025f321d68\"\" class=\"section bg-white p-t-0 p-b-0\" \/><div class=\"container full\"><div class=\"colonnes-wrap valign-middle \"><div class=\"element colonne p-0\"><div class=\"element images\"><div class=\"image\"><img decoding=\"async\" src=\"https:\/\/www.campingdespins.fr\/wp-content\/uploads\/2021\/05\/gironde-piscine-chauffee.jpg\" data-src=\"https:\/\/www.campingdespins.fr\/wp-content\/uploads\/2021\/05\/gironde-piscine-chauffee.jpg\" alt=\"gironde beheizter pool\" class=\"images_image\" \/><\/div><\/div><\/div><div class=\"element colonne p-x-6\"><h2 class=\"element section-title left\">Nutzen Sie den beheizten Pool und das Planschbecken f\u00fcr die Kleinen.<\/h2><div class=\"element bloc-text justify \">\n\t<p>Kleine und gro\u00dfe G\u00e4ste k\u00f6nnen einen entspannten Urlaub in unserem Campingplatz in der Gironde <strong>mit Pool<\/strong> in <strong>Nouvelle-Aquitaine<\/strong> in vollen Z\u00fcgen genie\u00dfen. Wir verf\u00fcgen \u00fcber ein <strong>beheiztes Schwimmbad mit 28 \u00b0C<\/strong>, sodass Erwachsene von <strong>10:00 bis 19:00 Uhr<\/strong> bequem schwimmen k\u00f6nnen, als w\u00e4ren sie am Strand. F\u00fcr die J\u00fcngsten steht im <strong>Wasserbereich<\/strong> ein Planschbecken zur Verf\u00fcgung. In diesem kleinen Au\u00dfenbecken k\u00f6nnen Babys und Kleinkinder sicher spielen und Wasserspiele genie\u00dfen, ohne sich von ihren Eltern entfernen zu m\u00fcssen.<\/p>\n<p>Unser <strong>familienfreundlicher Campingplatz in der Gironde mit Pool<\/strong>, gelegen im <strong>M\u00e9doc<\/strong>, in der N\u00e4he von <strong>Montalivet<\/strong>, bietet ein <strong>unvergessliches Urlaubserlebnis f\u00fcr die ganze Familie<\/strong>. Unsere Camper k\u00f6nnen <strong>komfortable N\u00e4chte in einem gut ausgestatteten<\/strong> <a href=\"https:\/\/www.campingdespins.fr\/de\/standort-mobil-heim-soulac-sur-mer\/\">soulac sur mer mobilheim <\/a>in der Gironde verbringen oder auf einem unserer <strong>Stellpl\u00e4tze<\/strong> in einem von Natur umgebenen Park nahe des <strong>Lac d\u2019Hourtin<\/strong> \u00fcbernachten.<\/p>\n<p>Neben unserem <strong>beheizten Pool<\/strong> bieten wir eine Vielzahl von <strong>Unterhaltungsangeboten f\u00fcr alle Altersgruppen<\/strong>. Kinder k\u00f6nnen sich im <strong>Kinderclub<\/strong> mit verschiedenen Aktivit\u00e4ten, Spielen und Animationen vergn\u00fcgen, w\u00e4hrend Erwachsene an <strong>Volleyball- oder P\u00e9tanque-Turnieren<\/strong> teilnehmen k\u00f6nnen. Zudem gibt es zahlreiche <strong>Outdoor-Aktivit\u00e4ten<\/strong> in unserem <strong>Campingplatz mit Pool in der Gironde<\/strong>, da die Region reich an Freizeitm\u00f6glichkeiten ist, wie <strong>Radtouren, Surfen im Ozean oder Spazierg\u00e4nge in den W\u00e4ldern<\/strong>.<\/p>\n<p>Von Ihrem soulac sur mer mobilheim aus erreichen Sie auch in wenigen Stunden das <strong>Bassin d\u2019Arcachon, die Dune du Pilat, den Lac d\u2019Hourtin und Montalivet<\/strong>.<\/p>\n<\/div><\/div><\/div><\/div><\/section>\n\n<section id=\"section-63a025f321fb5\"\" class=\"section bg-white p-t-0 p-b-0\" \/><div class=\"container full\"><div class=\"colonnes-wrap valign-middle \"><div class=\"element colonne p-x-6\"><h2 class=\"element section-title left\">Wasseraktivit\u00e4ten<\/h2><div class=\"element bloc-text justify \">\n\t<p style=\"text-align: left;\" data-start=\"70\" data-end=\"370\"><strong data-start=\"70\" data-end=\"91\">Wasseraktivit\u00e4ten<\/strong><br data-start=\"91\" data-end=\"94\" \/>Um w\u00e4hrend Ihres Familienurlaubs auf dem <a href=\"https:\/\/www.campingdespins.fr\/de\/campingplatz-cheap-soulac-sur-mer\/\">Camping Soulac Plage Preise<\/a> f\u00fcr Abwechslung zu sorgen, werden in unserem 4-Sterne-Familiencampingplatz verschiedene Wasseraktivit\u00e4ten im Pool angeboten. Je nach Lust und Laune k\u00f6nnen Sie eine der folgenden Disziplinen ausprobieren:<\/p>\n<p style=\"text-align: left;\" data-start=\"372\" data-end=\"713\" data-is-last-node=\"\" data-is-only-node=\"\"><strong data-start=\"372\" data-end=\"383\">Aquafun<\/strong><br data-start=\"383\" data-end=\"386\" \/>Im Pool unseres <strong data-start=\"402\" data-end=\"435\" data-is-only-node=\"\">Campingplatzes in der Gironde<\/strong> k\u00f6nnen Sie sich am\u00fcsieren und gleichzeitig Ihre Figur formen. Zweimal pro Woche bietet das Animationsteam des Campingplatzes komplette Fitnesskurse im Wasser an. Zudem ist der Zugang kostenlos, da diese Aktivit\u00e4t bereits in den Buchungsgeb\u00fchren Ihres Aufenthalts enthalten ist.<\/p>\n<\/div><\/div><div class=\"element colonne p-0\"><div class=\"element images\"><div class=\"image\"><img decoding=\"async\" src=\"https:\/\/www.campingdespins.fr\/wp-content\/uploads\/2021\/05\/gironde-piscine-exterieure.jpg\" data-src=\"https:\/\/www.campingdespins.fr\/wp-content\/uploads\/2021\/05\/gironde-piscine-exterieure.jpg\" alt=\"gironde freibad\" class=\"images_image\" \/><\/div><\/div><\/div><\/div><\/div><\/section>\n\n<section id=\"section-63a025f3221e9\"\" class=\"section bg-white p-t-0 p-b-0\" \/><div class=\"container full\"><div class=\"colonnes-wrap valign-middle \"><div class=\"element colonne p-0\"><div class=\"element images\"><div class=\"image\"><img decoding=\"async\" src=\"https:\/\/www.campingdespins.fr\/wp-content\/uploads\/2021\/04\/aquagym-piscine-soulac-1.jpg\" data-src=\"https:\/\/www.campingdespins.fr\/wp-content\/uploads\/2021\/04\/aquagym-piscine-soulac-1.jpg\" alt=\"aquagym schwimmb\u00e4der gironde\" class=\"images_image nofilter\" \/><\/div><\/div><\/div><div class=\"element colonne p-x-6\"><h2 class=\"element section-title left\">Entspannen Sie sich auf einem der Liegest\u00fchle  <\/h2><div class=\"element bloc-text justify \">\n\t<p>Nach Ihrer Schwimmeinheit \u2013 wie w\u00e4re es mit einer kleinen <strong>Sonnenbadsession<\/strong> wie am Strand? Machen Sie es sich auf einer unserer <strong>Liegen<\/strong> bequem und entspannen Sie sich am Poolrand unseres <strong>Campingplatzes in Soulac, Nouvelle-Aquitaine<\/strong>.<\/p>\n<p>Da unser <a href=\"https:\/\/www.campingdespins.fr\/de\/camping-gironde\/\">Campingplatz in der Gironde<\/a>\u00a0an einem <strong>sonnigen und gut beleuchteten Ort<\/strong> liegt, k\u00f6nnen Sie ein ausgiebiges Sonnenbad auf der <strong>Poolterrasse<\/strong> genie\u00dfen. Vergessen Sie nicht Ihre <strong>Sonnencreme<\/strong> und eine <strong>UV-Schutzbrille<\/strong>, um sich w\u00e4hrend Ihres Aufenthalts in diesem sch\u00f6nen Teil <strong>Frankreichs<\/strong> zu sch\u00fctzen.<\/p>\n<\/div><h2 class=\"element section-title justify\">Bereiten Sie sich auf einen Urlaub zwischen Pool und Strand vor <\/h2><div class=\"element bloc-text justify \">\n\t<p>W\u00e4hrend <strong>Ihres Urlaubs auf unserem Campingplatz mit Pool in der Gironde<\/strong> k\u00f6nnen Sie so oft Sie m\u00f6chten zwischen <strong>Pool und Strand<\/strong> wechseln \u2013 f\u00fcr doppeltes Badevergn\u00fcgen!<\/p>\n<p>Unser Campingplatz befindet sich n\u00e4mlich campingplatz soulac sur mer<strong>, in unmittelbarer N\u00e4he der sch\u00f6nsten Str\u00e4nde der Gironde!<\/strong><\/p>\n<p>W\u00e4hrend <strong>Ihres Familien-Campingurlaubs<\/strong> sollten Sie unbedingt die Plage Centrale in Soulac-sur-Mer, die Plage Sud in Vendays-Montalivet, die Plage Piqueyrot in Hourtin oder die Plage Nord in Lacanau Oc\u00e9an besuchen.<\/p>\n<p>Genie\u00dfen Sie ein erfrischendes Bad im Atlantik, ein Nickerchen in der warmen Sonne der Gironde, einen Spaziergang am Wasser oder lustige Strandspiele mit Ihren Kindern. Wenn Sie Lust haben, k\u00f6nnen Sie sich w\u00e4hrend <strong>Ihres Campingurlaubs<\/strong> sogar an Wassersportarten wie <strong>Paddleboarding oder Surfen<\/strong> versuchen \u2013 sehr beliebte Aktivit\u00e4ten an den <strong>Str\u00e4nden von Nouvelle-Aquitaine!<\/strong><\/p>\n<p><strong>Unser Tipp?<\/strong> Besuchen Sie den Strand <strong>am Morgen, wenn die Str\u00e4nde der Gironde noch ruhig sind<\/strong>, und verbringen Sie <strong>den Nachmittag mit einem erfrischenden Bad im Pool unseres <\/strong>4-Sterne-Campingplatzes in der Gironde.<\/p>\n<\/div><\/div><\/div><\/div><\/section>\n\n<section id=\"section-63a025f322367\"\" class=\"section bg-white p-t-0 p-b-0\" \/><div class=\"container full\"><div class=\"element images\"><div class=\"image\"><img decoding=\"async\" src=\"https:\/\/www.campingdespins.fr\/wp-content\/uploads\/2021\/05\/bain-soleil-gironde-1.jpg\" data-src=\"https:\/\/www.campingdespins.fr\/wp-content\/uploads\/2021\/05\/bain-soleil-gironde-1.jpg\" alt=\"sonnenbad camping gironde\" class=\"images_image\" \/><\/div><div class=\"image\"><img decoding=\"async\" src=\"https:\/\/www.campingdespins.fr\/wp-content\/uploads\/2021\/04\/animation-piscine-soulac.jpg\" data-src=\"https:\/\/www.campingdespins.fr\/wp-content\/uploads\/2021\/04\/animation-piscine-soulac.jpg\" alt=\"schwimmbadanimation gironde\" class=\"images_image\" \/><\/div><\/div><\/div><\/section>\n\n<section id=\"section-63a025f3225c7\"\" class=\"section bg-white\" \/><div class=\"container extralarge\"><div class=\"colonnes-wrap valign-middle \"><div class=\"element colonne w-40 p-t-0\"><div class=\"element images\"><div class=\"image\"><img decoding=\"async\" src=\"https:\/\/www.campingdespins.fr\/wp-content\/uploads\/2021\/05\/piscine-exterieure-soulac.jpg\" data-src=\"https:\/\/www.campingdespins.fr\/wp-content\/uploads\/2021\/05\/piscine-exterieure-soulac.jpg\" alt=\"freibad gironde\" class=\"images_image\" \/><\/div><\/div><\/div><div class=\"element colonne w-60 p-x-4 p-y-4\"><h2 class=\"element section-title left color2\">Regeln f\u00fcr den Pool <\/h2><div class=\"element bloc-text justify \">\n\t<p>F\u00fcr den Komfort und die Sicherheit aller vor Ort unterliegt <strong>der beheizte Pool unseres Campingplatzes<\/strong> strengen <strong>Vorschriften<\/strong>. Abgesehen von der <strong>obligatorischen Badebekleidung<\/strong> m\u00fcssen Kinder unter <strong>zw\u00f6lf Jahren<\/strong> von einem Erwachsenen begleitet werden, um Zugang zum Schwimmbereich zu erhalten. Au\u00dferdem ist es <strong>strengstens verboten, rund um das Becken zu rennen<\/strong>, damit sich alle unbesorgt im <strong>Campingpool<\/strong> erholen k\u00f6nnen.<\/p>\n<p><strong>Unser Campingplatz mit Pool in der Gironde<\/strong> verspricht Ihnen einen angenehmen Urlaub, bereichert durch <strong>unseren sch\u00f6nen Wasserbereich<\/strong>!<\/p>\n<\/div><\/div><\/div><\/div><\/section>\n\n<section id=\"section-63a025f3227c6\"\" class=\"section bg-white\" \/><div class=\"container extralarge\"><div class=\"element section-title center titre-cta\">Entdecken Sie auf unserem Campingplatz auch<\/div><ul class=\"liste-de-page\"><li class=\"element call-to-action carre call-to-action--style-1 call-to-action--normal\"><a href=\"https:\/\/www.campingdespins.fr\/de\/camping-gironde\/\"  class=\"call-to-action_link\" title=\"En savoir plus sur camping gironde\"><div class=\"call-to-action_image\"><img decoding=\"async\" src=\"https:\/\/www.campingdespins.fr\/wp-content\/uploads\/2022\/03\/tourisme-gironde-4.png\" data-src=\"https:\/\/www.campingdespins.fr\/wp-content\/uploads\/2022\/03\/tourisme-gironde-4.png\" alt=\"Camping proche de Montsoreau\" class=\"normal\" \/><\/div><div class=\"call-to-action_contenu\"><div class=\"call-to-action_titre\">Camping Gironde<\/div><\/div><\/a><\/li><\/ul><\/div><\/section>","protected":false},"excerpt":{"rendered":"","protected":false},"author":4,"featured_media":7104,"parent":8405,"menu_order":0,"comment_status":"closed","ping_status":"closed","template":"","meta":{"_acf_changed":false,"footnotes":""},"class_list":["post-8456","page","type-page","status-publish","has-post-thumbnail","hentry"],"acf":[],"yoast_head":"<!-- This site is optimized with the Yoast SEO plugin v25.8 - https:\/\/yoast.com\/wordpress\/plugins\/seo\/ -->\n<title>Campingplatz mit Schwimmbad in der Gironde - Camping des Pins<\/title>\n<meta name=\"description\" content=\"Genie\u00dfen Sie das auf 28 Grad beheizte Schwimmbad in der Gironde: Schwimmbad, Wasseraktivit\u00e4ten, Planschbecken, Wasserspiele.\" \/>\n<meta name=\"robots\" content=\"index, follow, max-snippet:-1, max-image-preview:large, max-video-preview:-1\" \/>\n<link rel=\"canonical\" href=\"https:\/\/www.campingdespins.fr\/de\/camping-gironde\/camping-gironde-schwimmbad\/\" \/>\n<meta property=\"og:locale\" content=\"de_DE\" \/>\n<meta property=\"og:type\" content=\"article\" \/>\n<meta property=\"og:title\" content=\"Campingplatz mit Schwimmbad in der Gironde - Camping des Pins\" \/>\n<meta property=\"og:description\" content=\"Genie\u00dfen Sie das auf 28 Grad beheizte Schwimmbad in der Gironde: Schwimmbad, Wasseraktivit\u00e4ten, Planschbecken, Wasserspiele.\" \/>\n<meta property=\"og:url\" content=\"https:\/\/www.campingdespins.fr\/de\/camping-gironde\/camping-gironde-schwimmbad\/\" \/>\n<meta property=\"og:site_name\" content=\"Camping des Pins\" \/>\n<meta property=\"article:modified_time\" content=\"2025-03-17T10:51:20+00:00\" \/>\n<meta property=\"og:image\" content=\"https:\/\/www.campingdespins.fr\/wp-content\/uploads\/2022\/12\/piscine-chauffe-soulac.jpeg\" \/>\n\t<meta property=\"og:image:width\" content=\"1189\" \/>\n\t<meta property=\"og:image:height\" content=\"566\" \/>\n\t<meta property=\"og:image:type\" content=\"image\/jpeg\" \/>\n<meta name=\"twitter:card\" content=\"summary_large_image\" \/>\n<meta name=\"twitter:label1\" content=\"Gesch\u00e4tzte Lesezeit\" \/>\n\t<meta name=\"twitter:data1\" content=\"1\u00a0Minute\" \/>\n<script type=\"application\/ld+json\" class=\"yoast-schema-graph\">{\"@context\":\"https:\/\/schema.org\",\"@graph\":[{\"@type\":\"WebPage\",\"@id\":\"https:\/\/www.campingdespins.fr\/de\/camping-gironde\/camping-gironde-schwimmbad\/\",\"url\":\"https:\/\/www.campingdespins.fr\/de\/camping-gironde\/camping-gironde-schwimmbad\/\",\"name\":\"Campingplatz mit Schwimmbad in der Gironde - Camping des Pins\",\"isPartOf\":{\"@id\":\"https:\/\/www.campingdespins.fr\/de\/#website\"},\"primaryImageOfPage\":{\"@id\":\"https:\/\/www.campingdespins.fr\/de\/camping-gironde\/camping-gironde-schwimmbad\/#primaryimage\"},\"image\":{\"@id\":\"https:\/\/www.campingdespins.fr\/de\/camping-gironde\/camping-gironde-schwimmbad\/#primaryimage\"},\"thumbnailUrl\":\"https:\/\/www.campingdespins.fr\/wp-content\/uploads\/2022\/12\/piscine-chauffe-soulac.jpeg\",\"datePublished\":\"2022-12-19T08:50:59+00:00\",\"dateModified\":\"2025-03-17T10:51:20+00:00\",\"description\":\"Genie\u00dfen Sie das auf 28 Grad beheizte Schwimmbad in der Gironde: Schwimmbad, Wasseraktivit\u00e4ten, Planschbecken, Wasserspiele.\",\"breadcrumb\":{\"@id\":\"https:\/\/www.campingdespins.fr\/de\/camping-gironde\/camping-gironde-schwimmbad\/#breadcrumb\"},\"inLanguage\":\"de\",\"potentialAction\":[{\"@type\":\"ReadAction\",\"target\":[\"https:\/\/www.campingdespins.fr\/de\/camping-gironde\/camping-gironde-schwimmbad\/\"]}]},{\"@type\":\"ImageObject\",\"inLanguage\":\"de\",\"@id\":\"https:\/\/www.campingdespins.fr\/de\/camping-gironde\/camping-gironde-schwimmbad\/#primaryimage\",\"url\":\"https:\/\/www.campingdespins.fr\/wp-content\/uploads\/2022\/12\/piscine-chauffe-soulac.jpeg\",\"contentUrl\":\"https:\/\/www.campingdespins.fr\/wp-content\/uploads\/2022\/12\/piscine-chauffe-soulac.jpeg\",\"width\":1189,\"height\":566,\"caption\":\"campingplatz in der gironde mit schwimmbad\"},{\"@type\":\"BreadcrumbList\",\"@id\":\"https:\/\/www.campingdespins.fr\/de\/camping-gironde\/camping-gironde-schwimmbad\/#breadcrumb\",\"itemListElement\":[{\"@type\":\"ListItem\",\"position\":1,\"name\":\"Camping Soulac sur Mer\",\"item\":\"https:\/\/www.campingdespins.fr\/de\/\"},{\"@type\":\"ListItem\",\"position\":2,\"name\":\"Camping Gironde Frankrijk\",\"item\":\"https:\/\/www.campingdespins.fr\/de\/camping-gironde\/\"},{\"@type\":\"ListItem\",\"position\":3,\"name\":\"Camping Gironde mit Schwimmbad\"}]},{\"@type\":\"WebSite\",\"@id\":\"https:\/\/www.campingdespins.fr\/de\/#website\",\"url\":\"https:\/\/www.campingdespins.fr\/de\/\",\"name\":\"Camping des Pins\",\"description\":\"\",\"publisher\":{\"@id\":\"https:\/\/www.campingdespins.fr\/de\/#organization\"},\"potentialAction\":[{\"@type\":\"SearchAction\",\"target\":{\"@type\":\"EntryPoint\",\"urlTemplate\":\"https:\/\/www.campingdespins.fr\/de\/?s={search_term_string}\"},\"query-input\":{\"@type\":\"PropertyValueSpecification\",\"valueRequired\":true,\"valueName\":\"search_term_string\"}}],\"inLanguage\":\"de\"},{\"@type\":\"Organization\",\"@id\":\"https:\/\/www.campingdespins.fr\/de\/#organization\",\"name\":\"Camping des pins Soulac\",\"url\":\"https:\/\/www.campingdespins.fr\/de\/\",\"logo\":{\"@type\":\"ImageObject\",\"inLanguage\":\"de\",\"@id\":\"https:\/\/www.campingdespins.fr\/de\/#\/schema\/logo\/image\/\",\"url\":\"https:\/\/www.campingdespins.fr\/wp-content\/uploads\/2021\/03\/camping-pin-soulac-logo.png\",\"contentUrl\":\"https:\/\/www.campingdespins.fr\/wp-content\/uploads\/2021\/03\/camping-pin-soulac-logo.png\",\"width\":200,\"height\":212,\"caption\":\"Camping des pins Soulac\"},\"image\":{\"@id\":\"https:\/\/www.campingdespins.fr\/de\/#\/schema\/logo\/image\/\"}}]}<\/script>\n<!-- \/ Yoast SEO plugin. -->","yoast_head_json":{"title":"Campingplatz mit Schwimmbad in der Gironde - Camping des Pins","description":"Genie\u00dfen Sie das auf 28 Grad beheizte Schwimmbad in der Gironde: Schwimmbad, Wasseraktivit\u00e4ten, Planschbecken, Wasserspiele.","robots":{"index":"index","follow":"follow","max-snippet":"max-snippet:-1","max-image-preview":"max-image-preview:large","max-video-preview":"max-video-preview:-1"},"canonical":"https:\/\/www.campingdespins.fr\/de\/camping-gironde\/camping-gironde-schwimmbad\/","og_locale":"de_DE","og_type":"article","og_title":"Campingplatz mit Schwimmbad in der Gironde - Camping des Pins","og_description":"Genie\u00dfen Sie das auf 28 Grad beheizte Schwimmbad in der Gironde: Schwimmbad, Wasseraktivit\u00e4ten, Planschbecken, Wasserspiele.","og_url":"https:\/\/www.campingdespins.fr\/de\/camping-gironde\/camping-gironde-schwimmbad\/","og_site_name":"Camping des Pins","article_modified_time":"2025-03-17T10:51:20+00:00","og_image":[{"width":1189,"height":566,"url":"https:\/\/www.campingdespins.fr\/wp-content\/uploads\/2022\/12\/piscine-chauffe-soulac.jpeg","type":"image\/jpeg"}],"twitter_card":"summary_large_image","twitter_misc":{"Gesch\u00e4tzte Lesezeit":"1\u00a0Minute"},"schema":{"@context":"https:\/\/schema.org","@graph":[{"@type":"WebPage","@id":"https:\/\/www.campingdespins.fr\/de\/camping-gironde\/camping-gironde-schwimmbad\/","url":"https:\/\/www.campingdespins.fr\/de\/camping-gironde\/camping-gironde-schwimmbad\/","name":"Campingplatz mit Schwimmbad in der Gironde - Camping des Pins","isPartOf":{"@id":"https:\/\/www.campingdespins.fr\/de\/#website"},"primaryImageOfPage":{"@id":"https:\/\/www.campingdespins.fr\/de\/camping-gironde\/camping-gironde-schwimmbad\/#primaryimage"},"image":{"@id":"https:\/\/www.campingdespins.fr\/de\/camping-gironde\/camping-gironde-schwimmbad\/#primaryimage"},"thumbnailUrl":"https:\/\/www.campingdespins.fr\/wp-content\/uploads\/2022\/12\/piscine-chauffe-soulac.jpeg","datePublished":"2022-12-19T08:50:59+00:00","dateModified":"2025-03-17T10:51:20+00:00","description":"Genie\u00dfen Sie das auf 28 Grad beheizte Schwimmbad in der Gironde: Schwimmbad, Wasseraktivit\u00e4ten, Planschbecken, Wasserspiele.","breadcrumb":{"@id":"https:\/\/www.campingdespins.fr\/de\/camping-gironde\/camping-gironde-schwimmbad\/#breadcrumb"},"inLanguage":"de","potentialAction":[{"@type":"ReadAction","target":["https:\/\/www.campingdespins.fr\/de\/camping-gironde\/camping-gironde-schwimmbad\/"]}]},{"@type":"ImageObject","inLanguage":"de","@id":"https:\/\/www.campingdespins.fr\/de\/camping-gironde\/camping-gironde-schwimmbad\/#primaryimage","url":"https:\/\/www.campingdespins.fr\/wp-content\/uploads\/2022\/12\/piscine-chauffe-soulac.jpeg","contentUrl":"https:\/\/www.campingdespins.fr\/wp-content\/uploads\/2022\/12\/piscine-chauffe-soulac.jpeg","width":1189,"height":566,"caption":"campingplatz in der gironde mit schwimmbad"},{"@type":"BreadcrumbList","@id":"https:\/\/www.campingdespins.fr\/de\/camping-gironde\/camping-gironde-schwimmbad\/#breadcrumb","itemListElement":[{"@type":"ListItem","position":1,"name":"Camping Soulac sur Mer","item":"https:\/\/www.campingdespins.fr\/de\/"},{"@type":"ListItem","position":2,"name":"Camping Gironde Frankrijk","item":"https:\/\/www.campingdespins.fr\/de\/camping-gironde\/"},{"@type":"ListItem","position":3,"name":"Camping Gironde mit Schwimmbad"}]},{"@type":"WebSite","@id":"https:\/\/www.campingdespins.fr\/de\/#website","url":"https:\/\/www.campingdespins.fr\/de\/","name":"Camping des Pins","description":"","publisher":{"@id":"https:\/\/www.campingdespins.fr\/de\/#organization"},"potentialAction":[{"@type":"SearchAction","target":{"@type":"EntryPoint","urlTemplate":"https:\/\/www.campingdespins.fr\/de\/?s={search_term_string}"},"query-input":{"@type":"PropertyValueSpecification","valueRequired":true,"valueName":"search_term_string"}}],"inLanguage":"de"},{"@type":"Organization","@id":"https:\/\/www.campingdespins.fr\/de\/#organization","name":"Camping des pins Soulac","url":"https:\/\/www.campingdespins.fr\/de\/","logo":{"@type":"ImageObject","inLanguage":"de","@id":"https:\/\/www.campingdespins.fr\/de\/#\/schema\/logo\/image\/","url":"https:\/\/www.campingdespins.fr\/wp-content\/uploads\/2021\/03\/camping-pin-soulac-logo.png","contentUrl":"https:\/\/www.campingdespins.fr\/wp-content\/uploads\/2021\/03\/camping-pin-soulac-logo.png","width":200,"height":212,"caption":"Camping des pins Soulac"},"image":{"@id":"https:\/\/www.campingdespins.fr\/de\/#\/schema\/logo\/image\/"}}]}},"_links":{"self":[{"href":"https:\/\/www.campingdespins.fr\/de\/wp-json\/wp\/v2\/pages\/8456","targetHints":{"allow":["GET"]}}],"collection":[{"href":"https:\/\/www.campingdespins.fr\/de\/wp-json\/wp\/v2\/pages"}],"about":[{"href":"https:\/\/www.campingdespins.fr\/de\/wp-json\/wp\/v2\/types\/page"}],"author":[{"embeddable":true,"href":"https:\/\/www.campingdespins.fr\/de\/wp-json\/wp\/v2\/users\/4"}],"replies":[{"embeddable":true,"href":"https:\/\/www.campingdespins.fr\/de\/wp-json\/wp\/v2\/comments?post=8456"}],"version-history":[{"count":25,"href":"https:\/\/www.campingdespins.fr\/de\/wp-json\/wp\/v2\/pages\/8456\/revisions"}],"predecessor-version":[{"id":8494,"href":"https:\/\/www.campingdespins.fr\/de\/wp-json\/wp\/v2\/pages\/8456\/revisions\/8494"}],"up":[{"embeddable":true,"href":"https:\/\/www.campingdespins.fr\/de\/wp-json\/wp\/v2\/pages\/8405"}],"wp:featuredmedia":[{"embeddable":true,"href":"https:\/\/www.campingdespins.fr\/de\/wp-json\/wp\/v2\/media\/7104"}],"wp:attachment":[{"href":"https:\/\/www.campingdespins.fr\/de\/wp-json\/wp\/v2\/media?parent=8456"}],"curies":[{"name":"wp","href":"https:\/\/api.w.org\/{rel}","templated":true}]}}