{"id":8615,"date":"2022-03-01T12:17:37","date_gmt":"2022-03-01T11:17:37","guid":{"rendered":"https:\/\/www.campingdespins.fr\/tourisme-montalivet\/"},"modified":"2025-04-24T10:00:45","modified_gmt":"2025-04-24T08:00:45","slug":"tourismus-montalivet","status":"publish","type":"page","link":"https:\/\/www.campingdespins.fr\/de\/tourismus-gironde\/tourismus-montalivet\/","title":{"rendered":"Umgebung: Tourismus Montalivet"},"content":{"rendered":"<section id=\"section-621cda5934d88\"\" class=\"section bg-white p-b-0\" \/><div class=\"container extralarge\"><h1 class=\"element section-title center color2\">Entdecken Sie Montalivet<\/h1><div class=\"element bloc-text center \">\n\t<p><strong>Montalivet<\/strong> hat alles, um Sie zu verzaubern, mit seinen <strong data-start=\"59\" data-end=\"77\">12 km Str\u00e4nden<\/strong>, <strong data-start=\"79\" data-end=\"100\">40 km Wanderwegen<\/strong> und <strong data-start=\"105\" data-end=\"123\">30 km Radwegen<\/strong>. Die Landschaft wird zudem durch einen <strong data-start=\"163\" data-end=\"171\">Wald<\/strong>, der sich \u00fcber <strong data-start=\"187\" data-end=\"199\">6.000 ha<\/strong> erstreckt, noch versch\u00f6nert. In Montalivet warten zahlreiche Aktivit\u00e4ten auf Sie, darunter <strong data-start=\"291\" data-end=\"306\">Wassersport<\/strong>, <strong data-start=\"308\" data-end=\"323\">Wanderungen<\/strong>, <strong data-start=\"325\" data-end=\"341\">Reitausfl\u00fcge<\/strong> und mehr.<\/p>\n<\/div><\/div><\/section>\n\n<section id=\"section-621cda5935004\"\" class=\"section bg-white\" \/><div class=\"container extralarge\"><div class=\"colonnes-wrap valign-top \"><div class=\"element colonne \"><h2 class=\"element section-title left\">Umgebung: Tourismus Montalivet<\/h2><div class=\"element bloc-text left \">\n\t<p class=\"\" data-start=\"79\" data-end=\"196\">W\u00e4hrend Ihres Aufenthalts in <strong>Montalivet<\/strong>, in der Gironde, haben Sie die Qual der Wahl, was Aktivit\u00e4ten betrifft, einschlie\u00dflich <a href=\"\/de\/camping-gironde\/\">camping gironde frankreich<\/a>.<\/p>\n<ul>\n<li data-start=\"198\" data-end=\"211\"><strong>Wandern<\/strong><br \/>\nDas Reiseziel in der Gironde verf\u00fcgt \u00fcber nicht weniger als vierzig Kilometer Wanderwege \u2013 zahlreiche Routen, die es erm\u00f6glichen, eine au\u00dfergew\u00f6hnlich sch\u00f6ne Landschaftsmosaik zu entdecken.<\/li>\n<li data-start=\"405\" data-end=\"427\"><strong>Ausritt zu Pferd<br \/>\n<\/strong>G\u00f6nnen Sie sich einen Ausritt entlang der K\u00fcste oder mitten durch den Wald. Drei Reitzentren bieten diese Aktivit\u00e4t in Montalivet an: <strong data-start=\"562\" data-end=\"590\">Les Ecuries de P\u00e9rigueys<\/strong>, <strong data-start=\"592\" data-end=\"628\">das Centre Equestre de Clavi\u00e8res<\/strong> sowie <strong data-start=\"635\" data-end=\"666\">das Centre Equestre Euronat<\/strong>.<\/li>\n<li data-start=\"671\" data-end=\"698\"><strong>Surfunterricht nehmen<br \/>\n<\/strong>In Montalivet gibt es Surfschulen (<strong data-start=\"734\" data-end=\"767\">Carakas und Monta Surf School<\/strong>), die Surfkurse anbieten \u2013 sei es f\u00fcr Anf\u00e4nger oder zur Verbesserung des eigenen Niveaus.<\/li>\n<li data-start=\"861\" data-end=\"884\"><strong>Abenteuerparcours<br \/>\n<\/strong>G\u00f6nnen Sie sich Momente voller Freude und Unbeschwertheit im Abenteuerpark von Montalivet. Dort werden zahlreiche sportliche und unterhaltsame Aktivit\u00e4ten angeboten, vom <strong data-start=\"1055\" data-end=\"1073\">Hochseilgarten<\/strong> \u00fcber <strong data-start=\"1079\" data-end=\"1091\">Minigolf<\/strong> bis hin zur <strong data-start=\"1104\" data-end=\"1134\">Schatzsuche und Kartfahren<\/strong>.<\/li>\n<li data-start=\"1139\" data-end=\"1154\"><strong>Paintball<br \/>\n<\/strong>Die perfekte Aktivit\u00e4t f\u00fcr einen Junggesellenabschied, einen Geburtstag oder einfach ein Wochenende mit der Familie oder Freunden.<\/li>\n<li data-start=\"1289\" data-end=\"1323\"><strong>Radfahren oder Mountainbiken<br \/>\n<\/strong>Die langen Kilometer an Radwegen sowie die verschiedenen <strong data-start=\"1381\" data-end=\"1406\">Mountainbike-Strecken<\/strong> in Montalivet und Umgebung versprechen wundersch\u00f6ne Ausfl\u00fcge und Entdeckungen.<\/li>\n<\/ul>\n<\/div><\/div><div class=\"element colonne \"><div class=\"element images\"><div class=\"image\"><img decoding=\"async\" src=\"https:\/\/www.campingdespins.fr\/wp-content\/uploads\/2022\/03\/Montalivet-plage.png\" data-src=\"https:\/\/www.campingdespins.fr\/wp-content\/uploads\/2022\/03\/Montalivet-plage.png\" alt=\"Strand Montalivet\" class=\"images_image\" \/><\/div><\/div><\/div><\/div><\/div><\/section>\n\n<section id=\"section-621cda59351b9\"\" class=\"section bg-white p-b-0\" \/><div class=\"container full\"><div class=\"accordeon\"><div class=\"slide \"><div class=\"slide_image\"><img decoding=\"async\" src=\"https:\/\/www.campingdespins.fr\/wp-content\/uploads\/2022\/03\/tourisme-gironde-1-91x100.png\" data-src=\"https:\/\/www.campingdespins.fr\/wp-content\/uploads\/2022\/03\/tourisme-gironde-1.png\" alt=\"Strand der gironde\" class=\"\" \/><\/div><\/div><div class=\"slide \"><div class=\"slide_image\"><img decoding=\"async\" src=\"https:\/\/www.campingdespins.fr\/wp-content\/uploads\/2022\/03\/tourisme-gironde-4-84x100.png\" data-src=\"https:\/\/www.campingdespins.fr\/wp-content\/uploads\/2022\/03\/tourisme-gironde-4.png\" alt=\"surfen in lacanau\" class=\"\" \/><\/div><\/div><div class=\"slide \"><div class=\"slide_image\"><img decoding=\"async\" src=\"https:\/\/www.campingdespins.fr\/wp-content\/uploads\/2022\/03\/tourisme-gironde-7-75x100.png\" data-src=\"https:\/\/www.campingdespins.fr\/wp-content\/uploads\/2022\/03\/tourisme-gironde-7.png\" alt=\"Stand-up-Paddle-See von Lacanau\" class=\"\" \/><\/div><\/div><div class=\"slide \"><div class=\"slide_image\"><img decoding=\"async\" src=\"https:\/\/www.campingdespins.fr\/wp-content\/uploads\/2022\/03\/paintball-97x100.png\" data-src=\"https:\/\/www.campingdespins.fr\/wp-content\/uploads\/2022\/03\/paintball.png\" alt=\"Paintball\" class=\"\" \/><\/div><\/div><\/div><\/div><\/section>\n\n<section id=\"section-621cd7648d4be\"\" class=\"section bg-white p-b-0\" \/><div class=\"container extralarge\"><div class=\"colonnes-wrap valign-middle \"><div class=\"element colonne \"><div class=\"element images\"><div class=\"image\"><img decoding=\"async\" src=\"https:\/\/www.campingdespins.fr\/wp-content\/uploads\/2022\/03\/tourisme-gironde-2.png\" data-src=\"https:\/\/www.campingdespins.fr\/wp-content\/uploads\/2022\/03\/tourisme-gironde-2.png\" alt=\"familienaktivit\u00e4ten mit ihren kindern in der gironde\" class=\"images_image\" \/><\/div><\/div><\/div><div class=\"element colonne \"><h2 class=\"element section-title left\">Die Str\u00e4nde von Montalivet<\/h2><div class=\"element bloc-text left \">\n\t<p class=\"\" data-start=\"0\" data-end=\"58\">Genie\u00dfen Sie den feinen Sand der Str\u00e4nde von Montalivet, sowie den <a href=\"https:\/\/www.campingdespins.fr\/de\/tourismus-gironde\/bordeaux-tourismus\/\">tourismus Bordeaux<\/a> und <a href=\"\/de\/tourismus-gironde\/\">tourismus in Gironde<\/a>.<\/p>\n<ul>\n<li data-start=\"60\" data-end=\"209\"><strong data-start=\"60\" data-end=\"78\">Der Nordstrand<\/strong><br data-start=\"78\" data-end=\"81\" \/>Der Nordstrand wird besonders f\u00fcr seine Ruhe und seine unber\u00fchrte Natur gesch\u00e4tzt, ebenso wie f\u00fcr seine N\u00e4he zum Stadtzentrum.<\/li>\n<li data-start=\"211\" data-end=\"418\"><strong data-start=\"211\" data-end=\"232\">Der Zentralstrand<\/strong><br data-start=\"232\" data-end=\"235\" \/>Ebenfalls in der N\u00e4he des Stadtzentrums gelegen, verf\u00fcgt dieser Strand in der Sommersaison \u00fcber eine Rettungsstation. Zudem gibt es in der Umgebung einige Gesch\u00e4fte und Restaurants.<\/li>\n<li data-start=\"420\" data-end=\"596\"><strong data-start=\"420\" data-end=\"437\">Der S\u00fcdstrand<\/strong><br data-start=\"437\" data-end=\"440\" \/>Am Eingang von Montalivet gelegen, ist der S\u00fcdstrand ein beliebter Ort f\u00fcr viele Familien. Hier gibt es au\u00dferdem eine Surfschule sowie eine Rettungsstation.<\/li>\n<\/ul>\n<\/div><\/div><\/div><\/div><\/section>\n\n<section id=\"section-621cd8dac71d4\"\" class=\"section bg-white\" \/><div class=\"container extralarge\"><div class=\"colonnes-wrap valign-middle \"><div class=\"element colonne \"><h2 class=\"element section-title left\">Besuchen Sie Montalivet am Wochenende<\/h2><div class=\"element bloc-text left \">\n\t<p class=\"\" data-start=\"32\" data-end=\"180\">Mehrere interessante Aktivit\u00e4ten k\u00f6nnen Ihnen Freude bereiten, wenn Sie planen, Ihr Wochenende in dieser charmanten Stadt der Gironde zu genie\u00dfen, einschlie\u00dflich des <a href=\"\/de\/tourismus-soulac-sur-mer\/\">Tourismus in Soulac sur Mer<\/a>.<\/p>\n<ul data-start=\"182\" data-end=\"457\">\n<li class=\"\" data-start=\"182\" data-end=\"243\">\n<p class=\"\" data-start=\"184\" data-end=\"243\">Reiten und Ausritte entlang der K\u00fcste oder durch den Wald<\/p>\n<\/li>\n<li class=\"\" data-start=\"244\" data-end=\"258\">\n<p class=\"\" data-start=\"246\" data-end=\"258\">Kartfahren<\/p>\n<\/li>\n<li class=\"\" data-start=\"259\" data-end=\"272\">\n<p class=\"\" data-start=\"261\" data-end=\"272\">Paintball<\/p>\n<\/li>\n<li class=\"\" data-start=\"273\" data-end=\"303\">\n<p class=\"\" data-start=\"275\" data-end=\"303\">Entdeckung des Flohmarktes<\/p>\n<\/li>\n<li class=\"\" data-start=\"304\" data-end=\"338\">\n<p class=\"\" data-start=\"306\" data-end=\"338\">Besuch der Kirche Saint-Seurin<\/p>\n<\/li>\n<li class=\"\" data-start=\"339\" data-end=\"417\">\n<p class=\"\" data-start=\"341\" data-end=\"417\">Einf\u00fchrung ins Surfen oder andere Wassersportarten an der Maya Surf School<\/p>\n<\/li>\n<li class=\"\" data-start=\"418\" data-end=\"457\">\n<p class=\"\" data-start=\"420\" data-end=\"457\">Einf\u00fchrung ins Fallschirmspringen \u2026<\/p>\n<\/li>\n<\/ul>\n<p class=\"\" data-start=\"459\" data-end=\"602\">Genie\u00dfen Sie Ihren Aufenthalt auf dem <a href=\"\/de\/\">campingplatz soulac sur mer<\/a>, nur 15 Minuten von Montalivet entfernt, und folgen Sie unseren Besuchstipps \ud83d\ude09<\/p>\n<p><a class=\"element bouton in-view animated\" title=\"D\u00e9couvrir le camping\" href=\"\/de\/\">Entdecken Sie den Campingplatz in Soulac<\/a><\/p>\n<\/div><\/div><div class=\"element colonne \"><div class=\"element images\"><div class=\"image\"><img decoding=\"async\" src=\"https:\/\/www.campingdespins.fr\/wp-content\/uploads\/2022\/03\/plage-montalivet.png\" data-src=\"https:\/\/www.campingdespins.fr\/wp-content\/uploads\/2022\/03\/plage-montalivet.png\" alt=\"Sonnenuntergang montalivet\" class=\"images_image\" \/><\/div><\/div><\/div><\/div><\/div><\/section>\n\n<section id=\"section-621e16bc9d16e\"\" class=\"section bg-white\" \/><div class=\"container extralarge\"><h2 class=\"element section-title center\">Andere unumg\u00e4ngliche Orte, die es zu entdecken gilt<\/h2><ul class=\"liste-de-page\"><li class=\"element call-to-action carre call-to-action--style-1 call-to-action--small\"><a href=\"https:\/\/www.campingdespins.fr\/de\/tourismus-soulac-sur-mer\/\"  class=\"call-to-action_link\" title=\"En savoir plus sur soulac-sur-mer\"><div class=\"call-to-action_image\"><img decoding=\"async\" src=\"https:\/\/www.campingdespins.fr\/wp-content\/uploads\/2021\/04\/soulac-plage.jpg\" data-src=\"https:\/\/www.campingdespins.fr\/wp-content\/uploads\/2021\/04\/soulac-plage.jpg\" alt=\"soulac plage\" class=\"small\" \/><\/div><div class=\"call-to-action_contenu\"><div class=\"call-to-action_titre\">Soulac-sur-Mer<\/div><\/div><\/a><\/li><li class=\"element call-to-action carre call-to-action--style-1 call-to-action--small call-to-action--style-1 call-to-action--small\"><a href=\"https:\/\/www.campingdespins.fr\/de\/tourismus-gironde\/bordeaux-tourismus\/\"  class=\"call-to-action_link\" title=\"En savoir plus sur bordeaux\"><div class=\"call-to-action_image\"><img decoding=\"async\" src=\"https:\/\/www.campingdespins.fr\/wp-content\/uploads\/2022\/02\/Bordeaux-tourisme-3-100x67.png\" data-src=\"https:\/\/www.campingdespins.fr\/wp-content\/uploads\/2022\/02\/Bordeaux-tourisme-3.png\" alt=\"Place de la bourse \u00e0 Bordeaux\" class=\"small\" \/><\/div><div class=\"call-to-action_contenu\"><div class=\"call-to-action_titre\">Bordeaux<\/div><\/div><\/a><\/li><li class=\"element call-to-action carre call-to-action--style-1 call-to-action--small call-to-action--style-1 call-to-action--small call-to-action--style-1 call-to-action--small\"><a href=\"https:\/\/www.campingdespins.fr\/de\/tourismus-gironde\/\"  class=\"call-to-action_link\" title=\"En savoir plus sur gironde\"><div class=\"call-to-action_image\"><img decoding=\"async\" src=\"https:\/\/www.campingdespins.fr\/wp-content\/uploads\/2022\/03\/tourisme-gironde-3-80x100.png\" data-src=\"https:\/\/www.campingdespins.fr\/wp-content\/uploads\/2022\/03\/tourisme-gironde-3.png\" alt=\"strand der gironde\" class=\"small\" \/><\/div><div class=\"call-to-action_contenu\"><div class=\"call-to-action_titre\">Gironde<\/div><\/div><\/a><\/li><\/ul><\/div><\/section>","protected":false},"excerpt":{"rendered":"","protected":false},"author":1,"featured_media":6192,"parent":8663,"menu_order":0,"comment_status":"closed","ping_status":"closed","template":"","meta":{"_acf_changed":false,"footnotes":""},"class_list":["post-8615","page","type-page","status-publish","has-post-thumbnail","hentry"],"acf":[],"yoast_head":"<!-- This site is optimized with the Yoast SEO plugin v25.8 - https:\/\/yoast.com\/wordpress\/plugins\/seo\/ -->\n<title>Tourismus Montalivet Frankreich \u2013 Was tun ?<\/title>\n<meta name=\"description\" content=\"Entdecken Sie den Badeort Montalivet und seine wundersch\u00f6nen Sandstr\u00e4nde sowie verschiedene m\u00f6gliche Aktivit\u00e4ten: Surfen, Kartfahren, Paintball ...\" \/>\n<meta name=\"robots\" content=\"index, follow, max-snippet:-1, max-image-preview:large, max-video-preview:-1\" \/>\n<link rel=\"canonical\" href=\"https:\/\/www.campingdespins.fr\/de\/tourismus-gironde\/tourismus-montalivet\/\" \/>\n<meta property=\"og:locale\" content=\"de_DE\" \/>\n<meta property=\"og:type\" content=\"article\" \/>\n<meta property=\"og:title\" content=\"Tourismus Montalivet Frankreich \u2013 Was tun ?\" \/>\n<meta property=\"og:description\" content=\"Entdecken Sie den Badeort Montalivet und seine wundersch\u00f6nen Sandstr\u00e4nde sowie verschiedene m\u00f6gliche Aktivit\u00e4ten: Surfen, Kartfahren, Paintball ...\" \/>\n<meta property=\"og:url\" content=\"https:\/\/www.campingdespins.fr\/de\/tourismus-gironde\/tourismus-montalivet\/\" \/>\n<meta property=\"og:site_name\" content=\"Camping des Pins\" \/>\n<meta property=\"article:modified_time\" content=\"2025-04-24T08:00:45+00:00\" \/>\n<meta property=\"og:image\" content=\"https:\/\/www.campingdespins.fr\/wp-content\/uploads\/2022\/03\/plage-montalivet.png\" \/>\n\t<meta property=\"og:image:width\" content=\"826\" \/>\n\t<meta property=\"og:image:height\" content=\"710\" \/>\n\t<meta property=\"og:image:type\" content=\"image\/png\" \/>\n<meta name=\"twitter:card\" content=\"summary_large_image\" \/>\n<meta name=\"twitter:label1\" content=\"Gesch\u00e4tzte Lesezeit\" \/>\n\t<meta name=\"twitter:data1\" content=\"1\u00a0Minute\" \/>\n<script type=\"application\/ld+json\" class=\"yoast-schema-graph\">{\"@context\":\"https:\/\/schema.org\",\"@graph\":[{\"@type\":\"WebPage\",\"@id\":\"https:\/\/www.campingdespins.fr\/de\/tourismus-gironde\/tourismus-montalivet\/\",\"url\":\"https:\/\/www.campingdespins.fr\/de\/tourismus-gironde\/tourismus-montalivet\/\",\"name\":\"Tourismus Montalivet Frankreich \u2013 Was tun ?\",\"isPartOf\":{\"@id\":\"https:\/\/www.campingdespins.fr\/de\/#website\"},\"primaryImageOfPage\":{\"@id\":\"https:\/\/www.campingdespins.fr\/de\/tourismus-gironde\/tourismus-montalivet\/#primaryimage\"},\"image\":{\"@id\":\"https:\/\/www.campingdespins.fr\/de\/tourismus-gironde\/tourismus-montalivet\/#primaryimage\"},\"thumbnailUrl\":\"https:\/\/www.campingdespins.fr\/wp-content\/uploads\/2022\/03\/plage-montalivet.png\",\"datePublished\":\"2022-03-01T11:17:37+00:00\",\"dateModified\":\"2025-04-24T08:00:45+00:00\",\"description\":\"Entdecken Sie den Badeort Montalivet und seine wundersch\u00f6nen Sandstr\u00e4nde sowie verschiedene m\u00f6gliche Aktivit\u00e4ten: Surfen, Kartfahren, Paintball ...\",\"breadcrumb\":{\"@id\":\"https:\/\/www.campingdespins.fr\/de\/tourismus-gironde\/tourismus-montalivet\/#breadcrumb\"},\"inLanguage\":\"de\",\"potentialAction\":[{\"@type\":\"ReadAction\",\"target\":[\"https:\/\/www.campingdespins.fr\/de\/tourismus-gironde\/tourismus-montalivet\/\"]}]},{\"@type\":\"ImageObject\",\"inLanguage\":\"de\",\"@id\":\"https:\/\/www.campingdespins.fr\/de\/tourismus-gironde\/tourismus-montalivet\/#primaryimage\",\"url\":\"https:\/\/www.campingdespins.fr\/wp-content\/uploads\/2022\/03\/plage-montalivet.png\",\"contentUrl\":\"https:\/\/www.campingdespins.fr\/wp-content\/uploads\/2022\/03\/plage-montalivet.png\",\"width\":826,\"height\":710,\"caption\":\"Tourismus Montalivet\"},{\"@type\":\"BreadcrumbList\",\"@id\":\"https:\/\/www.campingdespins.fr\/de\/tourismus-gironde\/tourismus-montalivet\/#breadcrumb\",\"itemListElement\":[{\"@type\":\"ListItem\",\"position\":1,\"name\":\"Camping Soulac sur Mer\",\"item\":\"https:\/\/www.campingdespins.fr\/de\/\"},{\"@type\":\"ListItem\",\"position\":2,\"name\":\"Tourismus Gironde\",\"item\":\"https:\/\/www.campingdespins.fr\/de\/tourismus-gironde\/\"},{\"@type\":\"ListItem\",\"position\":3,\"name\":\"Tourismus Montalivet\"}]},{\"@type\":\"WebSite\",\"@id\":\"https:\/\/www.campingdespins.fr\/de\/#website\",\"url\":\"https:\/\/www.campingdespins.fr\/de\/\",\"name\":\"Camping des Pins\",\"description\":\"\",\"publisher\":{\"@id\":\"https:\/\/www.campingdespins.fr\/de\/#organization\"},\"potentialAction\":[{\"@type\":\"SearchAction\",\"target\":{\"@type\":\"EntryPoint\",\"urlTemplate\":\"https:\/\/www.campingdespins.fr\/de\/?s={search_term_string}\"},\"query-input\":{\"@type\":\"PropertyValueSpecification\",\"valueRequired\":true,\"valueName\":\"search_term_string\"}}],\"inLanguage\":\"de\"},{\"@type\":\"Organization\",\"@id\":\"https:\/\/www.campingdespins.fr\/de\/#organization\",\"name\":\"Camping des pins Soulac\",\"url\":\"https:\/\/www.campingdespins.fr\/de\/\",\"logo\":{\"@type\":\"ImageObject\",\"inLanguage\":\"de\",\"@id\":\"https:\/\/www.campingdespins.fr\/de\/#\/schema\/logo\/image\/\",\"url\":\"https:\/\/www.campingdespins.fr\/wp-content\/uploads\/2021\/03\/camping-pin-soulac-logo.png\",\"contentUrl\":\"https:\/\/www.campingdespins.fr\/wp-content\/uploads\/2021\/03\/camping-pin-soulac-logo.png\",\"width\":200,\"height\":212,\"caption\":\"Camping des pins Soulac\"},\"image\":{\"@id\":\"https:\/\/www.campingdespins.fr\/de\/#\/schema\/logo\/image\/\"}}]}<\/script>\n<!-- \/ Yoast SEO plugin. -->","yoast_head_json":{"title":"Tourismus Montalivet Frankreich \u2013 Was tun ?","description":"Entdecken Sie den Badeort Montalivet und seine wundersch\u00f6nen Sandstr\u00e4nde sowie verschiedene m\u00f6gliche Aktivit\u00e4ten: Surfen, Kartfahren, Paintball ...","robots":{"index":"index","follow":"follow","max-snippet":"max-snippet:-1","max-image-preview":"max-image-preview:large","max-video-preview":"max-video-preview:-1"},"canonical":"https:\/\/www.campingdespins.fr\/de\/tourismus-gironde\/tourismus-montalivet\/","og_locale":"de_DE","og_type":"article","og_title":"Tourismus Montalivet Frankreich \u2013 Was tun ?","og_description":"Entdecken Sie den Badeort Montalivet und seine wundersch\u00f6nen Sandstr\u00e4nde sowie verschiedene m\u00f6gliche Aktivit\u00e4ten: Surfen, Kartfahren, Paintball ...","og_url":"https:\/\/www.campingdespins.fr\/de\/tourismus-gironde\/tourismus-montalivet\/","og_site_name":"Camping des Pins","article_modified_time":"2025-04-24T08:00:45+00:00","og_image":[{"width":826,"height":710,"url":"https:\/\/www.campingdespins.fr\/wp-content\/uploads\/2022\/03\/plage-montalivet.png","type":"image\/png"}],"twitter_card":"summary_large_image","twitter_misc":{"Gesch\u00e4tzte Lesezeit":"1\u00a0Minute"},"schema":{"@context":"https:\/\/schema.org","@graph":[{"@type":"WebPage","@id":"https:\/\/www.campingdespins.fr\/de\/tourismus-gironde\/tourismus-montalivet\/","url":"https:\/\/www.campingdespins.fr\/de\/tourismus-gironde\/tourismus-montalivet\/","name":"Tourismus Montalivet Frankreich \u2013 Was tun ?","isPartOf":{"@id":"https:\/\/www.campingdespins.fr\/de\/#website"},"primaryImageOfPage":{"@id":"https:\/\/www.campingdespins.fr\/de\/tourismus-gironde\/tourismus-montalivet\/#primaryimage"},"image":{"@id":"https:\/\/www.campingdespins.fr\/de\/tourismus-gironde\/tourismus-montalivet\/#primaryimage"},"thumbnailUrl":"https:\/\/www.campingdespins.fr\/wp-content\/uploads\/2022\/03\/plage-montalivet.png","datePublished":"2022-03-01T11:17:37+00:00","dateModified":"2025-04-24T08:00:45+00:00","description":"Entdecken Sie den Badeort Montalivet und seine wundersch\u00f6nen Sandstr\u00e4nde sowie verschiedene m\u00f6gliche Aktivit\u00e4ten: Surfen, Kartfahren, Paintball ...","breadcrumb":{"@id":"https:\/\/www.campingdespins.fr\/de\/tourismus-gironde\/tourismus-montalivet\/#breadcrumb"},"inLanguage":"de","potentialAction":[{"@type":"ReadAction","target":["https:\/\/www.campingdespins.fr\/de\/tourismus-gironde\/tourismus-montalivet\/"]}]},{"@type":"ImageObject","inLanguage":"de","@id":"https:\/\/www.campingdespins.fr\/de\/tourismus-gironde\/tourismus-montalivet\/#primaryimage","url":"https:\/\/www.campingdespins.fr\/wp-content\/uploads\/2022\/03\/plage-montalivet.png","contentUrl":"https:\/\/www.campingdespins.fr\/wp-content\/uploads\/2022\/03\/plage-montalivet.png","width":826,"height":710,"caption":"Tourismus Montalivet"},{"@type":"BreadcrumbList","@id":"https:\/\/www.campingdespins.fr\/de\/tourismus-gironde\/tourismus-montalivet\/#breadcrumb","itemListElement":[{"@type":"ListItem","position":1,"name":"Camping Soulac sur Mer","item":"https:\/\/www.campingdespins.fr\/de\/"},{"@type":"ListItem","position":2,"name":"Tourismus Gironde","item":"https:\/\/www.campingdespins.fr\/de\/tourismus-gironde\/"},{"@type":"ListItem","position":3,"name":"Tourismus Montalivet"}]},{"@type":"WebSite","@id":"https:\/\/www.campingdespins.fr\/de\/#website","url":"https:\/\/www.campingdespins.fr\/de\/","name":"Camping des Pins","description":"","publisher":{"@id":"https:\/\/www.campingdespins.fr\/de\/#organization"},"potentialAction":[{"@type":"SearchAction","target":{"@type":"EntryPoint","urlTemplate":"https:\/\/www.campingdespins.fr\/de\/?s={search_term_string}"},"query-input":{"@type":"PropertyValueSpecification","valueRequired":true,"valueName":"search_term_string"}}],"inLanguage":"de"},{"@type":"Organization","@id":"https:\/\/www.campingdespins.fr\/de\/#organization","name":"Camping des pins Soulac","url":"https:\/\/www.campingdespins.fr\/de\/","logo":{"@type":"ImageObject","inLanguage":"de","@id":"https:\/\/www.campingdespins.fr\/de\/#\/schema\/logo\/image\/","url":"https:\/\/www.campingdespins.fr\/wp-content\/uploads\/2021\/03\/camping-pin-soulac-logo.png","contentUrl":"https:\/\/www.campingdespins.fr\/wp-content\/uploads\/2021\/03\/camping-pin-soulac-logo.png","width":200,"height":212,"caption":"Camping des pins Soulac"},"image":{"@id":"https:\/\/www.campingdespins.fr\/de\/#\/schema\/logo\/image\/"}}]}},"_links":{"self":[{"href":"https:\/\/www.campingdespins.fr\/de\/wp-json\/wp\/v2\/pages\/8615","targetHints":{"allow":["GET"]}}],"collection":[{"href":"https:\/\/www.campingdespins.fr\/de\/wp-json\/wp\/v2\/pages"}],"about":[{"href":"https:\/\/www.campingdespins.fr\/de\/wp-json\/wp\/v2\/types\/page"}],"author":[{"embeddable":true,"href":"https:\/\/www.campingdespins.fr\/de\/wp-json\/wp\/v2\/users\/1"}],"replies":[{"embeddable":true,"href":"https:\/\/www.campingdespins.fr\/de\/wp-json\/wp\/v2\/comments?post=8615"}],"version-history":[{"count":16,"href":"https:\/\/www.campingdespins.fr\/de\/wp-json\/wp\/v2\/pages\/8615\/revisions"}],"predecessor-version":[{"id":8774,"href":"https:\/\/www.campingdespins.fr\/de\/wp-json\/wp\/v2\/pages\/8615\/revisions\/8774"}],"up":[{"embeddable":true,"href":"https:\/\/www.campingdespins.fr\/de\/wp-json\/wp\/v2\/pages\/8663"}],"wp:featuredmedia":[{"embeddable":true,"href":"https:\/\/www.campingdespins.fr\/de\/wp-json\/wp\/v2\/media\/6192"}],"wp:attachment":[{"href":"https:\/\/www.campingdespins.fr\/de\/wp-json\/wp\/v2\/media?parent=8615"}],"curies":[{"name":"wp","href":"https:\/\/api.w.org\/{rel}","templated":true}]}}