{"id":8663,"date":"2022-03-01T09:48:55","date_gmt":"2022-03-01T08:48:55","guid":{"rendered":"https:\/\/www.campingdespins.fr\/tourisme-gironde\/"},"modified":"2025-04-24T08:57:33","modified_gmt":"2025-04-24T06:57:33","slug":"tourismus-gironde","status":"publish","type":"page","link":"https:\/\/www.campingdespins.fr\/de\/tourismus-gironde\/","title":{"rendered":"Umgebung: Tourismus Gironde"},"content":{"rendered":"<section id=\"section-621cda5934d88\"\" class=\"section bg-white p-b-0\" \/><div class=\"container extralarge\"><h1 class=\"element section-title center color2\">Entdecken Sie die Gironde<\/h1><div class=\"element bloc-text center \">\n\t<p>Ob f\u00fcr ein <strong>Wochenende zu zweit<\/strong> oder f\u00fcr <strong>Familienurlaub<\/strong> oder mit Freunden, es gibt viele m\u00f6gliche Reiseziele im D\u00e9partement <strong>Gironde<\/strong>. W\u00e4hrend St\u00e4dte wie Bordeaux oder Lacanau zahlreiche Besucher anziehen, verlieben sich viele auch in charmante Orte wie <strong>La Teste-de-Buch<\/strong>, Soulac-sur-Mer oder <strong>L\u00e8ge-Cap-Ferret<\/strong>.<\/p>\n<\/div><\/div><\/section>\n\n<section id=\"section-621cda5935004\"\" class=\"section bg-white\" \/><div class=\"container extralarge\"><div class=\"colonnes-wrap valign-top \"><div class=\"element colonne \"><h2 class=\"element section-title left\">Unsere Top-10-Aktivit\u00e4ten in Gironde<\/h2><div class=\"element bloc-text left \">\n\t<p>Finden Sie unsere Aktivit\u00e4tentipps, um die Gironde w\u00e4hrend Ihres Urlaubs in der Region zu entdecken.<\/p>\n<ul>\n<li>Erlernen Sie Stand-up Paddle in <strong>Lacanau<\/strong>, <strong>Soulac-sur-Mer<\/strong>, <strong>Le Porge<\/strong> oder in jedem anderen Badeort der Gironde;<\/li>\n<li>Erlernen Sie Strandsegeln an der <strong>Atlantikk\u00fcste<\/strong>;<\/li>\n<li>Erlernen Sie <strong>Surfen<\/strong> oder nehmen Sie Unterricht, um Ihre F\u00e4higkeiten zu verbessern;<\/li>\n<li>Genie\u00dfen Sie eine kommentierte Kreuzfahrt, um <a href=\"https:\/\/www.campingdespins.fr\/de\/tourismus-gironde\/bordeaux-tourismus\/\">tourismus Bordeaux<\/a> von der Garonne aus zu entdecken;<\/li>\n<li>Entdecken Sie den <strong>Lac de Lacanau<\/strong> mit dem Boot oder fahren Sie mit dem Fahrrad um den See;<\/li>\n<li>Entdecken Sie eine Vielzahl von Landschaften auf einem Fahrradausflug von <strong>Lacanau<\/strong> aus, zum Beispiel auf der <strong>V\u00e9lodyss\u00e9e<\/strong> in Richtung <strong>Le Porge<\/strong>;<\/li>\n<li>Bummeln Sie durch das historische Zentrum von <strong>Bordeaux<\/strong> und entdecken Sie wunderbare Orte wie das <strong>Museum von Aquitanien<\/strong>, die <strong>Pl\u00e4tze Quinconces<\/strong> und <strong>Com\u00e9die<\/strong> oder den <strong>Prey Berland Turm<\/strong>;<\/li>\n<li>Erkunden Sie die Cit\u00e9 du Vin von Bordeaux;<\/li>\n<li>Genie\u00dfen Sie das Nachtleben von Bordeaux in einer der vielen Bars, Restaurants und Clubs im Stadtviertel Saint-Pierre oder in einem der Lokale entlang des Ufers bei der Paludate-Br\u00fccke, zum Beispiel;<\/li>\n<li>Entdecken Sie die Highlights von <strong>Arcachon<\/strong>, wie die <strong>D\u00fcne von Pilat<\/strong>, die Banc d&#8217;Arguin, die <strong>Vogelinsel<\/strong> und die Notre-Dame-Basilika\u2026<\/li>\n<\/ul>\n<\/div><\/div><div class=\"element colonne \"><div class=\"element images\"><div class=\"image\"><img decoding=\"async\" src=\"https:\/\/www.campingdespins.fr\/wp-content\/uploads\/2022\/03\/activites-gironde-1.png\" data-src=\"https:\/\/www.campingdespins.fr\/wp-content\/uploads\/2022\/03\/activites-gironde-1.png\" alt=\"Atlantikk\u00fcste und Stadt Bordeaux\" class=\"images_image\" \/><\/div><\/div><\/div><\/div><\/div><\/section>\n\n<section id=\"section-621cda59351b9\"\" class=\"section bg-white p-b-0\" \/><div class=\"container full\"><div class=\"accordeon\"><div class=\"slide \"><div class=\"slide_image\"><img decoding=\"async\" src=\"https:\/\/www.campingdespins.fr\/wp-content\/uploads\/2022\/03\/tourisme-gironde-1-91x100.png\" data-src=\"https:\/\/www.campingdespins.fr\/wp-content\/uploads\/2022\/03\/tourisme-gironde-1.png\" alt=\"Strand der gironde\" class=\"\" \/><\/div><\/div><div class=\"slide \"><div class=\"slide_image\"><img decoding=\"async\" src=\"https:\/\/www.campingdespins.fr\/wp-content\/uploads\/2022\/03\/tourisme-gironde-4-84x100.png\" data-src=\"https:\/\/www.campingdespins.fr\/wp-content\/uploads\/2022\/03\/tourisme-gironde-4.png\" alt=\"surfen in lacanau\" class=\"\" \/><\/div><\/div><div class=\"slide \"><div class=\"slide_image\"><img decoding=\"async\" src=\"https:\/\/www.campingdespins.fr\/wp-content\/uploads\/2022\/03\/tourisme-gironde-5-100x66.png\" data-src=\"https:\/\/www.campingdespins.fr\/wp-content\/uploads\/2022\/03\/tourisme-gironde-5.png\" alt=\"park lacanau\" class=\"\" \/><\/div><\/div><div class=\"slide \"><div class=\"slide_image\"><img decoding=\"async\" src=\"https:\/\/www.campingdespins.fr\/wp-content\/uploads\/2022\/03\/tourisme-gironde-7-75x100.png\" data-src=\"https:\/\/www.campingdespins.fr\/wp-content\/uploads\/2022\/03\/tourisme-gironde-7.png\" alt=\"Stand-up-Paddle-See von Lacanau\" class=\"\" \/><\/div><\/div><\/div><\/div><\/section>\n\n<section id=\"section-621cd7648d4be\"\" class=\"section bg-white p-b-0\" \/><div class=\"container extralarge\"><div class=\"colonnes-wrap valign-top \"><div class=\"element colonne \"><div class=\"element images\"><div class=\"image\"><img decoding=\"async\" src=\"https:\/\/www.campingdespins.fr\/wp-content\/uploads\/2022\/03\/tourisme-gironde-2.png\" data-src=\"https:\/\/www.campingdespins.fr\/wp-content\/uploads\/2022\/03\/tourisme-gironde-2.png\" alt=\"familienaktivit\u00e4ten mit ihren kindern in der gironde\" class=\"images_image\" \/><\/div><\/div><\/div><div class=\"element colonne \"><h2 class=\"element section-title left\">Was kann man mit Kindern in der Gironde unternehmen?<\/h2><div class=\"element bloc-text left \">\n\t<p>Die Ideen f\u00fcr Aktivit\u00e4ten, die den J\u00fcngsten in diesem wundersch\u00f6nen D\u00e9partement gefallen, sind zahlreich, wie zum Beispiel im <a href=\"https:\/\/www.campingdespins.fr\/de\/camping-gironde\/camping-gironde-schwimmbad\/\">Camping Gironde mit Pool<\/a>, im <a href=\"https:\/\/www.campingdespins.fr\/de\/\">Campingplatz Soulac sur Mer<\/a> oder beim <a href=\"https:\/\/www.campingdespins.fr\/de\/tourismus-soulac-sur-mer\/\">Tourismus Soulac sur Mer<\/a>.<\/p>\n<ul>\n<li>Besuch des Zoo des Bassin d&#8217;Arcachon in La Teste-de-Buch;<\/li>\n<li>Spaziergang in einem Garten oder Naturpark: <strong>Tierpark Ren\u00e9 Canivenc in Gradignan<\/strong>, <strong>Park Majolan in Blanquefort<\/strong>, <strong>Park Bourran in M\u00e9rignac<\/strong>, der <strong>Botanische Garten von Bordeaux<\/strong>;<\/li>\n<li><strong>Fahrradtour rund um den Lac de Lacanau<\/strong>, entlang des Radwegs Roger Lap\u00e9bie zwischen Latresne und Sauveterre-de-Guyenne, zum Beispiel;<\/li>\n<li>Abfahrt des wilden Flusses La Leyre mit dem <strong>Kanu<\/strong> oder <strong>Kajak<\/strong>;<\/li>\n<li>Genie\u00dfen Sie die sch\u00f6nsten Str\u00e4nde des Atlantiks, wie die in Le Porge, Soulac-sur-Mer oder L\u00e8ge-Cap-Ferret;<\/li>\n<li>Betreiben Sie <strong>Wassersportarten<\/strong> wie Jetski, Kitesurfen, Windsurfen, Tube fahren oder Flyboarding;<\/li>\n<li>Ausflug mit der <strong>kleinen Touristenbahn von Gu\u00eetres<\/strong> in Richtung Marcenais\u2026<\/li>\n<\/ul>\n<\/div><\/div><\/div><\/div><\/section>\n\n<section id=\"section-621cd8dac71d4\"\" class=\"section bg-white\" \/><div class=\"container extralarge\"><div class=\"colonnes-wrap valign-top \"><div class=\"element colonne \"><h2 class=\"element section-title left\">Die unumg\u00e4nglichen St\u00e4dte der Gironde<\/h2><div class=\"element bloc-text left \">\n\t<p>Die Gironde bietet mehrere Reiseziele, in die man sich leicht verliebt. Zu den unvergesslichen Zielen geh\u00f6ren unter anderem:<\/p>\n<ul>\n<li><strong>Bordeaux<\/strong>, eine charmante Stadt, in der man unter anderem die Cit\u00e9 du Vin, das Museum von Aquitanien, den wundersch\u00f6nen Platz Quinconces besuchen kann und die auch f\u00fcr das Ambiente ihrer M\u00e4rkte und das Nachtleben an der Garonne bekannt ist (Quais de la Paludate, Place de la Victoire, Viertel Notre-Dame);<\/li>\n<li><strong>Arcachon<\/strong>, ein sch\u00f6nes Reiseziel, bekannt unter anderem f\u00fcr seine Notre-Dame-Basilika, aber auch f\u00fcr die Tchanqu\u00e9es-H\u00fctten, die D\u00fcne von Pilat, die Ville d&#8217;Hiver, die Vogelinsel\u2026;<\/li>\n<li><strong>Soulac-sur-Mer<\/strong>, eine Stadt mit wundersch\u00f6nen \u00fcberwachten Sandstr\u00e4nden, wo man Wassersportarten (Flyboard, Tube fahren\u2026) nachgehen oder allerlei lustige Aktivit\u00e4ten mit der Familie unternehmen kann (Fahrradtour zwischen Kiefern und D\u00fcnen, Yoga am Strand, Bogenschie\u00dfen\u2026);<\/li>\n<li><strong>Lacanau<\/strong>, ein angenehmes Reiseziel, bekannt unter anderem f\u00fcr seinen See und gesch\u00e4tzt f\u00fcr seine N\u00e4he zum Atlantischen Ozean;<\/li>\n<li><strong>La Teste-de-Buch<\/strong>, eines der sch\u00f6nsten Badeziele im D\u00e9partement\u2026<\/li>\n<\/ul>\n<p>Nutzen Sie Ihren Aufenthalt im Camping des Pins in Gironde f\u00fcr unsere Besichtigungstipps und den <a href=\"https:\/\/www.campingdespins.fr\/de\/tourismus-soulac-sur-mer\/\">Tourismus Soulac sur Mer.<\/a> \ud83d\ude09<\/p>\n<p><a class=\"element bouton in-view animated\" title=\"Entdecken Sie den Campingplatz\" href=\"\/de\/\">Entdecken Sie den Campingplatz in Soulac<\/a><\/p>\n<\/div><\/div><div class=\"element colonne \"><div class=\"element images\"><div class=\"image\"><img decoding=\"async\" src=\"https:\/\/www.campingdespins.fr\/wp-content\/uploads\/2022\/03\/arcachon-bordeaux.png\" data-src=\"https:\/\/www.campingdespins.fr\/wp-content\/uploads\/2022\/03\/arcachon-bordeaux.png\" alt=\"Badeort Arcachon und Stadt Bordeaux\" class=\"images_image\" \/><\/div><\/div><\/div><\/div><\/div><\/section>\n\n<section id=\"section-621e03e96fd0e\"\" class=\"section bg-white\" \/><div class=\"container extralarge\"><h2 class=\"element section-title center\">Andere unumg\u00e4ngliche Orte, die es zu entdecken gilt<\/h2><ul class=\"liste-de-page\"><li class=\"element call-to-action carre call-to-action--style-1 call-to-action--big\"><a href=\"https:\/\/www.campingdespins.fr\/de\/camping-gironde\/tourismus-medoc\/\"  class=\"call-to-action_link\" title=\"En savoir plus sur das medoc\"><div class=\"call-to-action_image\"><img decoding=\"async\" src=\"https:\/\/www.campingdespins.fr\/wp-content\/uploads\/2021\/05\/gironde-vignoble.jpg\" data-src=\"https:\/\/www.campingdespins.fr\/wp-content\/uploads\/2021\/05\/gironde-vignoble.jpg\" alt=\"gironde vignoble\" class=\"big\" \/><\/div><div class=\"call-to-action_contenu\"><div class=\"call-to-action_titre\">Das Medoc<\/div><\/div><\/a><\/li><li class=\"element call-to-action carre call-to-action--style-1 call-to-action--big call-to-action--style-1 call-to-action--big\"><a href=\"https:\/\/www.campingdespins.fr\/de\/tourismus-soulac-sur-mer\/\"  class=\"call-to-action_link\" title=\"En savoir plus sur soulac-sur-mer\"><div class=\"call-to-action_image\"><img decoding=\"async\" src=\"https:\/\/www.campingdespins.fr\/wp-content\/uploads\/2021\/04\/soulac-plage.jpg\" data-src=\"https:\/\/www.campingdespins.fr\/wp-content\/uploads\/2021\/04\/soulac-plage.jpg\" alt=\"soulac plage\" class=\"big\" \/><\/div><div class=\"call-to-action_contenu\"><div class=\"call-to-action_titre\">Soulac-sur-Mer<\/div><\/div><\/a><\/li><li class=\"element call-to-action carre call-to-action--style-1 call-to-action--big call-to-action--style-1 call-to-action--big call-to-action--style-1 call-to-action--big\"><a href=\"https:\/\/www.campingdespins.fr\/de\/tourismus-gironde\/tourismus-lacanau\/\"  class=\"call-to-action_link\" title=\"En savoir plus sur lacanau\"><div class=\"call-to-action_image\"><img decoding=\"async\" src=\"https:\/\/www.campingdespins.fr\/wp-content\/uploads\/2022\/03\/tourisme-gironde-4-84x100.png\" data-src=\"https:\/\/www.campingdespins.fr\/wp-content\/uploads\/2022\/03\/tourisme-gironde-4.png\" alt=\"surfen in lacanau\" class=\"big\" \/><\/div><div class=\"call-to-action_contenu\"><div class=\"call-to-action_titre\">Lacanau<\/div><\/div><\/a><\/li><\/ul><\/div><\/section>","protected":false},"excerpt":{"rendered":"","protected":false},"author":1,"featured_media":6154,"parent":0,"menu_order":0,"comment_status":"closed","ping_status":"closed","template":"","meta":{"_acf_changed":false,"footnotes":""},"class_list":["post-8663","page","type-page","status-publish","has-post-thumbnail","hentry"],"acf":[],"yoast_head":"<!-- This site is optimized with the Yoast SEO plugin v25.8 - https:\/\/yoast.com\/wordpress\/plugins\/seo\/ -->\n<title>Tourismus Gironde, Frankreich in der N\u00e4he des Ozeans<\/title>\n<meta name=\"description\" content=\"Entdecken Sie die Gironde und die Aktivit\u00e4ten und wichtigen St\u00e4dte, die Sie w\u00e4hrend Ihres Aufenthalts in S\u00fcdfrankreich sehen sollten!\" \/>\n<meta name=\"robots\" content=\"index, follow, max-snippet:-1, max-image-preview:large, max-video-preview:-1\" \/>\n<link rel=\"canonical\" href=\"https:\/\/www.campingdespins.fr\/de\/tourismus-gironde\/\" \/>\n<meta property=\"og:locale\" content=\"de_DE\" \/>\n<meta property=\"og:type\" content=\"article\" \/>\n<meta property=\"og:title\" content=\"Tourismus Gironde, Frankreich in der N\u00e4he des Ozeans\" \/>\n<meta property=\"og:description\" content=\"Entdecken Sie die Gironde und die Aktivit\u00e4ten und wichtigen St\u00e4dte, die Sie w\u00e4hrend Ihres Aufenthalts in S\u00fcdfrankreich sehen sollten!\" \/>\n<meta property=\"og:url\" content=\"https:\/\/www.campingdespins.fr\/de\/tourismus-gironde\/\" \/>\n<meta property=\"og:site_name\" content=\"Camping des Pins\" \/>\n<meta property=\"article:modified_time\" content=\"2025-04-24T06:57:33+00:00\" \/>\n<meta property=\"og:image\" content=\"https:\/\/www.campingdespins.fr\/wp-content\/uploads\/2022\/03\/tourisme-gironde-3.png\" \/>\n\t<meta property=\"og:image:width\" content=\"562\" \/>\n\t<meta property=\"og:image:height\" content=\"703\" \/>\n\t<meta property=\"og:image:type\" content=\"image\/png\" \/>\n<meta name=\"twitter:card\" content=\"summary_large_image\" \/>\n<meta name=\"twitter:label1\" content=\"Gesch\u00e4tzte Lesezeit\" \/>\n\t<meta name=\"twitter:data1\" content=\"1\u00a0Minute\" \/>\n<script type=\"application\/ld+json\" class=\"yoast-schema-graph\">{\"@context\":\"https:\/\/schema.org\",\"@graph\":[{\"@type\":\"WebPage\",\"@id\":\"https:\/\/www.campingdespins.fr\/de\/tourismus-gironde\/\",\"url\":\"https:\/\/www.campingdespins.fr\/de\/tourismus-gironde\/\",\"name\":\"Tourismus Gironde, Frankreich in der N\u00e4he des Ozeans\",\"isPartOf\":{\"@id\":\"https:\/\/www.campingdespins.fr\/de\/#website\"},\"primaryImageOfPage\":{\"@id\":\"https:\/\/www.campingdespins.fr\/de\/tourismus-gironde\/#primaryimage\"},\"image\":{\"@id\":\"https:\/\/www.campingdespins.fr\/de\/tourismus-gironde\/#primaryimage\"},\"thumbnailUrl\":\"https:\/\/www.campingdespins.fr\/wp-content\/uploads\/2022\/03\/tourisme-gironde-3.png\",\"datePublished\":\"2022-03-01T08:48:55+00:00\",\"dateModified\":\"2025-04-24T06:57:33+00:00\",\"description\":\"Entdecken Sie die Gironde und die Aktivit\u00e4ten und wichtigen St\u00e4dte, die Sie w\u00e4hrend Ihres Aufenthalts in S\u00fcdfrankreich sehen sollten!\",\"breadcrumb\":{\"@id\":\"https:\/\/www.campingdespins.fr\/de\/tourismus-gironde\/#breadcrumb\"},\"inLanguage\":\"de\",\"potentialAction\":[{\"@type\":\"ReadAction\",\"target\":[\"https:\/\/www.campingdespins.fr\/de\/tourismus-gironde\/\"]}]},{\"@type\":\"ImageObject\",\"inLanguage\":\"de\",\"@id\":\"https:\/\/www.campingdespins.fr\/de\/tourismus-gironde\/#primaryimage\",\"url\":\"https:\/\/www.campingdespins.fr\/wp-content\/uploads\/2022\/03\/tourisme-gironde-3.png\",\"contentUrl\":\"https:\/\/www.campingdespins.fr\/wp-content\/uploads\/2022\/03\/tourisme-gironde-3.png\",\"width\":562,\"height\":703,\"caption\":\"strand der gironde\"},{\"@type\":\"BreadcrumbList\",\"@id\":\"https:\/\/www.campingdespins.fr\/de\/tourismus-gironde\/#breadcrumb\",\"itemListElement\":[{\"@type\":\"ListItem\",\"position\":1,\"name\":\"Camping Soulac sur Mer\",\"item\":\"https:\/\/www.campingdespins.fr\/de\/\"},{\"@type\":\"ListItem\",\"position\":2,\"name\":\"Tourismus Gironde\"}]},{\"@type\":\"WebSite\",\"@id\":\"https:\/\/www.campingdespins.fr\/de\/#website\",\"url\":\"https:\/\/www.campingdespins.fr\/de\/\",\"name\":\"Camping des Pins\",\"description\":\"\",\"publisher\":{\"@id\":\"https:\/\/www.campingdespins.fr\/de\/#organization\"},\"potentialAction\":[{\"@type\":\"SearchAction\",\"target\":{\"@type\":\"EntryPoint\",\"urlTemplate\":\"https:\/\/www.campingdespins.fr\/de\/?s={search_term_string}\"},\"query-input\":{\"@type\":\"PropertyValueSpecification\",\"valueRequired\":true,\"valueName\":\"search_term_string\"}}],\"inLanguage\":\"de\"},{\"@type\":\"Organization\",\"@id\":\"https:\/\/www.campingdespins.fr\/de\/#organization\",\"name\":\"Camping des pins Soulac\",\"url\":\"https:\/\/www.campingdespins.fr\/de\/\",\"logo\":{\"@type\":\"ImageObject\",\"inLanguage\":\"de\",\"@id\":\"https:\/\/www.campingdespins.fr\/de\/#\/schema\/logo\/image\/\",\"url\":\"https:\/\/www.campingdespins.fr\/wp-content\/uploads\/2021\/03\/camping-pin-soulac-logo.png\",\"contentUrl\":\"https:\/\/www.campingdespins.fr\/wp-content\/uploads\/2021\/03\/camping-pin-soulac-logo.png\",\"width\":200,\"height\":212,\"caption\":\"Camping des pins Soulac\"},\"image\":{\"@id\":\"https:\/\/www.campingdespins.fr\/de\/#\/schema\/logo\/image\/\"}}]}<\/script>\n<!-- \/ Yoast SEO plugin. -->","yoast_head_json":{"title":"Tourismus Gironde, Frankreich in der N\u00e4he des Ozeans","description":"Entdecken Sie die Gironde und die Aktivit\u00e4ten und wichtigen St\u00e4dte, die Sie w\u00e4hrend Ihres Aufenthalts in S\u00fcdfrankreich sehen sollten!","robots":{"index":"index","follow":"follow","max-snippet":"max-snippet:-1","max-image-preview":"max-image-preview:large","max-video-preview":"max-video-preview:-1"},"canonical":"https:\/\/www.campingdespins.fr\/de\/tourismus-gironde\/","og_locale":"de_DE","og_type":"article","og_title":"Tourismus Gironde, Frankreich in der N\u00e4he des Ozeans","og_description":"Entdecken Sie die Gironde und die Aktivit\u00e4ten und wichtigen St\u00e4dte, die Sie w\u00e4hrend Ihres Aufenthalts in S\u00fcdfrankreich sehen sollten!","og_url":"https:\/\/www.campingdespins.fr\/de\/tourismus-gironde\/","og_site_name":"Camping des Pins","article_modified_time":"2025-04-24T06:57:33+00:00","og_image":[{"width":562,"height":703,"url":"https:\/\/www.campingdespins.fr\/wp-content\/uploads\/2022\/03\/tourisme-gironde-3.png","type":"image\/png"}],"twitter_card":"summary_large_image","twitter_misc":{"Gesch\u00e4tzte Lesezeit":"1\u00a0Minute"},"schema":{"@context":"https:\/\/schema.org","@graph":[{"@type":"WebPage","@id":"https:\/\/www.campingdespins.fr\/de\/tourismus-gironde\/","url":"https:\/\/www.campingdespins.fr\/de\/tourismus-gironde\/","name":"Tourismus Gironde, Frankreich in der N\u00e4he des Ozeans","isPartOf":{"@id":"https:\/\/www.campingdespins.fr\/de\/#website"},"primaryImageOfPage":{"@id":"https:\/\/www.campingdespins.fr\/de\/tourismus-gironde\/#primaryimage"},"image":{"@id":"https:\/\/www.campingdespins.fr\/de\/tourismus-gironde\/#primaryimage"},"thumbnailUrl":"https:\/\/www.campingdespins.fr\/wp-content\/uploads\/2022\/03\/tourisme-gironde-3.png","datePublished":"2022-03-01T08:48:55+00:00","dateModified":"2025-04-24T06:57:33+00:00","description":"Entdecken Sie die Gironde und die Aktivit\u00e4ten und wichtigen St\u00e4dte, die Sie w\u00e4hrend Ihres Aufenthalts in S\u00fcdfrankreich sehen sollten!","breadcrumb":{"@id":"https:\/\/www.campingdespins.fr\/de\/tourismus-gironde\/#breadcrumb"},"inLanguage":"de","potentialAction":[{"@type":"ReadAction","target":["https:\/\/www.campingdespins.fr\/de\/tourismus-gironde\/"]}]},{"@type":"ImageObject","inLanguage":"de","@id":"https:\/\/www.campingdespins.fr\/de\/tourismus-gironde\/#primaryimage","url":"https:\/\/www.campingdespins.fr\/wp-content\/uploads\/2022\/03\/tourisme-gironde-3.png","contentUrl":"https:\/\/www.campingdespins.fr\/wp-content\/uploads\/2022\/03\/tourisme-gironde-3.png","width":562,"height":703,"caption":"strand der gironde"},{"@type":"BreadcrumbList","@id":"https:\/\/www.campingdespins.fr\/de\/tourismus-gironde\/#breadcrumb","itemListElement":[{"@type":"ListItem","position":1,"name":"Camping Soulac sur Mer","item":"https:\/\/www.campingdespins.fr\/de\/"},{"@type":"ListItem","position":2,"name":"Tourismus Gironde"}]},{"@type":"WebSite","@id":"https:\/\/www.campingdespins.fr\/de\/#website","url":"https:\/\/www.campingdespins.fr\/de\/","name":"Camping des Pins","description":"","publisher":{"@id":"https:\/\/www.campingdespins.fr\/de\/#organization"},"potentialAction":[{"@type":"SearchAction","target":{"@type":"EntryPoint","urlTemplate":"https:\/\/www.campingdespins.fr\/de\/?s={search_term_string}"},"query-input":{"@type":"PropertyValueSpecification","valueRequired":true,"valueName":"search_term_string"}}],"inLanguage":"de"},{"@type":"Organization","@id":"https:\/\/www.campingdespins.fr\/de\/#organization","name":"Camping des pins Soulac","url":"https:\/\/www.campingdespins.fr\/de\/","logo":{"@type":"ImageObject","inLanguage":"de","@id":"https:\/\/www.campingdespins.fr\/de\/#\/schema\/logo\/image\/","url":"https:\/\/www.campingdespins.fr\/wp-content\/uploads\/2021\/03\/camping-pin-soulac-logo.png","contentUrl":"https:\/\/www.campingdespins.fr\/wp-content\/uploads\/2021\/03\/camping-pin-soulac-logo.png","width":200,"height":212,"caption":"Camping des pins Soulac"},"image":{"@id":"https:\/\/www.campingdespins.fr\/de\/#\/schema\/logo\/image\/"}}]}},"_links":{"self":[{"href":"https:\/\/www.campingdespins.fr\/de\/wp-json\/wp\/v2\/pages\/8663","targetHints":{"allow":["GET"]}}],"collection":[{"href":"https:\/\/www.campingdespins.fr\/de\/wp-json\/wp\/v2\/pages"}],"about":[{"href":"https:\/\/www.campingdespins.fr\/de\/wp-json\/wp\/v2\/types\/page"}],"author":[{"embeddable":true,"href":"https:\/\/www.campingdespins.fr\/de\/wp-json\/wp\/v2\/users\/1"}],"replies":[{"embeddable":true,"href":"https:\/\/www.campingdespins.fr\/de\/wp-json\/wp\/v2\/comments?post=8663"}],"version-history":[{"count":19,"href":"https:\/\/www.campingdespins.fr\/de\/wp-json\/wp\/v2\/pages\/8663\/revisions"}],"predecessor-version":[{"id":8757,"href":"https:\/\/www.campingdespins.fr\/de\/wp-json\/wp\/v2\/pages\/8663\/revisions\/8757"}],"wp:featuredmedia":[{"embeddable":true,"href":"https:\/\/www.campingdespins.fr\/de\/wp-json\/wp\/v2\/media\/6154"}],"wp:attachment":[{"href":"https:\/\/www.campingdespins.fr\/de\/wp-json\/wp\/v2\/media?parent=8663"}],"curies":[{"name":"wp","href":"https:\/\/api.w.org\/{rel}","templated":true}]}}